{"id":84355,"date":"2019-11-13T12:28:25","date_gmt":"2019-11-13T12:28:25","guid":{"rendered":"https:\/\/ahg2-334f0b.ingress-alpha.easywp.com\/?page_id=84355"},"modified":"2025-08-21T14:21:06","modified_gmt":"2025-08-21T14:21:06","slug":"bauer-academy-moncton","status":"publish","type":"page","link":"https:\/\/atlantichockeygroup.com\/fr\/on-ice-training\/bauer-academy-moncton\/","title":{"rendered":"Acad\u00e9mie Bauer Moncton"},"content":{"rendered":"<div class=\"wpb-content-wrapper\"><div data-parent=\"true\" class=\"vc_row row-container\" id=\"row-unique-0\"><div class=\"row-background background-element\">\n\t\t\t\t\t\t\t\t\t\t\t<div class=\"background-wrapper\">\n\t\t\t\t\t\t\t\t\t\t\t\t<div class=\"background-inner\" style=\"background-image: url(https:\/\/atlantichockeygroup.com\/wp-content\/uploads\/2019\/11\/44112835_1876225042462406_9040669552626630656_o-1024x768.jpg);background-repeat: no-repeat;background-position: center center;background-attachment: scroll;background-size: cover;\"><\/div>\n\t\t\t\t\t\t\t\t\t\t\t\t<div class=\"block-bg-overlay style-color-wayh-bg\" style=\"opacity: 0.5;\"><\/div>\n\t\t\t\t\t\t\t\t\t\t\t<\/div>\n\t\t\t\t\t\t\t\t\t\t<\/div><div class=\"row triple-top-padding triple-bottom-padding single-h-padding limit-width row-parent\" data-height-ratio=\"60\"><div class=\"wpb_row row-inner\"><div class=\"wpb_column pos-middle pos-center align_center column_parent col-lg-12 double-internal-gutter\"><div class=\"uncol style-light\"  ><div class=\"uncoltable\"><div class=\"uncell no-block-padding\" ><div class=\"uncont\" ><div class=\"vc_custom_heading_wrap\"><div class=\"heading-text el-text curtain animate_inner_when_almost_visible el-text-split\" data-interval=\"200\"><h2 class=\"fontsize-445851 fontspace-781688 font-weight-900 text-color-xsdn-color font-obs\" data-style=\"normal\" data-weight=\"900\" data-font=\"Roboto\"><span class=\"heading-text-inner\"><span class=\"split-word word1\"><span class=\"split-word-flow\"><span class=\"split-word-inner\">BAUER<\/span><\/span><\/span><span class=\"split-word word2\"><span class=\"split-word-flow\"><span class=\"split-word-inner split-empty-inner\"><span class=\"split-word-empty\">&nbsp;<\/span>ACAD\u00c9MIE<\/span><\/span><\/span><span class=\"split-word word3\"><span class=\"split-word-flow\"><span class=\"split-word-inner split-empty-inner\"><span class=\"split-word-empty\">&nbsp;<\/span>MONCTON<\/span><\/span><\/span><\/span><\/h2><\/div><div class=\"clear\"><\/div><\/div><\/div><\/div><\/div><\/div><\/div><script id=\"script-row-unique-0\" data-row=\"script-row-unique-0\" type=\"text\/javascript\" class=\"vc_controls\">UNCODE.initRow(document.getElementById(\"row-unique-0\"));<\/script><\/div><\/div><\/div><div data-parent=\"true\" class=\"vc_row row-container\" id=\"row-unique-1\"><div class=\"row double-top-padding single-bottom-padding single-h-padding limit-width row-parent\"><div class=\"wpb_row row-inner\"><div class=\"wpb_column pos-top pos-center align_left column_parent col-lg-12 double-internal-gutter\"><div class=\"uncol style-light\"  ><div class=\"uncoltable\"><div class=\"uncell no-block-padding\" ><div class=\"uncont\" ><div class=\"vc_row row-internal row-container\"><div class=\"row col-double-gutter row-child\"><div class=\"wpb_row row-inner\"><div class=\"wpb_column pos-top pos-center align_center column_child col-lg-12 one-internal-gutter\"><div class=\"uncol style-light\" ><div class=\"uncoltable\"><div class=\"uncell no-block-padding\" ><div class=\"uncont\" style=\" max-width:1200px;\" ><div class=\"vc_custom_heading_wrap\"><div class=\"heading-text el-text curtain animate_inner_when_almost_visible el-text-split\" data-interval=\"200\"><h2 class=\"fontsize-338686 fontspace-781688 font-weight-900 font-obs translation-block\" data-style=\"normal\" data-weight=\"900\" data-font=\"Roboto\"><span class=\"heading-text-inner\"><span class=\"heading-line-wrap\"><span class=\"split-word word1\" style=\"z-index: 4\"><span class=\"split-word-flow\"><span class=\"split-word-inner animate_when_parent_almost_visible text-bottom-t-top start_animation\" data-delay=\"0\" data-speed=\"400\">Une<\/span><\/span><\/span><span class=\"split-word word2\" style=\"z-index: 3\"><span class=\"split-word-flow\"><span class=\"split-word-inner split-empty-inner animate_when_parent_almost_visible text-bottom-t-top start_animation\" data-delay=\"0\" data-speed=\"400\"><span class=\"split-word-empty\">\u00a0<\/span>Exp\u00e9rience<\/span><\/span><\/span><span class=\"split-word word3\" style=\"z-index: 2\"><span class=\"split-word-flow\"><span class=\"split-word-inner split-empty-inner animate_when_parent_almost_visible text-bottom-t-top start_animation\" data-delay=\"0\" data-speed=\"400\"><span class=\"split-word-empty\">\u00a0<\/span>de Formation<\/span><\/span><\/span><span class=\"split-word word4\" style=\"z-index: 1\"><span class=\"split-word-flow\"><span class=\"split-word-inner split-empty-inner animate_when_parent_almost_visible text-bottom-t-top anim-tot-checker start_animation\" data-delay=\"0\" data-speed=\"400\"><span class=\"split-word-empty\">\u00a0<\/span>d'\u00e9lite<\/span><\/span><\/span><\/span><\/span><\/h2><\/div><div class=\"clear\"><\/div><\/div><\/div><\/div><\/div><\/div><\/div><\/div><\/div><\/div><\/div><\/div><\/div><\/div><\/div><script id=\"script-row-unique-1\" data-row=\"script-row-unique-1\" type=\"text\/javascript\" class=\"vc_controls\">UNCODE.initRow(document.getElementById(\"row-unique-1\"));<\/script><\/div><\/div><\/div><div data-parent=\"true\" class=\"vc_row row-container\" id=\"row-unique-2\"><div class=\"row unequal single-top-padding single-bottom-padding no-h-padding full-width row-parent\"><div class=\"wpb_row row-inner\"><div class=\"wpb_column pos-middle pos-center align_center align_center_mobile column_parent col-lg-12 col-md-50 single-internal-gutter\"><div class=\"uncol style-light animate_when_almost_visible right-t-left\"  data-delay=\"200\"><div class=\"uncoltable\"><div class=\"uncell\" ><div class=\"uncont one-block-padding col-custom-width\" style=\" max-width:70%;\" ><div class=\"vc_custom_heading_wrap\"><div class=\"heading-text el-text curtain animate_inner_when_almost_visible el-text-split\" data-interval=\"200\"><h2 class=\"fontsize-155944 fontspace-781688 font-weight-900 font-obs\" data-style=\"normal\" data-weight=\"900\" data-font=\"Roboto\"><span class=\"heading-text-inner\"><span class=\"split-word word1\"><span class=\"split-word-flow\"><span class=\"split-word-inner\">2025-2026<\/span><\/span><\/span><span class=\"split-word word2\"><span class=\"split-word-flow\"><span class=\"split-word-inner split-empty-inner\"><span class=\"split-word-empty\">&nbsp;<\/span>Programme<\/span><\/span><\/span><\/span><\/h2><\/div><div class=\"clear\"><\/div><\/div><div class=\"vc_custom_heading_wrap\"><div class=\"heading-text el-text\" ><h3 class=\"font-156269 h3 font-weight-300 text-color-prif-color\" ><span>L&#039;Acad\u00e9mie de hockey BAUER de Moncton (2025-2026) offrira des programmes d&#039;entra\u00eenement hivernal sur glace pour les niveaux U7 \u00e0 U15. L&#039;objectif ultime de nos programmes sera d&#039;offrir une structure et un environnement propices \u00e0 stimuler nos \u00e9l\u00e8ves et \u00e0 les aider \u00e0 atteindre un niveau sup\u00e9rieur.<\/span><\/h3><\/div><div class=\"clear\"><\/div><\/div><\/div><\/div><\/div><\/div><\/div><script id=\"script-row-unique-2\" data-row=\"script-row-unique-2\" type=\"text\/javascript\" class=\"vc_controls\">UNCODE.initRow(document.getElementById(\"row-unique-2\"));<\/script><\/div><\/div><\/div><div data-parent=\"true\" class=\"vc_row row-container\" id=\"row-unique-3\"><div class=\"row unequal single-top-padding single-bottom-padding no-h-padding full-width row-parent\"><div class=\"wpb_row row-inner\"><div class=\"wpb_column pos-middle pos-center align_center align_center_mobile column_parent col-lg-12 col-md-50 single-internal-gutter\"><div class=\"uncol style-light animate_when_almost_visible right-t-left\"  data-delay=\"200\"><div class=\"uncoltable\"><div class=\"uncell\" ><div class=\"uncont single-block-padding col-custom-width\" style=\" max-width:70%;\" ><div class=\"vc_custom_heading_wrap\"><div class=\"heading-text el-text curtain animate_inner_when_almost_visible el-text-split\" data-interval=\"200\"><h2 class=\"fontsize-155944 fontspace-781688 font-weight-900 font-obs\" data-style=\"normal\" data-weight=\"900\" data-font=\"Roboto\"><span class=\"heading-text-inner\"><span class=\"split-word word1\"><span class=\"split-word-flow\"><span class=\"split-word-inner\">Format<\/span><\/span><\/span><\/span><\/h2><\/div><div class=\"clear\"><\/div><\/div><div class=\"vc_custom_heading_wrap\"><div class=\"heading-text el-text\" ><h3 class=\"font-156269 h3 font-weight-300 text-color-prif-color\" ><span>Le programme des s\u00e9ances d&#039;entra\u00eenement sera supervis\u00e9 par Nick Smith (directeur des op\u00e9rations hockey de l&#039;AHG), anim\u00e9 par Nick Smith, Danielle Alexander, Fabian Joseph, Lloyd Watling, Charlie Bourgeois et d&#039;autres. Les s\u00e9ances comprendront un entra\u00eenement \u00e0 toutes les habilet\u00e9s individuelles. Des jeux en petits espaces, notamment des postes de combat, seront \u00e9galement propos\u00e9s.<\/p><\/span><span><p>&nbsp;<\/p><\/span><span><p>L'Acad\u00e9mie proposera une s\u00e9ance de 60 minutes par semaine au Moncton Greenfoot Energy 4-Plex, au Coliseum ainsi qu'au Centre Avenir. Le programme d\u00e9butera \u00e0 la mi-octobre et se terminera en mars. L'horaire a \u00e9t\u00e9 con\u00e7u pour \u00e9viter les conflits avec les diff\u00e9rentes associations de hockey mineur.<\/span><\/h3><\/div><div class=\"clear\"><\/div><\/div><\/div><\/div><\/div><\/div><\/div><script id=\"script-row-unique-3\" data-row=\"script-row-unique-3\" type=\"text\/javascript\" class=\"vc_controls\">UNCODE.initRow(document.getElementById(\"row-unique-3\"));<\/script><\/div><\/div><\/div><div data-parent=\"true\" class=\"vc_row style-accent-bg row-container\" id=\"row-unique-4\"><div class=\"row unequal single-top-padding triple-bottom-padding no-h-padding full-width row-parent\"><div class=\"wpb_row row-inner\"><div class=\"wpb_column pos-middle pos-center align_center align_center_mobile column_parent col-lg-12 col-md-50 single-internal-gutter\"><div class=\"uncol style-light animate_when_almost_visible right-t-left\"  data-delay=\"200\"><div class=\"uncoltable\"><div class=\"uncell\" ><div class=\"uncont single-block-padding col-custom-width\" style=\" max-width:70%;\" ><div class=\"vc_custom_heading_wrap\"><div class=\"heading-text el-text curtain animate_inner_when_almost_visible el-text-split\" data-interval=\"200\"><h2 class=\"fontsize-155944 fontspace-781688 font-weight-900 text-color-xsdn-color font-obs\" data-style=\"normal\" data-weight=\"900\" data-font=\"Roboto\"><span class=\"heading-text-inner\"><span class=\"split-word word1\"><span class=\"split-word-flow\"><span class=\"split-word-inner\">Bauer<\/span><\/span><\/span><span class=\"split-word word2\"><span class=\"split-word-flow\"><span class=\"split-word-inner split-empty-inner\"><span class=\"split-word-empty\">&nbsp;<\/span>Acad\u00e9mie<\/span><\/span><\/span><span class=\"split-word word3\"><span class=\"split-word-flow\"><span class=\"split-word-inner split-empty-inner\"><span class=\"split-word-empty\">&nbsp;<\/span>Photos<\/span><\/span><\/span><\/span><\/h2><\/div><div class=\"clear\"><\/div><\/div><div class=\"un-media-gallery owl-carousel-wrapper\">\n\t\t\n\t\n\t<div class=\"owl-carousel-container owl-carousel-loading single-gutter\" >\n\t\t\t\t\t\t\t\t\t<div id=\"gallery-206330\" class=\"owl-carousel owl-element owl-height-equal\" data-navmobile=\"false\" data-navspeed=\"400\" data-autoplay=\"true\" data-timeout=\"3000\" data-stagepadding=\"0\" data-lg=\"3\" data-md=\"3\" data-sm=\"1\">\n<div class=\"tmb tmb-carousel tmb-iso-h4 tmb-light tmb-overlay-text-anim tmb-overlay-anim tmb-overlay-middle tmb-overlay-text-left tmb-image-anim tmb-bordered tmb-id-84975  tmb-media-first tmb-media-last tmb-content-overlay tmb-no-bg tmb-lightbox\" ><div class=\"t-inside no-anim\" ><div class=\"t-entry-visual\"><div class=\"t-entry-visual-tc\"><div class=\"t-entry-visual-cont\"><div class=\"dummy\" style=\"padding-top: 75%;\"><\/div><a href=\"https:\/\/atlantichockeygroup.com\/wp-content\/uploads\/2019\/11\/44112835_1876225042462406_9040669552626630656_o-1024x768.jpg\"  class=\"pushed\" data-active=\"1\" data-lbox=\"ilightbox_gallery-206330\" data-options=\"width:1024,height:768,thumbnail: 'https:\/\/atlantichockeygroup.com\/wp-content\/uploads\/2019\/11\/44112835_1876225042462406_9040669552626630656_o-1024x768-300x225.jpg'\" data-lb-index=\"0\"><div class=\"t-entry-visual-overlay\"><div class=\"t-entry-visual-overlay-in style-dark-bg\" style=\"opacity: 0.5;\"><\/div><\/div><img decoding=\"async\" class=\"wp-image-84975\" src=\"https:\/\/atlantichockeygroup.com\/wp-content\/uploads\/2019\/11\/44112835_1876225042462406_9040669552626630656_o-1024x768.jpg\" width=\"1024\" height=\"768\" alt=\"\" srcset=\"https:\/\/atlantichockeygroup.com\/wp-content\/uploads\/2019\/11\/44112835_1876225042462406_9040669552626630656_o-1024x768.jpg 1024w, https:\/\/atlantichockeygroup.com\/wp-content\/uploads\/2019\/11\/44112835_1876225042462406_9040669552626630656_o-1024x768-300x225.jpg 300w, https:\/\/atlantichockeygroup.com\/wp-content\/uploads\/2019\/11\/44112835_1876225042462406_9040669552626630656_o-1024x768-768x576.jpg 768w, https:\/\/atlantichockeygroup.com\/wp-content\/uploads\/2019\/11\/44112835_1876225042462406_9040669552626630656_o-1024x768-600x450.jpg 600w\" sizes=\"(max-width: 1024px) 100vw, 1024px\" \/><\/a><\/div>\n\t\t\t\t\t<\/div>\n\t\t\t\t<\/div><\/div><\/div><div class=\"tmb tmb-carousel tmb-iso-h4 tmb-light tmb-overlay-text-anim tmb-overlay-anim tmb-overlay-middle tmb-overlay-text-left tmb-image-anim tmb-bordered tmb-id-84977  tmb-media-first tmb-media-last tmb-content-overlay tmb-no-bg tmb-lightbox\" ><div class=\"t-inside no-anim\" ><div class=\"t-entry-visual\"><div class=\"t-entry-visual-tc\"><div class=\"t-entry-visual-cont\"><div class=\"dummy\" style=\"padding-top: 75%;\"><\/div><a href=\"https:\/\/atlantichockeygroup.com\/wp-content\/uploads\/2019\/11\/44128935_1876224985795745_491594522111770624_o.jpg\"  class=\"pushed\" data-active=\"1\" data-lbox=\"ilightbox_gallery-206330\" data-options=\"width:2048,height:1536,thumbnail: 'https:\/\/atlantichockeygroup.com\/wp-content\/uploads\/2019\/11\/44128935_1876224985795745_491594522111770624_o-300x225.jpg'\" data-lb-index=\"1\"><div class=\"t-entry-visual-overlay\"><div class=\"t-entry-visual-overlay-in style-dark-bg\" style=\"opacity: 0.5;\"><\/div><\/div><img decoding=\"async\" class=\"wp-image-84977\" src=\"https:\/\/atlantichockeygroup.com\/wp-content\/uploads\/2019\/11\/44128935_1876224985795745_491594522111770624_o.jpg\" width=\"2048\" height=\"1536\" alt=\"\" srcset=\"https:\/\/atlantichockeygroup.com\/wp-content\/uploads\/2019\/11\/44128935_1876224985795745_491594522111770624_o.jpg 2048w, https:\/\/atlantichockeygroup.com\/wp-content\/uploads\/2019\/11\/44128935_1876224985795745_491594522111770624_o-300x225.jpg 300w, https:\/\/atlantichockeygroup.com\/wp-content\/uploads\/2019\/11\/44128935_1876224985795745_491594522111770624_o-1024x768.jpg 1024w, https:\/\/atlantichockeygroup.com\/wp-content\/uploads\/2019\/11\/44128935_1876224985795745_491594522111770624_o-768x576.jpg 768w, https:\/\/atlantichockeygroup.com\/wp-content\/uploads\/2019\/11\/44128935_1876224985795745_491594522111770624_o-1536x1152.jpg 1536w, https:\/\/atlantichockeygroup.com\/wp-content\/uploads\/2019\/11\/44128935_1876224985795745_491594522111770624_o-600x450.jpg 600w\" sizes=\"(max-width: 2048px) 100vw, 2048px\" \/><\/a><\/div>\n\t\t\t\t\t<\/div>\n\t\t\t\t<\/div><\/div><\/div><div class=\"tmb tmb-carousel tmb-iso-h4 tmb-light tmb-overlay-text-anim tmb-overlay-anim tmb-overlay-middle tmb-overlay-text-left tmb-image-anim tmb-bordered tmb-id-84979  tmb-media-first tmb-media-last tmb-content-overlay tmb-no-bg tmb-lightbox\" ><div class=\"t-inside no-anim\" ><div class=\"t-entry-visual\"><div class=\"t-entry-visual-tc\"><div class=\"t-entry-visual-cont\"><div class=\"dummy\" style=\"padding-top: 75%;\"><\/div><a href=\"https:\/\/atlantichockeygroup.com\/wp-content\/uploads\/2019\/11\/44286383_1876225129129064_6555213935966945280_o-1024x768.jpg\"  class=\"pushed\" data-active=\"1\" data-lbox=\"ilightbox_gallery-206330\" data-options=\"width:1024,height:768,thumbnail: 'https:\/\/atlantichockeygroup.com\/wp-content\/uploads\/2019\/11\/44286383_1876225129129064_6555213935966945280_o-1024x768-300x225.jpg'\" data-lb-index=\"2\"><div class=\"t-entry-visual-overlay\"><div class=\"t-entry-visual-overlay-in style-dark-bg\" style=\"opacity: 0.5;\"><\/div><\/div><img decoding=\"async\" class=\"wp-image-84979\" src=\"https:\/\/atlantichockeygroup.com\/wp-content\/uploads\/2019\/11\/44286383_1876225129129064_6555213935966945280_o-1024x768.jpg\" width=\"1024\" height=\"768\" alt=\"\" srcset=\"https:\/\/atlantichockeygroup.com\/wp-content\/uploads\/2019\/11\/44286383_1876225129129064_6555213935966945280_o-1024x768.jpg 1024w, https:\/\/atlantichockeygroup.com\/wp-content\/uploads\/2019\/11\/44286383_1876225129129064_6555213935966945280_o-1024x768-300x225.jpg 300w, https:\/\/atlantichockeygroup.com\/wp-content\/uploads\/2019\/11\/44286383_1876225129129064_6555213935966945280_o-1024x768-768x576.jpg 768w, https:\/\/atlantichockeygroup.com\/wp-content\/uploads\/2019\/11\/44286383_1876225129129064_6555213935966945280_o-1024x768-600x450.jpg 600w\" sizes=\"(max-width: 1024px) 100vw, 1024px\" \/><\/a><\/div>\n\t\t\t\t\t<\/div>\n\t\t\t\t<\/div><\/div><\/div><div class=\"tmb tmb-carousel tmb-iso-h4 tmb-light tmb-overlay-text-anim tmb-overlay-anim tmb-overlay-middle tmb-overlay-text-left tmb-image-anim tmb-bordered tmb-id-84981  tmb-media-first tmb-media-last tmb-content-overlay tmb-no-bg tmb-lightbox\" ><div class=\"t-inside no-anim\" ><div class=\"t-entry-visual\"><div class=\"t-entry-visual-tc\"><div class=\"t-entry-visual-cont\"><div class=\"dummy\" style=\"padding-top: 75%;\"><\/div><a href=\"https:\/\/atlantichockeygroup.com\/wp-content\/uploads\/2019\/11\/44756016_1887398854678358_3018053869423820800_o-1024x768.jpg\"  class=\"pushed\" data-active=\"1\" data-lbox=\"ilightbox_gallery-206330\" data-options=\"width:1024,height:768,thumbnail: 'https:\/\/atlantichockeygroup.com\/wp-content\/uploads\/2019\/11\/44756016_1887398854678358_3018053869423820800_o-1024x768-300x225.jpg'\" data-lb-index=\"3\"><div class=\"t-entry-visual-overlay\"><div class=\"t-entry-visual-overlay-in style-dark-bg\" style=\"opacity: 0.5;\"><\/div><\/div><img decoding=\"async\" class=\"wp-image-84981\" src=\"https:\/\/atlantichockeygroup.com\/wp-content\/uploads\/2019\/11\/44756016_1887398854678358_3018053869423820800_o-1024x768.jpg\" width=\"1024\" height=\"768\" alt=\"\" srcset=\"https:\/\/atlantichockeygroup.com\/wp-content\/uploads\/2019\/11\/44756016_1887398854678358_3018053869423820800_o-1024x768.jpg 1024w, https:\/\/atlantichockeygroup.com\/wp-content\/uploads\/2019\/11\/44756016_1887398854678358_3018053869423820800_o-1024x768-300x225.jpg 300w, https:\/\/atlantichockeygroup.com\/wp-content\/uploads\/2019\/11\/44756016_1887398854678358_3018053869423820800_o-1024x768-768x576.jpg 768w, https:\/\/atlantichockeygroup.com\/wp-content\/uploads\/2019\/11\/44756016_1887398854678358_3018053869423820800_o-1024x768-600x450.jpg 600w\" sizes=\"(max-width: 1024px) 100vw, 1024px\" \/><\/a><\/div>\n\t\t\t\t\t<\/div>\n\t\t\t\t<\/div><\/div><\/div><div class=\"tmb tmb-carousel tmb-iso-h4 tmb-light tmb-overlay-text-anim tmb-overlay-anim tmb-overlay-middle tmb-overlay-text-left tmb-image-anim tmb-bordered tmb-id-84987  tmb-media-first tmb-media-last tmb-content-overlay tmb-no-bg tmb-lightbox\" ><div class=\"t-inside no-anim\" ><div class=\"t-entry-visual\"><div class=\"t-entry-visual-tc\"><div class=\"t-entry-visual-cont\"><div class=\"dummy\" style=\"padding-top: 75%;\"><\/div><a href=\"https:\/\/atlantichockeygroup.com\/wp-content\/uploads\/2019\/11\/50042760_2004883419596567_1957997683834617856_n.jpg\"  class=\"pushed\" data-active=\"1\" data-lbox=\"ilightbox_gallery-206330\" data-options=\"width:960,height:720,thumbnail: 'https:\/\/atlantichockeygroup.com\/wp-content\/uploads\/2019\/11\/50042760_2004883419596567_1957997683834617856_n-300x225.jpg'\" data-lb-index=\"4\"><div class=\"t-entry-visual-overlay\"><div class=\"t-entry-visual-overlay-in style-dark-bg\" style=\"opacity: 0.5;\"><\/div><\/div><img decoding=\"async\" class=\"wp-image-84987\" src=\"https:\/\/atlantichockeygroup.com\/wp-content\/uploads\/2019\/11\/50042760_2004883419596567_1957997683834617856_n.jpg\" width=\"960\" height=\"720\" alt=\"\" srcset=\"https:\/\/atlantichockeygroup.com\/wp-content\/uploads\/2019\/11\/50042760_2004883419596567_1957997683834617856_n.jpg 960w, https:\/\/atlantichockeygroup.com\/wp-content\/uploads\/2019\/11\/50042760_2004883419596567_1957997683834617856_n-300x225.jpg 300w, https:\/\/atlantichockeygroup.com\/wp-content\/uploads\/2019\/11\/50042760_2004883419596567_1957997683834617856_n-768x576.jpg 768w, https:\/\/atlantichockeygroup.com\/wp-content\/uploads\/2019\/11\/50042760_2004883419596567_1957997683834617856_n-600x450.jpg 600w\" sizes=\"(max-width: 960px) 100vw, 960px\" \/><\/a><\/div>\n\t\t\t\t\t<\/div>\n\t\t\t\t<\/div><\/div><\/div>\t\t\t<\/div>\n\t\t\t\t\t<\/div>\n\n\t\n\t\n\t\n<\/div>\n\n<\/div><\/div><\/div><\/div><\/div><script id=\"script-row-unique-4\" data-row=\"script-row-unique-4\" type=\"text\/javascript\" class=\"vc_controls\">UNCODE.initRow(document.getElementById(\"row-unique-4\"));<\/script><\/div><\/div><\/div><div data-parent=\"true\" class=\"vc_row row-container onepage-section\" data-label=\"Design &amp; Quality\" data-name=\"design-quality\" id=\"row-unique-5\"><div class=\"row triple-top-padding triple-bottom-padding single-h-padding limit-width row-parent\"><div class=\"wpb_row row-inner\"><div class=\"wpb_column pos-top pos-center align_center column_parent col-lg-12 single-internal-gutter\"><div class=\"uncol style-light\"  ><div class=\"uncoltable\"><div class=\"uncell\" ><div class=\"uncont no-block-padding col-custom-width\" style=\" max-width:804px;\" ><div class=\"vc_custom_heading_wrap\"><div class=\"heading-text el-text\" ><h2 class=\"font-156269 fontsize-155944 font-weight-700 text-color-jevc-color text-uppercase\" ><span>Inscription (sur invitation uniquement)<\/span><\/h2><hr class=\"separator-break\" \/><\/div><div class=\"clear\"><\/div><\/div><span class=\"btn-container\" ><a role=\"button\"  href=\"https:\/\/ahgcentral.sportngin.com\/register\/form\/180214988\" class=\"custom-link btn btn-xl btn-custom-typo font-762333 font-weight-800 text-uppercase fontspace-210350 border-width-0 btn-accent btn-flat btn-italic btn-icon-left\">REGISTRE<\/a><\/span><\/div><\/div><\/div><\/div><\/div><script id=\"script-row-unique-5\" data-row=\"script-row-unique-5\" type=\"text\/javascript\" class=\"vc_controls\">UNCODE.initRow(document.getElementById(\"row-unique-5\"));<\/script><\/div><\/div><\/div><div data-parent=\"true\" class=\"vc_row row-container onepage-section\" data-label=\"Design &amp; Quality\" data-name=\"design-quality\" id=\"row-unique-6\"><div class=\"row single-top-padding single-bottom-padding single-h-padding limit-width row-parent\"><div class=\"wpb_row row-inner\"><div class=\"wpb_column pos-top pos-center align_center column_parent col-lg-12 single-internal-gutter\"><div class=\"uncol style-light\"  ><div class=\"uncoltable\"><div class=\"uncell\" ><div class=\"uncont no-block-padding col-custom-width\" style=\" max-width:804px;\" ><div class=\"uncode-wrapper uncode-share  has-title\" ><h6>Partager<\/h6><hr class=\"separator-break separator-accent\" \/><div class=\"share-button share-buttons share-inline share-bigger\" data-url=\"\"><\/div><\/div><\/div><\/div><\/div><\/div><\/div><script id=\"script-row-unique-6\" data-row=\"script-row-unique-6\" type=\"text\/javascript\" class=\"vc_controls\">UNCODE.initRow(document.getElementById(\"row-unique-6\"));<\/script><\/div><\/div><\/div>\n<\/div>","protected":false},"excerpt":{"rendered":"BAUER&nbsp;ACADEMY&nbsp;MONCTONAn&nbsp;Elite&nbsp;Training&nbsp;Experience2025-2026&nbsp;ProgramThe 2025-2026 Moncton BAUER Hockey Academy will feature winter on-ice training programs for the U7 to U15 levels. The ultimate [...]","protected":false},"author":3,"featured_media":99682,"parent":79786,"menu_order":0,"comment_status":"open","ping_status":"closed","template":"","meta":{"_monsterinsights_skip_tracking":false,"_monsterinsights_sitenote_active":false,"_monsterinsights_sitenote_note":"","_monsterinsights_sitenote_category":0,"footnotes":""},"class_list":["post-84355","page","type-page","status-publish","has-post-thumbnail","hentry"],"_links":{"self":[{"href":"https:\/\/atlantichockeygroup.com\/fr\/wp-json\/wp\/v2\/pages\/84355","targetHints":{"allow":["GET"]}}],"collection":[{"href":"https:\/\/atlantichockeygroup.com\/fr\/wp-json\/wp\/v2\/pages"}],"about":[{"href":"https:\/\/atlantichockeygroup.com\/fr\/wp-json\/wp\/v2\/types\/page"}],"author":[{"embeddable":true,"href":"https:\/\/atlantichockeygroup.com\/fr\/wp-json\/wp\/v2\/users\/3"}],"replies":[{"embeddable":true,"href":"https:\/\/atlantichockeygroup.com\/fr\/wp-json\/wp\/v2\/comments?post=84355"}],"version-history":[{"count":0,"href":"https:\/\/atlantichockeygroup.com\/fr\/wp-json\/wp\/v2\/pages\/84355\/revisions"}],"up":[{"embeddable":true,"href":"https:\/\/atlantichockeygroup.com\/fr\/wp-json\/wp\/v2\/pages\/79786"}],"wp:featuredmedia":[{"embeddable":true,"href":"https:\/\/atlantichockeygroup.com\/fr\/wp-json\/wp\/v2\/media\/99682"}],"wp:attachment":[{"href":"https:\/\/atlantichockeygroup.com\/fr\/wp-json\/wp\/v2\/media?parent=84355"}],"curies":[{"name":"wp","href":"https:\/\/api.w.org\/{rel}","templated":true}]}}