{"id":84356,"date":"2019-11-13T12:27:07","date_gmt":"2019-11-13T12:27:07","guid":{"rendered":"https:\/\/ahg2-334f0b.ingress-alpha.easywp.com\/?page_id=84356"},"modified":"2026-02-26T13:43:21","modified_gmt":"2026-02-26T13:43:21","slug":"proactif-ringuette","status":"publish","type":"page","link":"https:\/\/atlantichockeygroup.com\/fr\/on-ice-training\/proactif-ringuette\/","title":{"rendered":"Ringette Proactif"},"content":{"rendered":"<div class=\"wpb-content-wrapper\"><div data-parent=\"true\" class=\"vc_row row-container\" id=\"row-unique-0\"><div class=\"row-background background-element\">\n\t\t\t\t\t\t\t\t\t\t\t<div class=\"background-wrapper\">\n\t\t\t\t\t\t\t\t\t\t\t\t<div class=\"background-inner\" style=\"background-image: url(https:\/\/atlantichockeygroup.com\/wp-content\/uploads\/2020\/12\/DSC_0285-scaled.jpg);background-repeat: no-repeat;background-position: center center;background-attachment: scroll;background-size: cover;\"><\/div>\n\t\t\t\t\t\t\t\t\t\t\t\t<div class=\"block-bg-overlay style-color-wayh-bg\" style=\"opacity: 0.5;\"><\/div>\n\t\t\t\t\t\t\t\t\t\t\t<\/div>\n\t\t\t\t\t\t\t\t\t\t<\/div><div class=\"row double-top-padding double-bottom-padding single-h-padding limit-width row-parent\" data-height-ratio=\"60\"><div class=\"wpb_row row-inner\"><div class=\"wpb_column pos-middle pos-center align_center column_parent col-lg-12 double-internal-gutter\"><div class=\"uncol style-light\"  ><div class=\"uncoltable\"><div class=\"uncell no-block-padding\" ><div class=\"uncont\" ><div class=\"vc_custom_heading_wrap\"><div class=\"heading-text el-text curtain animate_inner_when_almost_visible el-text-split\" data-interval=\"200\"><h2 class=\"fontsize-445851 fontspace-781688 font-weight-900 text-color-xsdn-color font-obs\" data-style=\"normal\" data-weight=\"900\" data-font=\"Roboto\"><span class=\"heading-text-inner\"><span class=\"split-word word1\"><span class=\"split-word-flow\"><span class=\"split-word-inner\">PROACTIF<\/span><\/span><\/span><span class=\"split-word word2\"><span class=\"split-word-flow\"><span class=\"split-word-inner split-empty-inner\"><span class=\"split-word-empty\">&nbsp;<\/span>RINGUETTE<\/span><\/span><\/span><\/span><\/h2><\/div><div class=\"clear\"><\/div><\/div><\/div><\/div><\/div><\/div><\/div><script id=\"script-row-unique-0\" data-row=\"script-row-unique-0\" type=\"text\/javascript\" class=\"vc_controls\">UNCODE.initRow(document.getElementById(\"row-unique-0\"));<\/script><\/div><\/div><\/div><div data-parent=\"true\" class=\"vc_row row-container\" id=\"row-unique-1\"><div class=\"row triple-top-padding triple-bottom-padding single-h-padding limit-width row-parent\"><div class=\"wpb_row row-inner\"><div class=\"wpb_column pos-top pos-center align_left column_parent col-lg-12 double-internal-gutter\"><div class=\"uncol style-light\"  ><div class=\"uncoltable\"><div class=\"uncell no-block-padding\" ><div class=\"uncont\" ><div class=\"vc_row row-internal row-container\"><div class=\"row col-double-gutter row-child\"><div class=\"wpb_row row-inner\"><div class=\"wpb_column pos-top pos-center align_center column_child col-lg-12 one-internal-gutter\"><div class=\"uncol style-light\" ><div class=\"uncoltable\"><div class=\"uncell no-block-padding\" ><div class=\"uncont\" style=\" max-width:1200px;\" ><div class=\"vc_custom_heading_wrap\"><div class=\"heading-text el-text curtain animate_inner_when_almost_visible el-text-split\" data-interval=\"200\"><h2 class=\"fontsize-338686 fontspace-781688 font-weight-900 font-obs translation-block\" data-style=\"normal\" data-weight=\"900\" data-font=\"Roboto\">Offrir une ringuette de haute qualit\u00e9\nprogrammes \u00e0 travers l\u2019Atlantique\nCanada.<\/h2><\/div><div class=\"clear\"><\/div><\/div><\/div><\/div><\/div><\/div><\/div><\/div><\/div><\/div><\/div><\/div><\/div><\/div><\/div><script id=\"script-row-unique-1\" data-row=\"script-row-unique-1\" type=\"text\/javascript\" class=\"vc_controls\">UNCODE.initRow(document.getElementById(\"row-unique-1\"));<\/script><\/div><\/div><\/div><div data-parent=\"true\" class=\"vc_row style-color-jevc-bg row-container has-dividers\" id=\"row-unique-2\"><div class=\"uncode-divider-wrap uncode-divider-wrap-top z_index_0 uncode-divider-flip\" style=\"height: 75px;\" data-height=\"75\" data-unit=\"px\"><svg version=\"1.1\" class=\"uncode-row-divider uncode-row-divider-tilt-opacity\" x=\"0px\" y=\"0px\" width=\"240px\" height=\"24px\" viewbox=\"0 0 240 24\" enable-background=\"new 0 0 240 24\" xml:space=\"preserve\" preserveaspectratio=\"none\">\n\t\t<path fill=\"#000000\" fill-opacity=\"0.33\" d=\"M240,24V0L0,24H240z\"\/>\n\t\t<path fill=\"#000000\" d=\"M240,24V3.72L0,24H240z\"\/>\n\t\t<path fill=\"#000000\" fill-opacity=\"0.33\" d=\"M240,24V1.99L0,24H240z\"\/>\n\t\t<\/svg><\/div><div class=\"row unequal col-no-gutter single-top-padding single-bottom-padding no-h-padding full-width row-parent\" data-height-ratio=\"40\"><div class=\"wpb_row row-inner\"><div class=\"wpb_column pos-middle pos-left align_center column_parent col-lg-4 col-md-33 single-internal-gutter\"><div class=\"uncol style-light\"  ><div class=\"uncoltable\"><div class=\"uncell quad-block-padding\" ><div class=\"uncont\" ><div class=\"vc_custom_heading_wrap\"><div class=\"heading-text el-text\" ><h2 class=\"h2 fontspace-111509 font-weight-600 text-color-xsdn-color text-uppercase\" ><i><span>Directeur de programme<\/span><\/i><\/h2><\/div><div class=\"clear\"><\/div><\/div><div class=\"vc_custom_heading_wrap\"><div class=\"heading-text el-text\" ><h1 class=\"fontsize-338686 fontspace-111509 font-weight-800 text-color-xsdn-color text-uppercase\" ><i><span>Roland Collette<\/span><\/i><\/h1><hr class=\"separator-break\" \/><\/div><div class=\"clear\"><\/div><\/div><div class=\"vc_custom_heading_wrap\"><div class=\"heading-text el-text\" ><h6 class=\"h3 fontheight-357766 font-weight-300 text-color-xsdn-color\" ><span>Roland Collette est pr\u00e9sident de Proactif Sports et poss\u00e8de plus de 30 ans d'exp\u00e9rience en entra\u00eenement de ringuette et de hockey. Son curriculum vitae d'entra\u00eeneur comprend l'entra\u00eenement avec les Wildcats de Moncton, les Beavers Junior A de Moncton, l'\u00e9quipe du Nouveau-Brunswick, et plus encore.<\/span><\/h6><\/div><div class=\"clear\"><\/div><\/div><\/div><\/div><\/div><\/div><\/div><div class=\"wpb_column pos-middle pos-center align_left column_parent col-lg-4 col-md-33 single-internal-gutter\"><div class=\"uncol style-light\"  ><div class=\"uncoltable\" style=\"min-height: 260px;\"><div class=\"uncell no-block-padding\" ><div class=\"uncont\" ><div class=\"uncode-single-media  text-center\"><div class=\"single-wrapper\" style=\"max-width: 70%;\"><div class=\"tmb tmb-light  tmb-media-first tmb-media-last tmb-content-overlay tmb-no-bg\"><div class=\"t-inside\"><div class=\"t-entry-visual\"><div class=\"t-entry-visual-tc\"><div class=\"uncode-single-media-wrapper\"><img decoding=\"async\" class=\"wp-image-84280\" src=\"https:\/\/atlantichockeygroup.com\/wp-content\/uploads\/2019\/11\/DSC_0397-min-1.png\" width=\"2070\" height=\"1708\" alt=\"\" srcset=\"https:\/\/atlantichockeygroup.com\/wp-content\/uploads\/2019\/11\/DSC_0397-min-1.png 2070w, https:\/\/atlantichockeygroup.com\/wp-content\/uploads\/2019\/11\/DSC_0397-min-1-300x248.png 300w, https:\/\/atlantichockeygroup.com\/wp-content\/uploads\/2019\/11\/DSC_0397-min-1-768x634.png 768w, https:\/\/atlantichockeygroup.com\/wp-content\/uploads\/2019\/11\/DSC_0397-min-1-1024x845.png 1024w, https:\/\/atlantichockeygroup.com\/wp-content\/uploads\/2019\/11\/DSC_0397-min-1-600x495.png 600w\" sizes=\"(max-width: 2070px) 100vw, 2070px\" \/><\/div>\n\t\t\t\t\t<\/div>\n\t\t\t\t<\/div><\/div><\/div><\/div><\/div><\/div><\/div><\/div><\/div><\/div><script id=\"script-row-unique-2\" data-row=\"script-row-unique-2\" type=\"text\/javascript\" class=\"vc_controls\">UNCODE.initRow(document.getElementById(\"row-unique-2\"));<\/script><\/div><\/div><\/div><div data-parent=\"true\" class=\"vc_row row-container onepage-section\" data-label=\"Events\" data-name=\"events\" id=\"row-unique-3\"><div class=\"row double-top-padding double-bottom-padding double-h-padding limit-width row-parent\"><div class=\"wpb_row row-inner\"><div class=\"wpb_column pos-middle pos-center align_center column_parent col-lg-12 single-internal-gutter\"><div class=\"uncol style-dark\"  ><div class=\"uncoltable\"><div class=\"uncell no-block-padding\" ><div class=\"uncont\" ><div class=\"vc_row row-internal row-container\"><div class=\"row row-child\"><div class=\"wpb_row row-inner\"><div class=\"wpb_column pos-top pos-center align_center column_child col-lg-12 single-internal-gutter\"><div class=\"uncol style-dark\" ><div class=\"uncoltable\"><div class=\"uncell no-block-padding\" ><div class=\"uncont\" style=\" max-width:696px;\" ><div class=\"vc_custom_heading_wrap\"><div class=\"heading-text el-text bottom-t-top animate_when_almost_visible\" data-delay=\"200\"><h2 class=\"font-850707 h2 font-weight-400 text-color-jevc-color text-uppercase\" ><span>Inscription maintenant <span style=\"color: #ff0000;\">(note player camp sold out &#8211; spots still open for goalie camp)<\/span><\/span><\/h2><\/div><div class=\"clear\"><\/div><\/div><\/div><\/div><\/div><\/div><\/div><\/div><\/div><\/div><div class=\"empty-space empty-single\" ><span class=\"empty-space-inner\"><\/span><\/div>\n<div class=\"divider-wrapper  bottom-t-top animate_when_almost_visible\" data-delay=\"200\" >\n    <hr class=\"border-color-jevc-color separator-no-padding\"  \/>\n<\/div>\n<div class=\"vc_row row-internal row-container\"><div class=\"row unequal row-child\"><div class=\"wpb_row row-inner\"><div class=\"wpb_column pos-middle pos-center align_left align_center_mobile column_child col-lg-3 col-md-25 col-sm-33 one-internal-gutter\"><div class=\"uncol style-dark\" ><div class=\"uncoltable\"><div class=\"uncell no-block-padding\" ><div class=\"uncont\" ><div class=\"vc_custom_heading_wrap\"><div class=\"heading-text el-text bottom-t-top animate_when_almost_visible\" data-delay=\"200\"><h5 class=\"h5 text-color-jevc-color\" ><span>Camp d&#039;\u00e9t\u00e9 de ringuette 2026<\/span><\/h5><\/div><div class=\"clear\"><\/div><\/div><\/div><\/div><\/div><\/div><\/div><div class=\"wpb_column pos-middle pos-center align_left align_center_mobile column_child col-lg-3 col-md-25 col-sm-33 one-internal-gutter\"><div class=\"uncol style-dark\" ><div class=\"uncoltable\"><div class=\"uncell no-block-padding\" ><div class=\"uncont\" ><div class=\"vc_custom_heading_wrap\"><div class=\"heading-text el-text bottom-t-top animate_when_almost_visible\" data-delay=\"200\"><h5 class=\"h5 text-color-jevc-color\" ><span>Moncton<\/span><\/h5><\/div><div class=\"clear\"><\/div><\/div><\/div><\/div><\/div><\/div><\/div><div class=\"wpb_column pos-middle pos-center align_left align_center_mobile column_child col-lg-3 col-md-25 col-sm-33 no-internal-gutter\"><div class=\"uncol style-dark\" ><div class=\"uncoltable\"><div class=\"uncell no-block-padding\" ><div class=\"uncont\" ><div class=\"vc_custom_heading_wrap\"><div class=\"heading-text el-text bottom-t-top animate_when_almost_visible\" data-delay=\"200\"><h5 class=\"h5 text-color-jevc-color\" ><span>Moncton &#8211; Aug 10th to 14th<br \/><\/span><span>Goalie Camp &#8211; Aug 7th to 9th<\/span><\/h5><\/div><div class=\"clear\"><\/div><\/div><\/div><\/div><\/div><\/div><\/div><div class=\"wpb_column pos-middle pos-center align_right align_center_mobile column_child col-lg-3 col-md-25 col-sm-clear one-internal-gutter\"><div class=\"uncol style-dark\" ><div class=\"uncoltable\"><div class=\"uncell no-block-padding\" ><div class=\"uncont\" ><span class=\"btn-container animate_when_almost_visible bottom-t-top\" data-delay=\"200\"><a role=\"button\"  href=\"https:\/\/ahgcentral.sportngin.com\/register\/form\/035863525\" class=\"custom-link btn btn-lg border-width-0 btn-color-742106 btn-icon-left\">Inscrivez-vous<\/a><\/span><\/div><\/div><\/div><\/div><\/div><\/div><\/div><\/div><div class=\"divider-wrapper  bottom-t-top animate_when_almost_visible\" data-delay=\"200\" >\n    <hr class=\"border-color-jevc-color separator-no-padding\"  \/>\n<\/div>\n<\/div><\/div><\/div><\/div><\/div><script id=\"script-row-unique-3\" data-row=\"script-row-unique-3\" type=\"text\/javascript\" class=\"vc_controls\">UNCODE.initRow(document.getElementById(\"row-unique-3\"));<\/script><\/div><\/div><\/div><div data-parent=\"true\" class=\"vc_row row-container onepage-section\" data-label=\"Design &amp; Quality\" data-name=\"design-quality\" id=\"row-unique-4\"><div class=\"row single-top-padding single-bottom-padding single-h-padding limit-width row-parent\"><div class=\"wpb_row row-inner\"><div class=\"wpb_column pos-top pos-center align_center column_parent col-lg-12 single-internal-gutter\"><div class=\"uncol style-light\"  ><div class=\"uncoltable\"><div class=\"uncell\" ><div class=\"uncont no-block-padding col-custom-width\" style=\" max-width:804px;\" ><div class=\"uncode-wrapper uncode-share  has-title\" ><h6>Partager<\/h6><hr class=\"separator-break separator-accent\" \/><div class=\"share-button share-buttons share-inline share-bigger\" data-url=\"\"><\/div><\/div><\/div><\/div><\/div><\/div><\/div><script id=\"script-row-unique-4\" data-row=\"script-row-unique-4\" type=\"text\/javascript\" class=\"vc_controls\">UNCODE.initRow(document.getElementById(\"row-unique-4\"));<\/script><\/div><\/div><\/div>\n<\/div>","protected":false},"excerpt":{"rendered":"PROACTIF&nbsp;RINGETTEOffering&nbsp;high&nbsp;quality&nbsp;ringette&nbsp;programs&nbsp;across&nbsp;Atlantic&nbsp;Canada. Program DirectorRoland ColletteRoland Collette is the President of Proactif Sports and has more than 30 years of coaching experience [...]","protected":false},"author":3,"featured_media":99691,"parent":79786,"menu_order":0,"comment_status":"open","ping_status":"closed","template":"","meta":{"_monsterinsights_skip_tracking":false,"_monsterinsights_sitenote_active":false,"_monsterinsights_sitenote_note":"","_monsterinsights_sitenote_category":0,"footnotes":""},"class_list":["post-84356","page","type-page","status-publish","has-post-thumbnail","hentry"],"_links":{"self":[{"href":"https:\/\/atlantichockeygroup.com\/fr\/wp-json\/wp\/v2\/pages\/84356","targetHints":{"allow":["GET"]}}],"collection":[{"href":"https:\/\/atlantichockeygroup.com\/fr\/wp-json\/wp\/v2\/pages"}],"about":[{"href":"https:\/\/atlantichockeygroup.com\/fr\/wp-json\/wp\/v2\/types\/page"}],"author":[{"embeddable":true,"href":"https:\/\/atlantichockeygroup.com\/fr\/wp-json\/wp\/v2\/users\/3"}],"replies":[{"embeddable":true,"href":"https:\/\/atlantichockeygroup.com\/fr\/wp-json\/wp\/v2\/comments?post=84356"}],"version-history":[{"count":0,"href":"https:\/\/atlantichockeygroup.com\/fr\/wp-json\/wp\/v2\/pages\/84356\/revisions"}],"up":[{"embeddable":true,"href":"https:\/\/atlantichockeygroup.com\/fr\/wp-json\/wp\/v2\/pages\/79786"}],"wp:featuredmedia":[{"embeddable":true,"href":"https:\/\/atlantichockeygroup.com\/fr\/wp-json\/wp\/v2\/media\/99691"}],"wp:attachment":[{"href":"https:\/\/atlantichockeygroup.com\/fr\/wp-json\/wp\/v2\/media?parent=84356"}],"curies":[{"name":"wp","href":"https:\/\/api.w.org\/{rel}","templated":true}]}}