{"id":85932,"date":"2019-11-25T00:34:52","date_gmt":"2019-11-25T00:34:52","guid":{"rendered":"https:\/\/ahg2-334f0b.ingress-alpha.easywp.com\/entrainement-hors-glace\/"},"modified":"2022-09-27T15:28:38","modified_gmt":"2022-09-27T15:28:38","slug":"entrainement-hors-glace","status":"publish","type":"page","link":"https:\/\/atlantichockeygroup.com\/fr\/entrainement-hors-glace\/","title":{"rendered":"Entra\u00eenement hors glace"},"content":{"rendered":"<div class=\"wpb-content-wrapper\"><div data-parent=\"true\" class=\"vc_row style-color-wayh-bg row-container\" id=\"row-unique-0\"><div class=\"row-background background-element\">\n\t\t\t\t\t\t\t\t\t\t\t<div class=\"background-wrapper\">\n\t\t\t\t\t\t\t\t\t\t\t\t<div class=\"background-inner self-video uncode-video-container\" style=\"background-repeat: no-repeat;background-position: center center;background-attachment: scroll;background-size: cover;\"><div style=\"width: 640px;\" class=\"wp-video\"><!--[if lt IE 9]><script>document.createElement('video');<\/script><![endif]-->\n<video onloadeddata=\"this.play();\" loop playsinline muted aria-hidden=\"true\" role=\"presentation\" playsinline data-keepplaying class=\"background-video-shortcode\" data-ratio=\"1.7777777777778\" id=\"video-85932-1\" width=\"640\" height=\"360\" preload=\"metadata\" ><source type=\"video\/mp4\" src=\"https:\/\/atlantichockeygroup.com\/wp-content\/uploads\/2019\/11\/Training-1.mp4?_=1\" \/><\/video><\/div><\/div>\n\t\t\t\t\t\t\t\t\t\t\t\t<div class=\"block-bg-overlay style-accent-bg\" style=\"opacity: 0.95;\"><\/div>\n\t\t\t\t\t\t\t\t\t\t\t<\/div>\n\t\t\t\t\t\t\t\t\t\t<\/div><div class=\"row double-top-padding double-bottom-padding single-h-padding limit-width row-parent\" data-height-ratio=\"50\"><div class=\"wpb_row row-inner\"><div class=\"wpb_column pos-middle pos-center align_center column_parent col-lg-8 single-internal-gutter\"><div class=\"uncol style-dark\"  ><div class=\"uncoltable\"><div class=\"uncell no-block-padding\" ><div class=\"uncont\" ><div class=\"empty-space empty-half\" ><span class=\"empty-space-inner\"><\/span><\/div>\n<div class=\"vc_custom_heading_wrap \"><div class=\"heading-text el-text\" ><h1 class=\"font-762333 fontsize-338686 fontheight-179065 font-weight-700\" ><span>Atteignez le niveau suivant!<\/span><\/h1><\/div><div class=\"clear\"><\/div><\/div><div class=\"vc_custom_heading_wrap \"><div class=\"heading-text el-text\" ><h1 class=\"font-762333 h1 fontheight-179065 font-weight-500\" ><span>avec Charlie Bourgeois High Performance Training<\/span><\/h1><\/div><div class=\"clear\"><\/div><\/div><div class=\"empty-space empty-double\" ><span class=\"empty-space-inner\"><\/span><\/div>\n<\/div><\/div><\/div><\/div><\/div><div class=\"wpb_column pos-middle pos-center align_center column_parent col-lg-4 single-internal-gutter\"><div class=\"uncol style-light\"  ><div class=\"uncoltable\"><div class=\"uncell no-block-padding\" ><div class=\"uncont\" ><div class=\"uncode-single-media  text-left\"><div class=\"single-wrapper\" style=\"max-width: 100%;\"><div class=\"tmb tmb-light  tmb-media-first tmb-media-last tmb-content-overlay tmb-no-bg\"><div class=\"t-inside\"><div class=\"t-entry-visual\"><div class=\"t-entry-visual-tc\"><div class=\"uncode-single-media-wrapper\"><img decoding=\"async\" class=\"wp-image-88750\" src=\"https:\/\/atlantichockeygroup.com\/wp-content\/uploads\/2020\/06\/CBHPC_logo_CMYK_Circle_rev.png\" width=\"2903\" height=\"3145\" alt=\"\" srcset=\"https:\/\/atlantichockeygroup.com\/wp-content\/uploads\/2020\/06\/CBHPC_logo_CMYK_Circle_rev.png 2903w, https:\/\/atlantichockeygroup.com\/wp-content\/uploads\/2020\/06\/CBHPC_logo_CMYK_Circle_rev-277x300.png 277w, https:\/\/atlantichockeygroup.com\/wp-content\/uploads\/2020\/06\/CBHPC_logo_CMYK_Circle_rev-945x1024.png 945w, https:\/\/atlantichockeygroup.com\/wp-content\/uploads\/2020\/06\/CBHPC_logo_CMYK_Circle_rev-768x832.png 768w, https:\/\/atlantichockeygroup.com\/wp-content\/uploads\/2020\/06\/CBHPC_logo_CMYK_Circle_rev-1418x1536.png 1418w, https:\/\/atlantichockeygroup.com\/wp-content\/uploads\/2020\/06\/CBHPC_logo_CMYK_Circle_rev-1890x2048.png 1890w\" sizes=\"(max-width: 2903px) 100vw, 2903px\" \/><\/div>\n\t\t\t\t\t<\/div>\n\t\t\t\t<\/div><\/div><\/div><\/div><\/div><\/div><\/div><\/div><\/div><\/div><script id=\"script-row-unique-0\" data-row=\"script-row-unique-0\" type=\"text\/javascript\" class=\"vc_controls\">UNCODE.initRow(document.getElementById(\"row-unique-0\"));<\/script><\/div><\/div><\/div><div data-parent=\"true\" class=\"vc_row row-container\" id=\"row-unique-1\"><div class=\"row unequal col-no-gutter single-top-padding single-bottom-padding quad-h-padding full-width row-parent\"><div class=\"wpb_row row-inner\"><div class=\"wpb_column pos-middle pos-center align_center align_center_tablet align_center_mobile column_parent col-lg-4 half-internal-gutter\"><div class=\"uncol style-light\"  ><div class=\"uncoltable\"><div class=\"uncell double-block-padding\" ><div class=\"uncont\" ><div class=\"icon-box icon-box-top\" ><div class=\"icon-box-icon fa-container\" style=\"margin-bottom: 0px;\"><span class=\"text-color-632047-color btn-disable-hover\"><i class=\"fa fa-users2 fa-3x fa-fw\"><\/i><\/span><\/div><\/div><div class=\"vc_custom_heading_wrap \"><div class=\"heading-text el-text\" ><h3 class=\"h3 fontspace-781688 font-weight-800 text-uppercase\" ><i><span>entraineurs hautement qualifi\u00e9s<\/span><\/i><\/h3><\/div><div class=\"clear\"><\/div><\/div><div class=\"vc_custom_heading_wrap \"><div class=\"heading-text el-text\" ><h6 class=\"h4 fontheight-524109 font-weight-300 text-color-wvjs-color\" ><span>Sous la conduite de l&#8217;expertise de Michel Johnson, nos sp\u00e9cialistes travaillent en collaboration avec les entra\u00eeneurs de hockey pour cr\u00e9er une formation adapt\u00e9e aux besoins et aux capacit\u00e9s de chacun.<\/span><\/h6><\/div><div class=\"clear\"><\/div><\/div><\/div><\/div><\/div><\/div><\/div><div class=\"wpb_column pos-middle pos-center align_center align_center_tablet align_center_mobile column_parent col-lg-4 half-internal-gutter\"><div class=\"uncol style-light\"  ><div class=\"uncoltable\"><div class=\"uncell double-block-padding style-color-lxmt-bg\" ><div class=\"uncont\" ><div class=\"icon-box icon-box-top\" ><div class=\"icon-box-icon fa-container\" style=\"margin-bottom: 0px;\"><span class=\"text-color-632047-color btn-disable-hover\"><i class=\"fa fa-chart-line fa-3x fa-fw\"><\/i><\/span><\/div><\/div><div class=\"vc_custom_heading_wrap \"><div class=\"heading-text el-text\" ><h3 class=\"h3 fontspace-111509 font-weight-800 text-uppercase\" ><i><span>Expertise aupr\u00e8s des jeunes joueurs et joueuses de hockey<\/span><\/i><\/h3><\/div><div class=\"clear\"><\/div><\/div><div class=\"vc_custom_heading_wrap \"><div class=\"heading-text el-text\" ><h6 class=\"h4 fontheight-524109 font-weight-300 text-color-wvjs-color\" ><span>La magie est dans les mouvements. L&#8217;accent mis sur la mobilit\u00e9 du corps entier pour aider \u00e0 am\u00e9liorer l&#8217;athl\u00e9tisme global et la conscience du corps.<\/span><\/h6><\/div><div class=\"clear\"><\/div><\/div><\/div><\/div><\/div><\/div><\/div><div class=\"wpb_column pos-middle pos-center align_center align_center_tablet align_center_mobile column_parent col-lg-4 half-internal-gutter\"><div class=\"uncol style-light\"  ><div class=\"uncoltable\"><div class=\"uncell double-block-padding\" ><div class=\"uncont\" ><div class=\"icon-box icon-box-top\" ><div class=\"icon-box-icon fa-container\" style=\"margin-bottom: 0px;\"><span class=\"text-color-632047-color btn-disable-hover\"><i class=\"fa fa-location-outline fa-3x fa-fw\"><\/i><\/span><\/div><\/div><div class=\"vc_custom_heading_wrap \"><div class=\"heading-text el-text\" ><h3 class=\"h3 fontspace-781688 font-weight-800 text-uppercase\" ><i><span>Notre propre installation<\/span><\/i><\/h3><\/div><div class=\"clear\"><\/div><\/div><div class=\"vc_custom_heading_wrap \"><div class=\"heading-text el-text\" ><h6 class=\"h4 fontheight-524109 font-weight-300 text-color-wvjs-color\" ><span>Nos sessions se d\u00e9roulent au Centre Superior Propane \u00e0 Moncton.<\/span><\/h6><\/div><div class=\"clear\"><\/div><\/div><\/div><\/div><\/div><\/div><\/div><script id=\"script-row-unique-1\" data-row=\"script-row-unique-1\" type=\"text\/javascript\" class=\"vc_controls\">UNCODE.initRow(document.getElementById(\"row-unique-1\"));<\/script><\/div><\/div><\/div><div data-parent=\"true\" class=\"vc_row style-color-632047-bg row-container\" id=\"row-unique-2\"><div class=\"row col-no-gutter double-top-padding double-bottom-padding double-h-padding limit-width row-parent\"><div class=\"wpb_row row-inner\"><div class=\"wpb_column pos-top pos-center align_center column_parent col-lg-12 no-internal-gutter\"><div class=\"uncol style-dark\"  ><div class=\"uncoltable\"><div class=\"uncell no-block-padding\" ><div class=\"uncont\" ><div class=\"vc_custom_heading_wrap \"><div class=\"heading-text el-text\" ><h1 class=\"h1 fontheight-524109 font-weight-600 text-color-xsdn-color\" ><span>Philosophie du programme<\/span><\/h1><hr class=\"separator-break\" \/><\/div><div class=\"clear\"><\/div><\/div><div class=\"empty-space empty-single\" ><span class=\"empty-space-inner\"><\/span><\/div>\n<div class=\"vc_custom_heading_wrap \"><div class=\"heading-text el-text\" ><h3 class=\"h3 font-weight-300\" ><span>Nos entra\u00eeneurs proposent des programmes d&#8217;entra\u00eenement holistiques combinant mouvement, pr\u00e9paration et QI de hockey sp\u00e9cifique \u00e0 un sport. Nous voulons aider \u00e0 apprendre aux jeunes athl\u00e8tes \u00e0 contr\u00f4ler leur force et \u00e0 r\u00e9agir rapidement en leur permettant de changer de direction instantan\u00e9ment pendant le match. Nous voulons les aider \u00e0 renforcer leur force et leur \u00e9quilibre, en leur donnant un avantage sur leurs adversaires lorsqu&#8217;ils se retrouvent dans un coin pour se battre pour la rondelle et les exclure de la liste des bless\u00e9s.<\/span><\/h3><\/div><div class=\"clear\"><\/div><\/div><\/div><\/div><\/div><\/div><\/div><script id=\"script-row-unique-2\" data-row=\"script-row-unique-2\" type=\"text\/javascript\" class=\"vc_controls\">UNCODE.initRow(document.getElementById(\"row-unique-2\"));<\/script><\/div><\/div><\/div><div data-parent=\"true\" class=\"vc_row row-container\" id=\"row-unique-3\"><div class=\"row col-no-gutter double-top-padding one-bottom-padding double-h-padding limit-width row-parent\"><div class=\"wpb_row row-inner\"><div class=\"wpb_column pos-top pos-center align_center column_parent col-lg-12 no-internal-gutter\"><div class=\"uncol style-dark\"  ><div class=\"uncoltable\"><div class=\"uncell no-block-padding\" ><div class=\"uncont\" ><div class=\"vc_custom_heading_wrap \"><div class=\"heading-text el-text\" ><h1 class=\"h1 fontheight-524109 font-weight-600 text-color-rgdb-color\" ><span>Frais d&#8217;entra\u00eenement en \u00e9quipe<\/span><\/h1><\/div><div class=\"clear\"><\/div><\/div><div class=\"empty-space empty-single\" ><span class=\"empty-space-inner\"><\/span><\/div>\n<div class=\"vc_custom_heading_wrap \"><div class=\"heading-text el-text\" ><h3 class=\"h3 font-weight-300 text-color-jevc-color\" ><span>Offrez \u00e0 votre \u00e9quipe une formation r\u00e9guli\u00e8re pendant la saison dans nos installations! Offrez \u00e0 vos joueurs une croissance constante et pratique dans nos installations du Superior Propane Centre.<\/span><\/h3><\/div><div class=\"clear\"><\/div><\/div><\/div><\/div><\/div><\/div><\/div><script id=\"script-row-unique-3\" data-row=\"script-row-unique-3\" type=\"text\/javascript\" class=\"vc_controls\">UNCODE.initRow(document.getElementById(\"row-unique-3\"));<\/script><\/div><\/div><\/div><div data-parent=\"true\" class=\"vc_row row-container\" id=\"row-unique-4\"><div class=\"row single-top-padding one-bottom-padding single-h-padding limit-width row-parent\"><div class=\"wpb_row row-inner\"><div class=\"wpb_column pos-top pos-center align_left column_parent col-lg-4 single-internal-gutter\"><div class=\"uncol style-light\"  ><div class=\"uncoltable\"><div class=\"uncell no-block-padding\" ><div class=\"uncont\" ><div class=\"uncode-wrapper uncode-pricing\" ><div class=\"plan plan-centered\"><div class=\"plan-container\"><div class=\"plan-title\"><h3 class=\"text-color-jevc-color\">10 sessions d'entrainement en groupe<\/h3><\/div><div class=\"plan-price\"><span class=\"price text-color-jevc-color\">$200 <\/span><span> + HST per session<\/span><\/div><div class=\"plan-list\"><ul class=\"item-list\"><li><strong><\/strong><\/li><\/ul><\/div><\/div><\/div><\/div><\/div><\/div><\/div><\/div><\/div><div class=\"wpb_column pos-top pos-center align_left column_parent col-lg-4 single-internal-gutter\"><div class=\"uncol style-light\"  ><div class=\"uncoltable\"><div class=\"uncell no-block-padding\" ><div class=\"uncont\" ><div class=\"uncode-wrapper uncode-pricing\" ><div class=\"plan plan-centered\"><div class=\"plan-container\"><div class=\"plan-title\"><h3 class=\"text-color-jevc-color\">15 sessions d'entrainement en groupe<\/h3><\/div><div class=\"plan-price\"><span class=\"price text-color-jevc-color\">$175 <\/span><span> + HST per session<\/span><\/div><div class=\"plan-list\"><ul class=\"item-list\"><li><strong><\/strong><\/li><\/ul><\/div><\/div><\/div><\/div><\/div><\/div><\/div><\/div><\/div><div class=\"wpb_column pos-top pos-center align_left column_parent col-lg-4 single-internal-gutter\"><div class=\"uncol style-light\"  ><div class=\"uncoltable\"><div class=\"uncell no-block-padding\" ><div class=\"uncont\" ><div class=\"uncode-wrapper uncode-pricing\" ><div class=\"plan plan-centered\"><div class=\"plan-container\"><div class=\"plan-title\"><h3 class=\"text-color-jevc-color\">20 sessions d'entrainement en groupe<\/h3><\/div><div class=\"plan-price\"><span class=\"price text-color-jevc-color\">$150 <\/span><span> + HST per session<\/span><\/div><div class=\"plan-list\"><ul class=\"item-list\"><li><strong><\/strong><\/li><\/ul><\/div><\/div><\/div><\/div><\/div><\/div><\/div><\/div><\/div><script id=\"script-row-unique-4\" data-row=\"script-row-unique-4\" type=\"text\/javascript\" class=\"vc_controls\">UNCODE.initRow(document.getElementById(\"row-unique-4\"));<\/script><\/div><\/div><\/div><div data-parent=\"true\" class=\"vc_row row-container\" id=\"row-unique-5\"><div class=\"row col-no-gutter single-top-padding double-bottom-padding double-h-padding limit-width row-parent\"><div class=\"wpb_row row-inner\"><div class=\"wpb_column pos-top pos-center align_center column_parent col-lg-12 no-internal-gutter\"><div class=\"uncol style-dark\"  ><div class=\"uncoltable\"><div class=\"uncell no-block-padding\" ><div class=\"uncont\" ><div class=\"vc_custom_heading_wrap \"><div class=\"heading-text el-text\" ><h3 class=\"h3 font-weight-300 text-color-jevc-color\" ><span>Veuillez noter que notre installation est \u00e9galement disponible \u00e0 la location lorsqu&#8217;elle n&#8217;est pas utilis\u00e9e par l&#8217;un de nos programmes. Pour louer l&#8217;installation, vous pouvez nous contacter par <span style=\"color: #ff0000;\"><a style=\"color: #ff0000;\" href=\"mailto:%20brandon@atlantichockeygroup.com\"><strong>e-<\/strong>mail<\/a>.<\/span><\/span><\/h3><\/div><div class=\"clear\"><\/div><\/div><\/div><\/div><\/div><\/div><\/div><script id=\"script-row-unique-5\" data-row=\"script-row-unique-5\" type=\"text\/javascript\" class=\"vc_controls\">UNCODE.initRow(document.getElementById(\"row-unique-5\"));<\/script><\/div><\/div><\/div><div data-parent=\"true\" class=\"vc_row style-accent-bg row-container\" id=\"row-unique-6\"><div class=\"row col-no-gutter double-top-padding double-bottom-padding double-h-padding limit-width row-parent\"><div class=\"wpb_row row-inner\"><div class=\"wpb_column pos-top pos-center align_center column_parent col-lg-12 no-internal-gutter\"><div class=\"uncol style-dark\"  ><div class=\"uncoltable\"><div class=\"uncell no-block-padding\" ><div class=\"uncont\" ><\/div><\/div><\/div><\/div><\/div><script id=\"script-row-unique-6\" data-row=\"script-row-unique-6\" type=\"text\/javascript\" class=\"vc_controls\">UNCODE.initRow(document.getElementById(\"row-unique-6\"));<\/script><\/div><\/div><\/div><div data-parent=\"true\" class=\"vc_row row-container\" id=\"row-unique-7\"><div class=\"row col-no-gutter single-top-padding one-bottom-padding double-h-padding limit-width row-parent\"><div class=\"wpb_row row-inner\"><div class=\"wpb_column pos-top pos-center align_center column_parent col-lg-12 no-internal-gutter\"><div class=\"uncol style-dark\"  ><div class=\"uncoltable\"><div class=\"uncell no-block-padding\" ><div class=\"uncont\" ><div class=\"vc_custom_heading_wrap \"><div class=\"heading-text el-text\" ><h1 class=\"h1 fontheight-524109 font-weight-600 text-color-rgdb-color\" ><span>Notre \u00e9quipe<\/span><\/h1><\/div><div class=\"clear\"><\/div><\/div><\/div><\/div><\/div><\/div><\/div><script id=\"script-row-unique-7\" data-row=\"script-row-unique-7\" type=\"text\/javascript\" class=\"vc_controls\">UNCODE.initRow(document.getElementById(\"row-unique-7\"));<\/script><\/div><\/div><\/div><div data-parent=\"true\" class=\"vc_row vc_custom_1438176136018 border-color-gyho-color row-container onepage-section\" data-label=\"Welcome\" data-name=\"welcome\" style=\"border-style: solid;border-bottom-width: 1px ;\" id=\"row-unique-8\"><div class=\"row-background background-element\" style=\"opacity: 1;\">\n\t\t\t\t\t\t\t\t\t\t\t<div class=\"background-wrapper\">\n\t\t\t\t\t\t\t\t\t\t\t\t<div class=\"background-inner\"><\/div>\n\t\t\t\t\t\t\t\t\t\t\t\t<div class=\"block-bg-overlay style-color-xsdn-bg\" style=\"opacity: 0.7;\"><\/div>\n\t\t\t\t\t\t\t\t\t\t\t<\/div>\n\t\t\t\t\t\t\t\t\t\t<\/div><div class=\"row double-top-padding double-bottom-padding single-h-padding limit-width row-parent\"><div class=\"wpb_row row-inner\"><div class=\"wpb_column pos-top pos-center align_left column_parent col-lg-12 one-internal-gutter\"><div class=\"uncol style-light\"  ><div class=\"uncoltable\"><div class=\"uncell no-block-padding\" ><div class=\"uncont\" ><div class=\"vc_row row-internal row-container\"><div class=\"row col-double-gutter row-child\"><div class=\"wpb_row row-inner\"><div class=\"wpb_column pos-top pos-center align_left column_child col-lg-6 single-internal-gutter\"><div class=\"uncol style-light\" ><div class=\"uncoltable\"><div class=\"uncell no-block-padding\" ><div class=\"uncont\" ><div class=\"uncode-single-media  text-left\"><div class=\"single-wrapper\" style=\"max-width: 100%;\"><div class=\"tmb tmb-light  tmb-img-ratio tmb-media-first tmb-media-last tmb-content-overlay tmb-no-bg\"><div class=\"t-inside\"><div class=\"t-entry-visual\"><div class=\"t-entry-visual-tc\"><div class=\"uncode-single-media-wrapper\"><div class=\"dummy\" style=\"padding-top: 100%;\"><\/div><img decoding=\"async\" class=\"wp-image-94499\" src=\"https:\/\/atlantichockeygroup.com\/wp-content\/uploads\/2021\/10\/Untitled-design-1-2.png\" width=\"1080\" height=\"1080\" alt=\"Director, Charlie Bourgeois High Performance Training\" srcset=\"https:\/\/atlantichockeygroup.com\/wp-content\/uploads\/2021\/10\/Untitled-design-1-2.png 1080w, https:\/\/atlantichockeygroup.com\/wp-content\/uploads\/2021\/10\/Untitled-design-1-2-300x300.png 300w, https:\/\/atlantichockeygroup.com\/wp-content\/uploads\/2021\/10\/Untitled-design-1-2-1024x1024.png 1024w, https:\/\/atlantichockeygroup.com\/wp-content\/uploads\/2021\/10\/Untitled-design-1-2-150x150.png 150w, https:\/\/atlantichockeygroup.com\/wp-content\/uploads\/2021\/10\/Untitled-design-1-2-768x768.png 768w, https:\/\/atlantichockeygroup.com\/wp-content\/uploads\/2021\/10\/Untitled-design-1-2-24x24.png 24w, https:\/\/atlantichockeygroup.com\/wp-content\/uploads\/2021\/10\/Untitled-design-1-2-48x48.png 48w, https:\/\/atlantichockeygroup.com\/wp-content\/uploads\/2021\/10\/Untitled-design-1-2-96x96.png 96w\" sizes=\"(max-width: 1080px) 100vw, 1080px\" \/><\/div>\n\t\t\t\t\t<\/div>\n\t\t\t\t<\/div><\/div><\/div><\/div><\/div><\/div><\/div><\/div><\/div><\/div><div class=\"wpb_column pos-top pos-center align_left column_child col-lg-6 single-internal-gutter\"><div class=\"uncol style-light\" ><div class=\"uncoltable\"><div class=\"uncell no-block-padding\" ><div class=\"uncont\" ><div class=\"vc_custom_heading_wrap \"><div class=\"heading-text el-text\" ><h1 class=\"font-762333 h1 text-capitalize\" ><span>Jean-Michel LeBlanc<\/span><\/h1><div class=\"text-lead\"><p>Instructeur en chef<\/p>\n<\/div><\/div><div class=\"clear\"><\/div><\/div><div class=\"vc_custom_heading_wrap \"><div class=\"heading-text el-text\" ><h4 class=\"h4 font-weight-300 text-color-jevc-color\" ><span>En tant qu&#8217;ex-athl\u00e8te, je sais ce que c&#8217;est que d&#8217;essayer de passer au niveau sup\u00e9rieur. Mon objectif est de vous aider \u00e0 am\u00e9liorer votre force, votre mobilit\u00e9 et votre explosivit\u00e9 pour gagner un avantage suppl\u00e9mentaire sur vos adversaires pour la saison prochaine.<\/p><\/span><span><p>&nbsp;<\/p><\/span><span><p><em>Jean-Michel est un ancien de la LHJMQ et Jr. A. Il est \u00e9galement un entra\u00eeneur personnel certifi\u00e9, un sp\u00e9cialiste du conditionnement fonctionnel et un massoth\u00e9rapeute agr\u00e9\u00e9.<\/em><\/span><\/h4><\/div><div class=\"clear\"><\/div><\/div><\/div><\/div><\/div><\/div><\/div><\/div><\/div><\/div><\/div><\/div><\/div><\/div><\/div><script id=\"script-row-unique-8\" data-row=\"script-row-unique-8\" type=\"text\/javascript\" class=\"vc_controls\">UNCODE.initRow(document.getElementById(\"row-unique-8\"));<\/script><\/div><\/div><\/div><div data-parent=\"true\" class=\"vc_row style-accent-bg row-container\" id=\"row-unique-9\"><div class=\"row double-top-padding double-bottom-padding single-h-padding limit-width row-parent\"><div class=\"wpb_row row-inner\"><div class=\"wpb_column pos-top pos-center align_center column_parent col-lg-12 single-internal-gutter\"><div class=\"uncol style-light\"  ><div class=\"uncoltable\"><div class=\"uncell no-block-padding\" ><div class=\"uncont\" ><div class=\"vc_custom_heading_wrap \"><div class=\"heading-text el-text curtain animate_inner_when_almost_visible el-text-split\" data-delay=\"200\"><h3 class=\"h1 fontspace-781688 font-weight-800 text-color-xsdn-color text-uppercase font-obs\" data-style=\"italic\" data-weight=\"800\" data-font=\"Roboto\"><i><span class=\"heading-text-inner\"><span class=\"split-word word1\"><span class=\"split-word-flow\"><span class=\"split-word-inner\">Contactez-nous<\/span><\/span><\/span><span class=\"split-word word2\"><span class=\"split-word-flow\"><span class=\"split-word-inner split-empty-inner\"><span class=\"split-word-empty\">&nbsp;<\/span>pour<\/span><\/span><\/span><span class=\"split-word word3\"><span class=\"split-word-flow\"><span class=\"split-word-inner split-empty-inner\"><span class=\"split-word-empty\">&nbsp;<\/span>en<\/span><\/span><\/span><span class=\"split-word word4\"><span class=\"split-word-flow\"><span class=\"split-word-inner split-empty-inner\"><span class=\"split-word-empty\">&nbsp;<\/span>savoir<\/span><\/span><\/span><span class=\"split-word word5\"><span class=\"split-word-flow\"><span class=\"split-word-inner split-empty-inner\"><span class=\"split-word-empty\">&nbsp;<\/span>plus<\/span><\/span><\/span><\/span><\/i><\/h3><\/div><div class=\"clear\"><\/div><\/div><span class=\"btn-container animate_when_almost_visible alpha-anim\" ><a role=\"button\"  href=\"mailto: jm@atlantichockeygroup.com\" class=\"custom-link btn btn-lg btn-custom-typo font-762333 font-weight-800 text-initial fontspace-210350 border-width-0 btn-color-wayh btn-round btn-italic btn-icon-left\">Ccontactez Jean-Michel LeBlanc<\/a><\/span><\/div><\/div><\/div><\/div><\/div><script id=\"script-row-unique-9\" data-row=\"script-row-unique-9\" type=\"text\/javascript\" class=\"vc_controls\">UNCODE.initRow(document.getElementById(\"row-unique-9\"));<\/script><\/div><\/div><\/div><div data-parent=\"true\" class=\"vc_row row-container onepage-section\" data-label=\"Design &amp; Quality\" data-name=\"design-quality\" id=\"row-unique-10\"><div class=\"row single-top-padding single-bottom-padding single-h-padding limit-width row-parent\"><div class=\"wpb_row row-inner\"><div class=\"wpb_column pos-top pos-center align_center column_parent col-lg-12 single-internal-gutter\"><div class=\"uncol style-light\"  ><div class=\"uncoltable\"><div class=\"uncell\" ><div class=\"uncont no-block-padding col-custom-width\" style=\" max-width:804px;\" ><div class=\"uncode-wrapper uncode-share  has-title\" ><h6>Partager<\/h6><hr class=\"separator-break separator-accent\" \/><div class=\"share-button share-buttons share-inline share-bigger\" data-url=\"\"><\/div><\/div><\/div><\/div><\/div><\/div><\/div><script id=\"script-row-unique-10\" data-row=\"script-row-unique-10\" type=\"text\/javascript\" class=\"vc_controls\">UNCODE.initRow(document.getElementById(\"row-unique-10\"));<\/script><\/div><\/div><\/div>\n<\/div>","protected":false},"excerpt":{"rendered":"Atteignez le niveau suivant!avec Charlie Bourgeois High Performance Training entraineurs hautement qualifi\u00e9sSous la conduite de l'expertise de Michel Johnson, nos [...]","protected":false},"author":3,"featured_media":85702,"parent":0,"menu_order":0,"comment_status":"closed","ping_status":"closed","template":"","meta":{"_monsterinsights_skip_tracking":false,"_monsterinsights_sitenote_active":false,"_monsterinsights_sitenote_note":"","_monsterinsights_sitenote_category":0,"footnotes":""},"class_list":["post-85932","page","type-page","status-publish","has-post-thumbnail","hentry"],"_links":{"self":[{"href":"https:\/\/atlantichockeygroup.com\/fr\/wp-json\/wp\/v2\/pages\/85932","targetHints":{"allow":["GET"]}}],"collection":[{"href":"https:\/\/atlantichockeygroup.com\/fr\/wp-json\/wp\/v2\/pages"}],"about":[{"href":"https:\/\/atlantichockeygroup.com\/fr\/wp-json\/wp\/v2\/types\/page"}],"author":[{"embeddable":true,"href":"https:\/\/atlantichockeygroup.com\/fr\/wp-json\/wp\/v2\/users\/3"}],"replies":[{"embeddable":true,"href":"https:\/\/atlantichockeygroup.com\/fr\/wp-json\/wp\/v2\/comments?post=85932"}],"version-history":[{"count":0,"href":"https:\/\/atlantichockeygroup.com\/fr\/wp-json\/wp\/v2\/pages\/85932\/revisions"}],"wp:featuredmedia":[{"embeddable":true,"href":"https:\/\/atlantichockeygroup.com\/fr\/wp-json\/wp\/v2\/media\/85702"}],"wp:attachment":[{"href":"https:\/\/atlantichockeygroup.com\/fr\/wp-json\/wp\/v2\/media?parent=85932"}],"curies":[{"name":"wp","href":"https:\/\/api.w.org\/{rel}","templated":true}]}}