{"id":86783,"date":"2019-12-07T00:59:50","date_gmt":"2019-12-07T00:59:50","guid":{"rendered":"https:\/\/atlantichockeygroup.com\/?page_id=86783"},"modified":"2024-07-15T23:59:21","modified_gmt":"2024-07-15T23:59:21","slug":"programme-de-collecte-de-fonds","status":"publish","type":"page","link":"https:\/\/atlantichockeygroup.com\/fr\/programme-de-collecte-de-fonds\/","title":{"rendered":"Programme de collecte de fonds"},"content":{"rendered":"<div class=\"wpb-content-wrapper\"><div data-parent=\"true\" class=\"vc_row style-accent-bg row-container\" id=\"row-unique-0\"><div class=\"row-background background-element\" style=\"opacity: 1;\">\n\t\t\t\t\t\t\t\t\t\t\t<div class=\"background-wrapper\">\n\t\t\t\t\t\t\t\t\t\t\t\t<div class=\"background-inner\"><\/div>\n\t\t\t\t\t\t\t\t\t\t\t\t<div class=\"block-bg-overlay style-accent-bg\" style=\"opacity: 0.85;\"><\/div>\n\t\t\t\t\t\t\t\t\t\t\t<\/div>\n\t\t\t\t\t\t\t\t\t\t<\/div><div class=\"row single-top-padding single-bottom-padding single-h-padding limit-width row-parent\" data-height-ratio=\"20\"><div class=\"wpb_row row-inner\"><div class=\"wpb_column pos-middle pos-center align_center column_parent col-lg-12 single-internal-gutter\"><div class=\"uncol style-dark\"  ><div class=\"uncoltable\"><div class=\"uncell no-block-padding\" ><div class=\"uncont\" ><div class=\"empty-space empty-double\" ><span class=\"empty-space-inner\"><\/span><\/div>\n<div class=\"vc_custom_heading_wrap\"><div class=\"heading-text el-text\" ><h1 class=\"font-762333 fontsize-155944 fontheight-179065 font-weight-700\" ><span>Programme de collecte de fonds 2024<\/span><\/h1><\/div><div class=\"clear\"><\/div><\/div><div class=\"empty-space empty-double\" ><span class=\"empty-space-inner\"><\/span><\/div>\n<\/div><\/div><\/div><\/div><\/div><script id=\"script-row-unique-0\" data-row=\"script-row-unique-0\" type=\"text\/javascript\" class=\"vc_controls\">UNCODE.initRow(document.getElementById(\"row-unique-0\"));<\/script><\/div><\/div><\/div><div data-parent=\"true\" class=\"vc_row row-container\" id=\"row-unique-1\"><div class=\"row col-no-gutter single-top-padding one-bottom-padding single-h-padding limit-width row-parent\"><div class=\"wpb_row row-inner\"><div class=\"wpb_column pos-top pos-center align_center column_parent col-lg-12 no-internal-gutter\"><div class=\"uncol style-dark\"  ><div class=\"uncoltable\"><div class=\"uncell no-block-padding\" ><div class=\"uncont\" ><div class=\"vc_custom_heading_wrap\"><div class=\"heading-text el-text\" ><h3 class=\"h3 fontheight-524109 font-weight-300 text-color-jevc-color\" ><span>VEUILLEZ NOTER POUR LES QUESTIONS D\u00c9TAILL\u00c9ES LI\u00c9ES AU PROGRAMME QUE VOUS POUVEZ VOUS R\u00c9F\u00c9RER AU <a href=\"https:\/\/atlantichockeygroup.com\/wp-content\/uploads\/2024\/05\/Fundraising-Program_FAQ-version-2.pdf\">FAQ SUR LES DOCUMENTS<\/a>.<\/span><\/h3><\/div><div class=\"clear\"><\/div><\/div><\/div><\/div><\/div><\/div><\/div><script id=\"script-row-unique-1\" data-row=\"script-row-unique-1\" type=\"text\/javascript\" class=\"vc_controls\">UNCODE.initRow(document.getElementById(\"row-unique-1\"));<\/script><\/div><\/div><\/div><div data-parent=\"true\" class=\"vc_row row-container\" id=\"row-unique-2\"><div class=\"row col-no-gutter single-top-padding one-bottom-padding single-h-padding limit-width row-parent\"><div class=\"wpb_row row-inner\"><div class=\"wpb_column pos-top pos-center align_center column_parent col-lg-12 no-internal-gutter\"><div class=\"uncol style-dark\"  ><div class=\"uncoltable\"><div class=\"uncell no-block-padding\" ><div class=\"uncont\" ><div class=\"vc_custom_heading_wrap\"><div class=\"heading-text el-text\" ><h1 class=\"h1 fontheight-524109 font-weight-600 text-color-jevc-color\" ><span>\u00c0 propos du programme<\/span><\/h1><hr class=\"separator-break\" \/><\/div><div class=\"clear\"><\/div><\/div><div class=\"vc_custom_heading_wrap\"><div class=\"heading-text el-text\" ><h3 class=\"h3 fontheight-524109 font-weight-300 text-color-jevc-color\" ><span>Afin d\u2019aider les familles \u00e0 couvrir les co\u00fbts associ\u00e9s \u00e0 nos programmes, le Groupe de Hockey de l&#8217;Atlantique a mis en place un programme de collecte de fonds. Cette page d\u00e9taille les informations sur ce programme que vous pouvez utiliser pour tirer parti de ce programme. S&#8217;il vous pla\u00eet \u00eatre conscient que ce programme est facultatif.<\/span><\/h3><\/div><div class=\"clear\"><\/div><\/div><\/div><\/div><\/div><\/div><\/div><script id=\"script-row-unique-2\" data-row=\"script-row-unique-2\" type=\"text\/javascript\" class=\"vc_controls\">UNCODE.initRow(document.getElementById(\"row-unique-2\"));<\/script><\/div><\/div><\/div><div data-parent=\"true\" class=\"vc_row row-container\" id=\"row-unique-3\"><div class=\"row col-no-gutter single-top-padding single-bottom-padding single-h-padding limit-width row-parent\"><div class=\"wpb_row row-inner\"><div class=\"wpb_column pos-top pos-center align_center column_parent col-lg-12 no-internal-gutter\"><div class=\"uncol style-dark\"  ><div class=\"uncoltable\"><div class=\"uncell no-block-padding\" ><div class=\"uncont\" ><div class=\"vc_custom_heading_wrap\"><div class=\"heading-text el-text\" ><h1 class=\"h1 fontheight-524109 font-weight-600 text-color-jevc-color\" ><span><strong>Commandite de Chandail<\/strong><\/span><\/h1><hr class=\"separator-break\" \/><\/div><div class=\"clear\"><\/div><\/div><div class=\"vc_custom_heading_wrap\"><div class=\"heading-text el-text\" ><h3 class=\"h3 fontheight-524109 font-weight-300 text-color-jevc-color\" ><span>Le programme fonctionne en permettant aux parents et aux joueurs d\u2019appeler les entreprises pour obtenir de l\u2019aide. En \u00e9change d&#8217;un parrainage financier, les entreprises font placer de la publicit\u00e9 au dos du maillot du joueur. Les fonds recueillis dans le cadre du programme de commandites doivent \u00eatre soumis, avec les formulaires pertinents, au groupe de hockey de l&#8217;Atlantique. Le Groupe Hockey Atlantique sera responsable de l&#8217;application des fonds, moins les frais administratifs, au participant. <em>REMARQUE<\/em> : Un maximum de 2 lignes est autoris\u00e9 au dos du maillot, avec un maximum de 14 espaces par ligne. Les participants ont droit \u00e0 2 sponsors sur le maillot (1 ligne chacun).<\/span><\/h3><\/div><div class=\"clear\"><\/div><\/div><\/div><\/div><\/div><\/div><\/div><script id=\"script-row-unique-3\" data-row=\"script-row-unique-3\" type=\"text\/javascript\" class=\"vc_controls\">UNCODE.initRow(document.getElementById(\"row-unique-3\"));<\/script><\/div><\/div><\/div><div data-parent=\"true\" class=\"vc_row row-container\" id=\"row-unique-4\"><div class=\"row col-no-gutter single-top-padding no-bottom-padding single-h-padding limit-width row-parent\"><div class=\"wpb_row row-inner\"><div class=\"wpb_column pos-top pos-center align_center column_parent col-lg-12 no-internal-gutter\"><div class=\"uncol style-dark\"  ><div class=\"uncoltable\"><div class=\"uncell no-block-padding\" ><div class=\"uncont\" ><div class=\"un-media-gallery owl-carousel-wrapper\">\n\t\t\n\t\n\t<div class=\"owl-carousel-container owl-carousel-loading single-gutter\" >\n\t\t\t\t\t\t\t\t\t<div id=\"gallery-109270\" class=\"owl-carousel owl-element owl-height-auto\" data-navmobile=\"false\" data-navspeed=\"400\" data-autoplay=\"true\" data-timeout=\"3000\" data-stagepadding=\"0\" data-lg=\"3\" data-md=\"3\" data-sm=\"1\">\n<div class=\"tmb tmb-carousel tmb-iso-h4 tmb-light tmb-overlay-text-anim tmb-overlay-anim tmb-overlay-middle tmb-overlay-text-left tmb-image-anim tmb-bordered tmb-id-86813  tmb-media-first tmb-media-last tmb-content-overlay tmb-no-bg tmb-lightbox\" ><div class=\"t-inside no-anim\" ><div class=\"t-entry-visual\"><div class=\"t-entry-visual-tc\"><div class=\"t-entry-visual-cont\"><div class=\"dummy\" style=\"padding-top: 100%;\"><\/div><a href=\"https:\/\/atlantichockeygroup.com\/wp-content\/uploads\/2019\/12\/Untitled-design-77.png\"  class=\"pushed\" data-active=\"1\" data-lbox=\"ilightbox_gallery-109270\" data-options=\"width:800,height:800,thumbnail: 'https:\/\/atlantichockeygroup.com\/wp-content\/uploads\/2019\/12\/Untitled-design-77-300x300.png'\" data-lb-index=\"0\"><div class=\"t-entry-visual-overlay\"><div class=\"t-entry-visual-overlay-in style-dark-bg\" style=\"opacity: 0.5;\"><\/div><\/div><img decoding=\"async\" class=\"wp-image-86813\" src=\"https:\/\/atlantichockeygroup.com\/wp-content\/uploads\/2019\/12\/Untitled-design-77.png\" width=\"800\" height=\"800\" alt=\"\" srcset=\"https:\/\/atlantichockeygroup.com\/wp-content\/uploads\/2019\/12\/Untitled-design-77.png 800w, https:\/\/atlantichockeygroup.com\/wp-content\/uploads\/2019\/12\/Untitled-design-77-300x300.png 300w, https:\/\/atlantichockeygroup.com\/wp-content\/uploads\/2019\/12\/Untitled-design-77-150x150.png 150w, https:\/\/atlantichockeygroup.com\/wp-content\/uploads\/2019\/12\/Untitled-design-77-768x768.png 768w\" sizes=\"(max-width: 800px) 100vw, 800px\" \/><\/a><\/div>\n\t\t\t\t\t<\/div>\n\t\t\t\t<\/div><\/div><\/div><div class=\"tmb tmb-carousel tmb-iso-h4 tmb-light tmb-overlay-text-anim tmb-overlay-anim tmb-overlay-middle tmb-overlay-text-left tmb-image-anim tmb-bordered tmb-id-86809  tmb-media-first tmb-media-last tmb-content-overlay tmb-no-bg tmb-lightbox\" ><div class=\"t-inside no-anim\" ><div class=\"t-entry-visual\"><div class=\"t-entry-visual-tc\"><div class=\"t-entry-visual-cont\"><div class=\"dummy\" style=\"padding-top: 100%;\"><\/div><a href=\"https:\/\/atlantichockeygroup.com\/wp-content\/uploads\/2019\/12\/Untitled-design-79.png\"  class=\"pushed\" data-active=\"1\" data-lbox=\"ilightbox_gallery-109270\" data-options=\"width:800,height:800,thumbnail: 'https:\/\/atlantichockeygroup.com\/wp-content\/uploads\/2019\/12\/Untitled-design-79-300x300.png'\" data-lb-index=\"1\"><div class=\"t-entry-visual-overlay\"><div class=\"t-entry-visual-overlay-in style-dark-bg\" style=\"opacity: 0.5;\"><\/div><\/div><img decoding=\"async\" class=\"wp-image-86809\" src=\"https:\/\/atlantichockeygroup.com\/wp-content\/uploads\/2019\/12\/Untitled-design-79.png\" width=\"800\" height=\"800\" alt=\"\" srcset=\"https:\/\/atlantichockeygroup.com\/wp-content\/uploads\/2019\/12\/Untitled-design-79.png 800w, https:\/\/atlantichockeygroup.com\/wp-content\/uploads\/2019\/12\/Untitled-design-79-300x300.png 300w, https:\/\/atlantichockeygroup.com\/wp-content\/uploads\/2019\/12\/Untitled-design-79-150x150.png 150w, https:\/\/atlantichockeygroup.com\/wp-content\/uploads\/2019\/12\/Untitled-design-79-768x768.png 768w\" sizes=\"(max-width: 800px) 100vw, 800px\" \/><\/a><\/div>\n\t\t\t\t\t<\/div>\n\t\t\t\t<\/div><\/div><\/div><div class=\"tmb tmb-carousel tmb-iso-h4 tmb-light tmb-overlay-text-anim tmb-overlay-anim tmb-overlay-middle tmb-overlay-text-left tmb-image-anim tmb-bordered tmb-id-86817  tmb-media-first tmb-media-last tmb-content-overlay tmb-no-bg tmb-lightbox\" ><div class=\"t-inside no-anim\" ><div class=\"t-entry-visual\"><div class=\"t-entry-visual-tc\"><div class=\"t-entry-visual-cont\"><div class=\"dummy\" style=\"padding-top: 100%;\"><\/div><a href=\"https:\/\/atlantichockeygroup.com\/wp-content\/uploads\/2019\/12\/Untitled-design-75.png\"  class=\"pushed\" data-active=\"1\" data-lbox=\"ilightbox_gallery-109270\" data-options=\"width:800,height:800,thumbnail: 'https:\/\/atlantichockeygroup.com\/wp-content\/uploads\/2019\/12\/Untitled-design-75-300x300.png'\" data-lb-index=\"2\"><div class=\"t-entry-visual-overlay\"><div class=\"t-entry-visual-overlay-in style-dark-bg\" style=\"opacity: 0.5;\"><\/div><\/div><img decoding=\"async\" class=\"wp-image-86817\" src=\"https:\/\/atlantichockeygroup.com\/wp-content\/uploads\/2019\/12\/Untitled-design-75.png\" width=\"800\" height=\"800\" alt=\"\" srcset=\"https:\/\/atlantichockeygroup.com\/wp-content\/uploads\/2019\/12\/Untitled-design-75.png 800w, https:\/\/atlantichockeygroup.com\/wp-content\/uploads\/2019\/12\/Untitled-design-75-300x300.png 300w, https:\/\/atlantichockeygroup.com\/wp-content\/uploads\/2019\/12\/Untitled-design-75-150x150.png 150w, https:\/\/atlantichockeygroup.com\/wp-content\/uploads\/2019\/12\/Untitled-design-75-768x768.png 768w\" sizes=\"(max-width: 800px) 100vw, 800px\" \/><\/a><\/div>\n\t\t\t\t\t<\/div>\n\t\t\t\t<\/div><\/div><\/div><div class=\"tmb tmb-carousel tmb-iso-h4 tmb-light tmb-overlay-text-anim tmb-overlay-anim tmb-overlay-middle tmb-overlay-text-left tmb-image-anim tmb-bordered tmb-id-86815  tmb-media-first tmb-media-last tmb-content-overlay tmb-no-bg tmb-lightbox\" ><div class=\"t-inside no-anim\" ><div class=\"t-entry-visual\"><div class=\"t-entry-visual-tc\"><div class=\"t-entry-visual-cont\"><div class=\"dummy\" style=\"padding-top: 100%;\"><\/div><a href=\"https:\/\/atlantichockeygroup.com\/wp-content\/uploads\/2019\/12\/Untitled-design-76.png\"  class=\"pushed\" data-active=\"1\" data-lbox=\"ilightbox_gallery-109270\" data-options=\"width:800,height:800,thumbnail: 'https:\/\/atlantichockeygroup.com\/wp-content\/uploads\/2019\/12\/Untitled-design-76-300x300.png'\" data-lb-index=\"3\"><div class=\"t-entry-visual-overlay\"><div class=\"t-entry-visual-overlay-in style-dark-bg\" style=\"opacity: 0.5;\"><\/div><\/div><img decoding=\"async\" class=\"wp-image-86815\" src=\"https:\/\/atlantichockeygroup.com\/wp-content\/uploads\/2019\/12\/Untitled-design-76.png\" width=\"800\" height=\"800\" alt=\"\" srcset=\"https:\/\/atlantichockeygroup.com\/wp-content\/uploads\/2019\/12\/Untitled-design-76.png 800w, https:\/\/atlantichockeygroup.com\/wp-content\/uploads\/2019\/12\/Untitled-design-76-300x300.png 300w, https:\/\/atlantichockeygroup.com\/wp-content\/uploads\/2019\/12\/Untitled-design-76-150x150.png 150w, https:\/\/atlantichockeygroup.com\/wp-content\/uploads\/2019\/12\/Untitled-design-76-768x768.png 768w\" sizes=\"(max-width: 800px) 100vw, 800px\" \/><\/a><\/div>\n\t\t\t\t\t<\/div>\n\t\t\t\t<\/div><\/div><\/div><div class=\"tmb tmb-carousel tmb-iso-h4 tmb-light tmb-overlay-text-anim tmb-overlay-anim tmb-overlay-middle tmb-overlay-text-left tmb-image-anim tmb-bordered tmb-id-86811  tmb-media-first tmb-media-last tmb-content-overlay tmb-no-bg tmb-lightbox\" ><div class=\"t-inside no-anim\" ><div class=\"t-entry-visual\"><div class=\"t-entry-visual-tc\"><div class=\"t-entry-visual-cont\"><div class=\"dummy\" style=\"padding-top: 100%;\"><\/div><a href=\"https:\/\/atlantichockeygroup.com\/wp-content\/uploads\/2019\/12\/Untitled-design-78.png\"  class=\"pushed\" data-active=\"1\" data-lbox=\"ilightbox_gallery-109270\" data-options=\"width:800,height:800,thumbnail: 'https:\/\/atlantichockeygroup.com\/wp-content\/uploads\/2019\/12\/Untitled-design-78-300x300.png'\" data-lb-index=\"4\"><div class=\"t-entry-visual-overlay\"><div class=\"t-entry-visual-overlay-in style-dark-bg\" style=\"opacity: 0.5;\"><\/div><\/div><img decoding=\"async\" class=\"wp-image-86811\" src=\"https:\/\/atlantichockeygroup.com\/wp-content\/uploads\/2019\/12\/Untitled-design-78.png\" width=\"800\" height=\"800\" alt=\"\" srcset=\"https:\/\/atlantichockeygroup.com\/wp-content\/uploads\/2019\/12\/Untitled-design-78.png 800w, https:\/\/atlantichockeygroup.com\/wp-content\/uploads\/2019\/12\/Untitled-design-78-300x300.png 300w, https:\/\/atlantichockeygroup.com\/wp-content\/uploads\/2019\/12\/Untitled-design-78-150x150.png 150w, https:\/\/atlantichockeygroup.com\/wp-content\/uploads\/2019\/12\/Untitled-design-78-768x768.png 768w\" sizes=\"(max-width: 800px) 100vw, 800px\" \/><\/a><\/div>\n\t\t\t\t\t<\/div>\n\t\t\t\t<\/div><\/div><\/div>\t\t\t<\/div>\n\t\t\t\t\t<\/div>\n\n\t\n\t\n\t\n<\/div>\n\n<\/div><\/div><\/div><\/div><\/div><script id=\"script-row-unique-4\" data-row=\"script-row-unique-4\" type=\"text\/javascript\" class=\"vc_controls\">UNCODE.initRow(document.getElementById(\"row-unique-4\"));<\/script><\/div><\/div><\/div><div data-parent=\"true\" class=\"vc_row row-container\" id=\"row-unique-5\"><div class=\"row col-no-gutter double-top-padding single-bottom-padding single-h-padding limit-width row-parent\"><div class=\"wpb_row row-inner\"><div class=\"wpb_column pos-top pos-center align_center column_parent col-lg-12 no-internal-gutter\"><div class=\"uncol style-dark\"  ><div class=\"uncoltable\"><div class=\"uncell no-block-padding\" ><div class=\"uncont\" ><div class=\"vc_custom_heading_wrap\"><div class=\"heading-text el-text\" ><h1 class=\"h1 fontheight-524109 font-weight-600 text-color-jevc-color\" ><span>Comment \u00e7a marche<\/span><\/h1><hr class=\"separator-break\" \/><\/div><div class=\"clear\"><\/div><\/div><div class=\"vc_custom_heading_wrap\"><div class=\"heading-text el-text\" ><h3 class=\"h3 fontheight-524109 font-weight-300 text-color-jevc-color\" ><span>Vous pouvez t\u00e9l\u00e9charger une lettre ci-dessous pour aider \u00e0 recruter des sponsors. Vous trouverez ci-dessous sur cette page quelques options diff\u00e9rentes pour terminer le processus une fois les sponsors recrut\u00e9s.<\/p><\/span><span><p>&nbsp;<\/p><\/span><span><p>Les parents ou sponsors peuvent remplir le formulaire ci-dessous. Avec ce formulaire, les parents ou les sponsors rempliront les informations requises, notamment le nom du joueur, le nom de l&#8217;\u00e9quipe et la division. En termes de soumission du paiement, il y aura une option pour effectuer un paiement <strong>en ligne<\/strong> ou <strong>hors ligne<\/strong>. Les paiements en ligne comporteront un paiement par carte de cr\u00e9dit sur le formulaire. Les paiements hors ligne n\u00e9cessiteront un paiement envoy\u00e9 s\u00e9par\u00e9ment (ch\u00e8que post\u00e9, virement \u00e9lectronique, carte de cr\u00e9dit par t\u00e9l\u00e9phone).<\/p><\/span><span><p>&nbsp;<\/p><\/span><span><p>Des re\u00e7us officiels ou des factures du Groupe Hockey Atlantique avec num\u00e9ro d&#8217;entreprise seront envoy\u00e9s par la poste aux familles et pourront \u00eatre fournis aux entreprises commanditaires. Pour les entreprises qui envoient des ch\u00e8ques, veuillez les faire \u00e0 l&#8217;ordre de &#8220;Atlantic Hockey Group&#8221;. Les ch\u00e8ques peuvent \u00eatre post\u00e9s \u00e0 <strong>Groupe de hockey de l&#039;Atlantique, 28, croissant Rooney, Moncton (NB) E1E 4M3.<\/strong> <\/p><\/span><span><p>&nbsp;<\/p><\/span><span><p>Si vous envoyez un virement \u00e9lectronique, ils peuvent \u00eatre envoy\u00e9s \u00e0 <a href=\"mailto:accounting@atlantichockeygroup.com\"><strong>accounting@atlantichockeygroup.com<\/strong><\/a><\/p><\/span><span><p>&nbsp;<\/p><\/span><span><p><em><span style=\"color: #000000;\">IMPORTANT : Veuillez conseiller aux sponsors d&#8217;inclure le nom de votre joueur s&#8217;ils envoient un ch\u00e8que ou un virement \u00e9lectronique afin d&#8217;\u00e9viter toute confusion.<\/span><\/em><\/span><\/h3><\/div><div class=\"clear\"><\/div><\/div><\/div><\/div><\/div><\/div><\/div><script id=\"script-row-unique-5\" data-row=\"script-row-unique-5\" type=\"text\/javascript\" class=\"vc_controls\">UNCODE.initRow(document.getElementById(\"row-unique-5\"));<\/script><\/div><\/div><\/div><div data-parent=\"true\" class=\"vc_row row-container\" id=\"row-unique-6\"><div class=\"row col-no-gutter single-top-padding one-bottom-padding single-h-padding limit-width row-parent\"><div class=\"wpb_row row-inner\"><div class=\"wpb_column pos-top pos-center align_center column_parent col-lg-12 no-internal-gutter\"><div class=\"uncol style-dark\"  ><div class=\"uncoltable\"><div class=\"uncell no-block-padding\" ><div class=\"uncont\" ><div class=\"vc_custom_heading_wrap\"><div class=\"heading-text el-text\" ><h1 class=\"h1 fontheight-524109 font-weight-600 text-color-jevc-color\" ><span><span style=\"color: #000000;\">DOCUMENTS ET LIENS DE COLLECTE DE FONDS \u00c9T\u00c9 2024<\/span><\/span><\/h1><hr class=\"separator-break\" \/><\/div><div class=\"clear\"><\/div><\/div><\/div><\/div><\/div><\/div><\/div><script id=\"script-row-unique-6\" data-row=\"script-row-unique-6\" type=\"text\/javascript\" class=\"vc_controls\">UNCODE.initRow(document.getElementById(\"row-unique-6\"));<\/script><\/div><\/div><\/div><div data-parent=\"true\" class=\"vc_row row-container\" id=\"row-unique-7\"><div class=\"row col-no-gutter single-top-padding one-bottom-padding single-h-padding limit-width row-parent\"><div class=\"wpb_row row-inner\"><div class=\"wpb_column pos-top pos-center align_center column_parent col-lg-12 one-internal-gutter\"><div class=\"uncol style-dark\"  ><div class=\"uncoltable\"><div class=\"uncell no-block-padding\" ><div class=\"uncont\" ><span class=\"btn-container\" ><a role=\"button\"  href=\"https:\/\/atlantichockeygroup.com\/wp-content\/uploads\/2023\/11\/Letter-to-Sponsors-EN.pdf\" class=\"custom-link btn btn-lg border-width-0 btn-color-jevc btn-round btn-icon-left\" target=\"_blank\">LETTRE D&#8217;\u00c9T\u00c9 2024 AUX SPONSORS (ANGLAIS)<\/a><\/span><span class=\"btn-container\" ><a role=\"button\"  href=\"https:\/\/atlantichockeygroup.com\/wp-content\/uploads\/2023\/11\/Letter-to-Sponsors-FR.pdf\" class=\"custom-link btn btn-lg border-width-0 btn-color-jevc btn-round btn-icon-left\" target=\"_blank\">LETTRE D&#8217;\u00c9T\u00c9 2024 AUX SPONSORS (FRANCAIS)<\/a><\/span><span class=\"btn-container\" ><a role=\"button\"  href=\"https:\/\/atlantichockeygroup.com\/wp-content\/uploads\/2024\/05\/Fundraising-Program_FAQ-version-2.pdf\" class=\"custom-link btn btn-lg border-width-0 btn-color-jevc btn-round btn-icon-left\" target=\"_blank\">QUESTIONS FR\u00c9QUEMMENT POS\u00c9ES SUR LA COLLECTE DE FONDS<\/a><\/span><div class=\"empty-space empty-single\" ><span class=\"empty-space-inner\"><\/span><\/div>\n<span class=\"btn-container\" ><a role=\"button\"  href=\"https:\/\/ahgcentral.sportngin.com\/register\/form\/319171521\" class=\"custom-link btn btn-lg border-width-0 btn-accent btn-round btn-icon-left\" target=\"_blank\">FORMULAIRE DE PARRAINAGE EN LIGNE<\/a><\/span><\/div><\/div><\/div><\/div><\/div><script id=\"script-row-unique-7\" data-row=\"script-row-unique-7\" type=\"text\/javascript\" class=\"vc_controls\">UNCODE.initRow(document.getElementById(\"row-unique-7\"));<\/script><\/div><\/div><\/div><div data-parent=\"true\" class=\"vc_row row-container\" id=\"row-unique-8\"><div class=\"row col-no-gutter double-top-padding single-bottom-padding single-h-padding limit-width row-parent\"><div class=\"wpb_row row-inner\"><div class=\"wpb_column pos-top pos-center align_center column_parent col-lg-12 no-internal-gutter\"><div class=\"uncol style-dark\"  ><div class=\"uncoltable\"><div class=\"uncell no-block-padding\" ><div class=\"uncont\" ><div class=\"vc_custom_heading_wrap\"><div class=\"heading-text el-text\" ><h3 class=\"h3 fontheight-524109 font-weight-300 text-color-jevc-color\" ><span>Si vous avez des questions, veuillez contacter <a href=\"mailto:vivian@atlantichockeygroup.com\">vivian@atlantichockeygroup.com.<\/a><\/span><\/h3><\/div><div class=\"clear\"><\/div><\/div><\/div><\/div><\/div><\/div><\/div><script id=\"script-row-unique-8\" data-row=\"script-row-unique-8\" type=\"text\/javascript\" class=\"vc_controls\">UNCODE.initRow(document.getElementById(\"row-unique-8\"));<\/script><\/div><\/div><\/div><div data-parent=\"true\" class=\"vc_row row-container onepage-section\" data-label=\"Design &amp; Quality\" data-name=\"design-quality\" id=\"row-unique-9\"><div class=\"row single-top-padding single-bottom-padding single-h-padding limit-width row-parent\"><div class=\"wpb_row row-inner\"><div class=\"wpb_column pos-top pos-center align_center column_parent col-lg-12 single-internal-gutter\"><div class=\"uncol style-light\"  ><div class=\"uncoltable\"><div class=\"uncell\" ><div class=\"uncont no-block-padding col-custom-width\" style=\" max-width:804px;\" ><div class=\"uncode-wrapper uncode-share  has-title\" ><h6>Partager<\/h6><hr class=\"separator-break separator-accent\" \/><div class=\"share-button share-buttons share-inline share-bigger\" data-url=\"\"><\/div><\/div><\/div><\/div><\/div><\/div><\/div><script id=\"script-row-unique-9\" data-row=\"script-row-unique-9\" type=\"text\/javascript\" class=\"vc_controls\">UNCODE.initRow(document.getElementById(\"row-unique-9\"));<\/script><\/div><\/div><\/div>\n<\/div>","protected":false},"excerpt":{"rendered":"Programme de collecte de fonds 2024 VEUILLEZ NOTER POUR LES QUESTIONS D\u00c9TAILL\u00c9ES LI\u00c9ES AU PROGRAMME QUE VOUS POUVEZ VOUS R\u00c9F\u00c9RER [...]","protected":false},"author":3,"featured_media":94468,"parent":0,"menu_order":0,"comment_status":"closed","ping_status":"closed","template":"","meta":{"_monsterinsights_skip_tracking":false,"_monsterinsights_sitenote_active":false,"_monsterinsights_sitenote_note":"","_monsterinsights_sitenote_category":0,"footnotes":""},"class_list":["post-86783","page","type-page","status-publish","has-post-thumbnail","hentry"],"_links":{"self":[{"href":"https:\/\/atlantichockeygroup.com\/fr\/wp-json\/wp\/v2\/pages\/86783","targetHints":{"allow":["GET"]}}],"collection":[{"href":"https:\/\/atlantichockeygroup.com\/fr\/wp-json\/wp\/v2\/pages"}],"about":[{"href":"https:\/\/atlantichockeygroup.com\/fr\/wp-json\/wp\/v2\/types\/page"}],"author":[{"embeddable":true,"href":"https:\/\/atlantichockeygroup.com\/fr\/wp-json\/wp\/v2\/users\/3"}],"replies":[{"embeddable":true,"href":"https:\/\/atlantichockeygroup.com\/fr\/wp-json\/wp\/v2\/comments?post=86783"}],"version-history":[{"count":0,"href":"https:\/\/atlantichockeygroup.com\/fr\/wp-json\/wp\/v2\/pages\/86783\/revisions"}],"wp:featuredmedia":[{"embeddable":true,"href":"https:\/\/atlantichockeygroup.com\/fr\/wp-json\/wp\/v2\/media\/94468"}],"wp:attachment":[{"href":"https:\/\/atlantichockeygroup.com\/fr\/wp-json\/wp\/v2\/media?parent=86783"}],"curies":[{"name":"wp","href":"https:\/\/api.w.org\/{rel}","templated":true}]}}