{"id":88100,"date":"2021-01-28T21:06:45","date_gmt":"2021-01-28T21:06:45","guid":{"rendered":"https:\/\/atlantichockeygroup.com\/?page_id=88100"},"modified":"2022-01-24T16:29:31","modified_gmt":"2022-01-24T16:29:31","slug":"programme-entrainement-de-hockey","status":"publish","type":"page","link":"https:\/\/atlantichockeygroup.com\/fr\/programme-entrainement-de-hockey\/","title":{"rendered":"Programme d&#8217;entra\u00eenement de hockey \u00e9lite"},"content":{"rendered":"<div class=\"wpb-content-wrapper\"><div data-parent=\"true\" class=\"vc_row row-container\" id=\"row-unique-0\"><div class=\"row-background background-element\">\n\t\t\t\t\t\t\t\t\t\t\t<div class=\"background-wrapper\">\n\t\t\t\t\t\t\t\t\t\t\t\t<div class=\"background-inner\" style=\"background-image: url(https:\/\/atlantichockeygroup.com\/wp-content\/uploads\/2019\/11\/78925864_707970409692611_5086579306805592064_n.jpg);background-repeat: no-repeat;background-position: center center;background-attachment: scroll;background-size: cover;\"><\/div>\n\t\t\t\t\t\t\t\t\t\t\t\t<div class=\"block-bg-overlay style-accent-bg\" style=\"opacity: 0.85;\"><\/div>\n\t\t\t\t\t\t\t\t\t\t\t<\/div>\n\t\t\t\t\t\t\t\t\t\t<\/div><div class=\"row single-top-padding single-bottom-padding single-h-padding limit-width row-parent\" data-height-ratio=\"50\"><div class=\"wpb_row row-inner\"><div class=\"wpb_column pos-middle pos-center align_center column_parent col-lg-12 single-internal-gutter\"><div class=\"uncol style-dark\"  ><div class=\"uncoltable\"><div class=\"uncell no-block-padding\" ><div class=\"uncont\" ><div class=\"empty-space empty-single\" ><span class=\"empty-space-inner\"><\/span><\/div>\n<div class=\"vc_custom_heading_wrap\"><div class=\"heading-text el-text\" ><h1 class=\"font-762333 fontsize-338686 fontheight-179065 font-weight-500\" ><span>Programme d&#8217;entrainement de hockey<\/span><\/h1><\/div><div class=\"clear\"><\/div><\/div><div class=\"vc_custom_heading_wrap\"><div class=\"heading-text el-text\" ><h1 class=\"font-762333 h1 fontheight-179065 font-weight-500\" ><span>Atteindre le prochain niveau de potentiel athl\u00e9tique<\/span><\/h1><\/div><div class=\"clear\"><\/div><\/div><div class=\"vc_custom_heading_wrap\"><div class=\"heading-text el-text\" ><h1 class=\"font-762333 h1 fontheight-179065 font-weight-500\" ><span><em>ETE 2022<\/em><\/span><\/h1><\/div><div class=\"clear\"><\/div><\/div><div class=\"empty-space empty-single\" ><span class=\"empty-space-inner\"><\/span><\/div>\n<\/div><\/div><\/div><\/div><\/div><script id=\"script-row-unique-0\" data-row=\"script-row-unique-0\" type=\"text\/javascript\" class=\"vc_controls\">UNCODE.initRow(document.getElementById(\"row-unique-0\"));<\/script><\/div><\/div><\/div><div data-parent=\"true\" class=\"vc_row row-container\" id=\"row-unique-1\"><div class=\"row col-no-gutter double-top-padding single-bottom-padding double-h-padding limit-width row-parent\"><div class=\"wpb_row row-inner\"><div class=\"wpb_column pos-top pos-center align_center column_parent col-lg-12 no-internal-gutter\"><div class=\"uncol style-dark\"  ><div class=\"uncoltable\"><div class=\"uncell no-block-padding\" ><div class=\"uncont\" ><div class=\"empty-space empty-single\" ><span class=\"empty-space-inner\"><\/span><\/div>\n<div class=\"vc_custom_heading_wrap\"><div class=\"heading-text el-text\" ><h3 class=\"h2 fontheight-524109 font-weight-700 text-color-prif-color\" ><span>\u00c0 propos du programme<\/span><\/h3><hr class=\"separator-break\" \/><\/div><div class=\"clear\"><\/div><\/div><div class=\"vc_custom_heading_wrap\"><div class=\"heading-text el-text\" ><h3 class=\"h3 font-weight-400 text-color-prif-color\" ><span>Le programme d&#8217;entrainement de hockey est un programme d&#8217;entrainement de petit groups concu pour am\u00e9liorer votre potentiel athl\u00e9tique grace a des jeux, des ascenseurs compos\u00e9s, un travail de mobilit\u00e9 et, surtout, beaucoup de plaisir. Nous voulons promouvoir une exp\u00e9rience positive aupres de nos athletes et integrer des jeux. Nos petits groupes comprendront un ratio de 1 coach pour 8 athletes. Ce programme s&#8217;adressera aux athletes masculins et feminins.<\/span><\/h3><\/div><div class=\"clear\"><\/div><\/div><div class=\"empty-space empty-single\" ><span class=\"empty-space-inner\"><\/span><\/div>\n<div class=\"vc_custom_heading_wrap\"><div class=\"heading-text el-text\" ><h3 class=\"h3 font-weight-400 text-color-prif-color\" ><span>Ce programme sera pour U9, U11, U13, et U15. Les s\u00e9ances auront lieu 3 fois par semaine pour les U13 et U15 et 2 fois par semaine pour les U9 et U11.<\/p><\/span><span><div id=\"tw-container\" data-cp=\"1\" data-is-ver=\"false\" data-nnttsvi=\"1\" data-sm=\"1\" data-sugg-time=\"500\" data-sugg-url=\"https:\/\/clients1.google.com\/complete\/search\" data-uilc=\"en\"><\/span><span><div class=\"dURPtb\"><\/div><\/span><span><div><\/span><span><div><\/div><\/span><span><\/div><\/span><span><\/div><\/span><span><div class=\"KFFQ0c xKf9F\"><\/div><\/span><span><p><\/span><\/h3><\/div><div class=\"clear\"><\/div><\/div><\/div><\/div><\/div><\/div><\/div><script id=\"script-row-unique-1\" data-row=\"script-row-unique-1\" type=\"text\/javascript\" class=\"vc_controls\">UNCODE.initRow(document.getElementById(\"row-unique-1\"));<\/script><\/div><\/div><\/div><div data-parent=\"true\" class=\"vc_row row-container\" id=\"row-unique-2\"><div class=\"row col-no-gutter double-top-padding single-bottom-padding double-h-padding limit-width row-parent\"><div class=\"wpb_row row-inner\"><div class=\"wpb_column pos-top pos-center align_center column_parent col-lg-12 no-internal-gutter\"><div class=\"uncol style-dark\"  ><div class=\"uncoltable\"><div class=\"uncell single-block-padding style-accent-bg\" ><div class=\"column-background background-element\">\n\t\t\t\t\t\t\t\t\t\t\t<div class=\"background-wrapper\">\n\t\t\t\t\t\t\t\t\t\t\t\t<div class=\"background-inner\" style=\"background-image: url(https:\/\/atlantichockeygroup.com\/wp-content\/uploads\/2019\/12\/Resized_20191206_131311.jpg);background-repeat: no-repeat;background-position: center center;background-size: cover;\" data-o_src=\"https:\/\/atlantichockeygroup.com\/wp-content\/uploads\/2019\/12\/Resized_20191206_131311.jpg\"><\/div>\n\t\t\t\t\t\t\t\t\t\t\t\t<div class=\"block-bg-overlay style-accent-bg\" style=\"opacity: 0.95;\"><\/div>\n\t\t\t\t\t\t\t\t\t\t\t<\/div>\n\t\t\t\t\t\t\t\t\t\t<\/div><div class=\"uncont\" ><div class=\"vc_custom_heading_wrap\"><div class=\"heading-text el-text\" ><h3 class=\"h2 fontheight-524109 font-weight-700 text-color-xsdn-color\" ><span>D\u00e9tails du programme 2022<\/span><\/h3><hr class=\"separator-break\" \/><\/div><div class=\"clear\"><\/div><\/div><div class=\"empty-space empty-single\" ><span class=\"empty-space-inner\"><\/span><\/div>\n<div class=\"vc_custom_heading_wrap\"><div class=\"heading-text el-text\" ><h3 class=\"h3 font-weight-400 text-color-xsdn-color\" ><span>&#8211; Le sessions auront lieu a notre centre d&#8217;entrainement ainsi au ar\u00e9na C au Centre de Propane Sup\u00e9rieur. Ceci offre notre athletes 20,000 pieds carr\u00e9s d&#8217;espace d&#8217;entrainement.<\/p><\/span><span><p>&nbsp;<\/p><\/span><span><p>&#8211; Le programme U13 et U15 comprendra 24 heures d&#8217;entra\u00eenement. Le programme U9 et U11 comprendra 16 heures d&#8217;entra\u00eenement.<\/p><\/span><span><p>&nbsp;<\/p><\/span><span><p><span class=\"Y2IQFc\" lang=\"fr\">&#8211; Les s\u00e9ances dureront 60 minutes. Tous les groupes auront un ratio athl\u00e8te\/entra\u00eeneur de 8:1.<\/span><\/span><\/h3><\/div><div class=\"clear\"><\/div><\/div><div class=\"empty-space empty-single\" ><span class=\"empty-space-inner\"><\/span><\/div>\n<\/div><\/div><\/div><\/div><\/div><script id=\"script-row-unique-2\" data-row=\"script-row-unique-2\" type=\"text\/javascript\" class=\"vc_controls\">UNCODE.initRow(document.getElementById(\"row-unique-2\"));<\/script><\/div><\/div><\/div><div data-parent=\"true\" class=\"vc_row row-container\" id=\"row-unique-3\"><div class=\"row col-no-gutter single-top-padding one-bottom-padding double-h-padding limit-width row-parent\"><div class=\"wpb_row row-inner\"><div class=\"wpb_column pos-top pos-center align_center column_parent col-lg-12 no-internal-gutter\"><div class=\"uncol style-dark\"  ><div class=\"uncoltable\"><div class=\"uncell no-block-padding\" ><div class=\"uncont\" ><div class=\"vc_custom_heading_wrap\"><div class=\"heading-text el-text\" ><h3 class=\"h1 fontheight-524109 font-weight-700 text-color-prif-color\" ><span>Directeur<\/span><\/h3><hr class=\"separator-break\" \/><\/div><div class=\"clear\"><\/div><\/div><\/div><\/div><\/div><\/div><\/div><script id=\"script-row-unique-3\" data-row=\"script-row-unique-3\" type=\"text\/javascript\" class=\"vc_controls\">UNCODE.initRow(document.getElementById(\"row-unique-3\"));<\/script><\/div><\/div><\/div><div data-parent=\"true\" class=\"vc_row vc_custom_1642888215704 border-color-gyho-color row-container onepage-section\" data-label=\"Welcome\" data-name=\"welcome\" style=\"border-style: solid;border-bottom-width: 1px ;\" id=\"row-unique-4\"><div class=\"row-background background-element\" style=\"opacity: 1;\">\n\t\t\t\t\t\t\t\t\t\t\t<div class=\"background-wrapper\">\n\t\t\t\t\t\t\t\t\t\t\t\t<div class=\"background-inner\"><\/div>\n\t\t\t\t\t\t\t\t\t\t\t\t<div class=\"block-bg-overlay style-color-xsdn-bg\" style=\"opacity: 0.7;\"><\/div>\n\t\t\t\t\t\t\t\t\t\t\t<\/div>\n\t\t\t\t\t\t\t\t\t\t<\/div><div class=\"row single-top-padding single-bottom-padding single-h-padding limit-width row-parent\"><div class=\"wpb_row row-inner\"><div class=\"wpb_column pos-top pos-center align_left column_parent col-lg-12 one-internal-gutter\"><div class=\"uncol style-light\"  ><div class=\"uncoltable\"><div class=\"uncell no-block-padding\" ><div class=\"uncont\" ><div class=\"vc_row row-internal row-container\"><div class=\"row col-double-gutter row-child\"><div class=\"wpb_row row-inner\"><div class=\"wpb_column pos-top pos-center align_left column_child col-lg-6 single-internal-gutter\"><div class=\"uncol style-light\" ><div class=\"uncoltable\"><div class=\"uncell no-block-padding\" ><div class=\"uncont\" ><div class=\"uncode-single-media  text-left\"><div class=\"single-wrapper\" style=\"max-width: 80%;\"><div class=\"tmb tmb-light  tmb-img-ratio tmb-media-first tmb-media-last tmb-content-overlay tmb-no-bg\"><div class=\"t-inside\"><div class=\"t-entry-visual\"><div class=\"t-entry-visual-tc\"><div class=\"uncode-single-media-wrapper\"><div class=\"dummy\" style=\"padding-top: 100%;\"><\/div><img decoding=\"async\" class=\"wp-image-94499\" src=\"https:\/\/atlantichockeygroup.com\/wp-content\/uploads\/2021\/10\/Untitled-design-1-2.png\" width=\"1080\" height=\"1080\" alt=\"Director, Charlie Bourgeois High Performance Training\" srcset=\"https:\/\/atlantichockeygroup.com\/wp-content\/uploads\/2021\/10\/Untitled-design-1-2.png 1080w, https:\/\/atlantichockeygroup.com\/wp-content\/uploads\/2021\/10\/Untitled-design-1-2-300x300.png 300w, https:\/\/atlantichockeygroup.com\/wp-content\/uploads\/2021\/10\/Untitled-design-1-2-1024x1024.png 1024w, https:\/\/atlantichockeygroup.com\/wp-content\/uploads\/2021\/10\/Untitled-design-1-2-150x150.png 150w, https:\/\/atlantichockeygroup.com\/wp-content\/uploads\/2021\/10\/Untitled-design-1-2-768x768.png 768w, https:\/\/atlantichockeygroup.com\/wp-content\/uploads\/2021\/10\/Untitled-design-1-2-24x24.png 24w, https:\/\/atlantichockeygroup.com\/wp-content\/uploads\/2021\/10\/Untitled-design-1-2-48x48.png 48w, https:\/\/atlantichockeygroup.com\/wp-content\/uploads\/2021\/10\/Untitled-design-1-2-96x96.png 96w\" sizes=\"(max-width: 1080px) 100vw, 1080px\" \/><\/div>\n\t\t\t\t\t<\/div>\n\t\t\t\t<\/div><\/div><\/div><\/div><\/div><\/div><\/div><\/div><\/div><\/div><div class=\"wpb_column pos-top pos-center align_left column_child col-lg-6 single-internal-gutter\"><div class=\"uncol style-light\" ><div class=\"uncoltable\"><div class=\"uncell no-block-padding\" ><div class=\"uncont\" ><div class=\"vc_custom_heading_wrap\"><div class=\"heading-text el-text\" ><h1 class=\"font-762333 h1 text-capitalize\" ><span>Jean-Michel LeBlanc<\/span><\/h1><div class=\"text-lead\"><p>Directeur\/Entra\u00eeneur principal de force<\/p>\n<\/div><\/div><div class=\"clear\"><\/div><\/div><div class=\"vc_custom_heading_wrap\"><div class=\"heading-text el-text\" ><h4 class=\"h4 font-weight-300 text-color-jevc-color\" ><span>En tant qu&#8217;ancien athlete, je sais ce que c&#8217;est que d&#8217;essayez de passez au niveau sup\u00e9rieur. Mon objectif est de vous aider a am\u00e9liorer votre force, votre mobilit\u00e9 et votre explosivit\u00e9 pour gagner un avantage suppl\u00e9mentaire sur vos adversaires pour la saison prochaine.<\/p><\/span><span><p>&nbsp;<\/p><\/span><span><p><em>Jean-Michel est un ancien joueur de la LHJMQ et Jr. A. Il est \u00e9galement entra\u00eeneur personnel certifi\u00e9, sp\u00e9cialiste du conditionnement de la gamme fonctionnelle et massoth\u00e9rapeute agr\u00e9\u00e9.\u00a0\u00a0<\/em><\/span><\/h4><\/div><div class=\"clear\"><\/div><\/div><\/div><\/div><\/div><\/div><\/div><\/div><\/div><\/div><\/div><\/div><\/div><\/div><\/div><script id=\"script-row-unique-4\" data-row=\"script-row-unique-4\" type=\"text\/javascript\" class=\"vc_controls\">UNCODE.initRow(document.getElementById(\"row-unique-4\"));<\/script><\/div><\/div><\/div><div data-parent=\"true\" class=\"vc_row row-container\" id=\"row-unique-5\"><div class=\"row col-no-gutter single-top-padding single-bottom-padding double-h-padding limit-width row-parent\"><div class=\"wpb_row row-inner\"><div class=\"wpb_column pos-top pos-center align_center column_parent col-lg-12 no-internal-gutter\"><div class=\"uncol style-dark\"  ><div class=\"uncoltable\"><div class=\"uncell no-block-padding\" ><div class=\"uncont\" ><div class=\"vc_custom_heading_wrap\"><div class=\"heading-text el-text\" ><h3 class=\"h1 fontheight-524109 font-weight-700 text-color-jevc-color\" ><span>Prix<\/span><\/h3><hr class=\"separator-break\" \/><\/div><div class=\"clear\"><\/div><\/div><div class=\"empty-space empty-single\" ><span class=\"empty-space-inner\"><\/span><\/div>\n<div class=\"vc_custom_heading_wrap\"><div class=\"heading-text el-text\" ><h3 class=\"h3 font-weight-400 text-color-jevc-color\" ><span>Le cout par joueur pour le programme d&#8217;entrainement de hockey sera de 319$ + TVH pour U13\/U15 et de 239$ + TVH pour U9\/U11. Seul un depot de 100$ est requis. Le solde restant sera automatiquement trait\u00e9 le 1er juin. <strong>Les inscriptions se feront selon le principe du premier arriv\u00e9, premier servi.\u00a0<\/strong><\/span><\/h3><\/div><div class=\"clear\"><\/div><\/div><\/div><\/div><\/div><\/div><\/div><script id=\"script-row-unique-5\" data-row=\"script-row-unique-5\" type=\"text\/javascript\" class=\"vc_controls\">UNCODE.initRow(document.getElementById(\"row-unique-5\"));<\/script><\/div><\/div><\/div><div data-parent=\"true\" class=\"vc_row row-container\" id=\"row-unique-6\"><div class=\"row col-no-gutter single-top-padding single-bottom-padding one-h-padding limit-width row-parent\"><div class=\"wpb_row row-inner\"><div class=\"wpb_column pos-top pos-center align_center column_parent col-lg-12 no-internal-gutter\"><div class=\"uncol style-dark\"  ><div class=\"uncoltable\"><div class=\"uncell no-block-padding\" ><div class=\"uncont\" ><div class=\"vc_custom_heading_wrap\"><div class=\"heading-text el-text\" ><h1 class=\"fontsize-155944 fontheight-524109 font-weight-600 text-color-jevc-color\" ><span>Enregistrement 2022<\/span><\/h1><hr class=\"separator-break\" \/><\/div><div class=\"clear\"><\/div><\/div><div class=\"empty-space empty-half\" ><span class=\"empty-space-inner\"><\/span><\/div>\n<span class=\"btn-container animate_when_almost_visible alpha-anim\" ><a role=\"button\"  href=\"https:\/\/ahgcentral.sportngin.com\/register\/form\/468359166\" class=\"custom-link btn btn-xl btn-custom-typo font-762333 font-weight-800 text-initial fontspace-210350 border-width-0 btn-accent btn-round btn-italic btn-icon-left\">Enregistrement<\/a><\/span><div class=\"empty-space empty-single\" ><span class=\"empty-space-inner\"><\/span><\/div>\n<\/div><\/div><\/div><\/div><\/div><script id=\"script-row-unique-6\" data-row=\"script-row-unique-6\" type=\"text\/javascript\" class=\"vc_controls\">UNCODE.initRow(document.getElementById(\"row-unique-6\"));<\/script><\/div><\/div><\/div><div data-parent=\"true\" class=\"vc_row row-container onepage-section\" data-label=\"Design &amp; Quality\" data-name=\"design-quality\" id=\"row-unique-7\"><div class=\"row single-top-padding single-bottom-padding single-h-padding limit-width row-parent\"><div class=\"wpb_row row-inner\"><div class=\"wpb_column pos-top pos-center align_center column_parent col-lg-12 single-internal-gutter\"><div class=\"uncol style-light\"  ><div class=\"uncoltable\"><div class=\"uncell\" ><div class=\"uncont no-block-padding col-custom-width\" style=\" max-width:804px;\" ><div class=\"uncode-wrapper uncode-share  has-title\" ><h6>Partager<\/h6><hr class=\"separator-break separator-accent\" \/><div class=\"share-button share-buttons share-inline share-bigger\" data-url=\"\"><\/div><\/div><\/div><\/div><\/div><\/div><\/div><script id=\"script-row-unique-7\" data-row=\"script-row-unique-7\" type=\"text\/javascript\" class=\"vc_controls\">UNCODE.initRow(document.getElementById(\"row-unique-7\"));<\/script><\/div><\/div><\/div>\n<\/div>","protected":false},"excerpt":{"rendered":"Programme d'entrainement de hockeyAtteindre le prochain niveau de potential athl\u00e9tiqueETE 2022 A propos du programmeLe programme d'entrainement de hockey est [...]","protected":false},"author":3,"featured_media":85933,"parent":0,"menu_order":0,"comment_status":"closed","ping_status":"closed","template":"","meta":{"_monsterinsights_skip_tracking":false,"_monsterinsights_sitenote_active":false,"_monsterinsights_sitenote_note":"","_monsterinsights_sitenote_category":0,"footnotes":""},"class_list":["post-88100","page","type-page","status-publish","has-post-thumbnail","hentry"],"_links":{"self":[{"href":"https:\/\/atlantichockeygroup.com\/fr\/wp-json\/wp\/v2\/pages\/88100","targetHints":{"allow":["GET"]}}],"collection":[{"href":"https:\/\/atlantichockeygroup.com\/fr\/wp-json\/wp\/v2\/pages"}],"about":[{"href":"https:\/\/atlantichockeygroup.com\/fr\/wp-json\/wp\/v2\/types\/page"}],"author":[{"embeddable":true,"href":"https:\/\/atlantichockeygroup.com\/fr\/wp-json\/wp\/v2\/users\/3"}],"replies":[{"embeddable":true,"href":"https:\/\/atlantichockeygroup.com\/fr\/wp-json\/wp\/v2\/comments?post=88100"}],"version-history":[{"count":0,"href":"https:\/\/atlantichockeygroup.com\/fr\/wp-json\/wp\/v2\/pages\/88100\/revisions"}],"wp:featuredmedia":[{"embeddable":true,"href":"https:\/\/atlantichockeygroup.com\/fr\/wp-json\/wp\/v2\/media\/85933"}],"wp:attachment":[{"href":"https:\/\/atlantichockeygroup.com\/fr\/wp-json\/wp\/v2\/media?parent=88100"}],"curies":[{"name":"wp","href":"https:\/\/api.w.org\/{rel}","templated":true}]}}