{"id":89678,"date":"2021-09-09T15:50:24","date_gmt":"2021-09-09T15:50:24","guid":{"rendered":"https:\/\/atlantichockeygroup.com\/?page_id=89678"},"modified":"2023-11-21T14:29:57","modified_gmt":"2023-11-21T14:29:57","slug":"tournoi-2-line-de-latlantique","status":"publish","type":"page","link":"https:\/\/atlantichockeygroup.com\/fr\/tournoi-2-line-de-latlantique\/","title":{"rendered":"Tournoi 2-Line de L&#8217;Atlantique"},"content":{"rendered":"<div class=\"wpb-content-wrapper\"><div data-parent=\"true\" class=\"vc_row style-accent-bg row-container\" id=\"row-unique-0\"><div class=\"row-background background-element\">\n\t\t\t\t\t\t\t\t\t\t\t<div class=\"background-wrapper\">\n\t\t\t\t\t\t\t\t\t\t\t\t<div class=\"background-inner self-video uncode-video-container\" style=\"background-repeat: no-repeat;background-position: center center;background-attachment: scroll;background-size: cover;\"><div style=\"width: 640px;\" class=\"wp-video\"><!--[if lt IE 9]><script>document.createElement('video');<\/script><![endif]-->\n<video onloadeddata=\"this.play();\" loop playsinline muted aria-hidden=\"true\" role=\"presentation\" playsinline data-keepplaying class=\"background-video-shortcode\" data-ratio=\"1.7777777777778\" id=\"video-89678-1\" width=\"640\" height=\"360\" preload=\"metadata\" ><source type=\"video\/mp4\" src=\"https:\/\/atlantichockeygroup.com\/wp-content\/uploads\/2020\/09\/New-video-2.mp4?_=1\" \/><\/video><\/div><\/div>\n\t\t\t\t\t\t\t\t\t\t\t\t<div class=\"block-bg-overlay style-overlay_color-193818-bg\" style=\"opacity: 0.94;\"><\/div>\n\t\t\t\t\t\t\t\t\t\t\t<\/div>\n\t\t\t\t\t\t\t\t\t\t<\/div><div class=\"row single-top-padding double-bottom-padding single-h-padding limit-width row-parent\"><div class=\"wpb_row row-inner\"><div class=\"wpb_column pos-middle pos-center align_center column_parent col-lg-12 half-internal-gutter\"><div class=\"uncol style-light\"  ><div class=\"uncoltable\"><div class=\"uncell no-block-padding\" ><div class=\"uncont\" ><div class=\"uncode-single-media  text-center\"><div class=\"single-wrapper\" style=\"max-width: 28%;\"><div class=\"tmb tmb-light  tmb-media-first tmb-media-last tmb-content-overlay tmb-no-bg\"><div class=\"t-inside\"><div class=\"t-entry-visual\"><div class=\"t-entry-visual-tc\"><div class=\"uncode-single-media-wrapper\"><img decoding=\"async\" class=\"wp-image-91430\" src=\"https:\/\/atlantichockeygroup.com\/wp-content\/uploads\/2020\/11\/2linelogosfinal2options-1crop_preview_rev_1.png\" width=\"425\" height=\"424\" alt=\"\" srcset=\"https:\/\/atlantichockeygroup.com\/wp-content\/uploads\/2020\/11\/2linelogosfinal2options-1crop_preview_rev_1.png 425w, https:\/\/atlantichockeygroup.com\/wp-content\/uploads\/2020\/11\/2linelogosfinal2options-1crop_preview_rev_1-300x300.png 300w, https:\/\/atlantichockeygroup.com\/wp-content\/uploads\/2020\/11\/2linelogosfinal2options-1crop_preview_rev_1-150x150.png 150w, https:\/\/atlantichockeygroup.com\/wp-content\/uploads\/2020\/11\/2linelogosfinal2options-1crop_preview_rev_1-24x24.png 24w, https:\/\/atlantichockeygroup.com\/wp-content\/uploads\/2020\/11\/2linelogosfinal2options-1crop_preview_rev_1-48x48.png 48w, https:\/\/atlantichockeygroup.com\/wp-content\/uploads\/2020\/11\/2linelogosfinal2options-1crop_preview_rev_1-96x96.png 96w\" sizes=\"(max-width: 425px) 100vw, 425px\" \/><\/div>\n\t\t\t\t\t<\/div>\n\t\t\t\t<\/div><\/div><\/div><\/div><\/div><div class=\"vc_custom_heading_wrap \"><div class=\"heading-text el-text\" ><h1 class=\"fontsize-338686 text-color-xsdn-color\" ><span>Tournoi 2-Line de L&#8217;Atlantique<\/span><\/h1><\/div><div class=\"clear\"><\/div><\/div><div class=\"vc_custom_heading_wrap \"><div class=\"heading-text el-text\" ><h1 class=\"h1 text-color-xsdn-color\" ><span>26 &#8211; 29 d\u00e9cembre 2023 | Moncton, Nouveau-Brunswick<\/span><\/h1><\/div><div class=\"clear\"><\/div><\/div><\/div><\/div><\/div><\/div><\/div><script id=\"script-row-unique-0\" data-row=\"script-row-unique-0\" type=\"text\/javascript\" class=\"vc_controls\">UNCODE.initRow(document.getElementById(\"row-unique-0\"));<\/script><\/div><\/div><\/div><div data-parent=\"true\" class=\"vc_row row-container\" id=\"row-unique-1\"><div class=\"row single-top-padding single-bottom-padding single-h-padding limit-width row-parent\"><div class=\"wpb_row row-inner\"><div class=\"wpb_column pos-middle pos-center align_center column_parent col-lg-12 half-internal-gutter\"><div class=\"uncol style-light\"  ><div class=\"uncoltable\"><div class=\"uncell no-block-padding\" ><div class=\"uncont\" ><div class=\"empty-space empty-quart\" ><span class=\"empty-space-inner\"><\/span><\/div>\n<div class=\"vc_custom_heading_wrap \"><div class=\"heading-text el-text\" ><h1 class=\"h2 text-accent-color\" ><span>TH\u00c8ME 2023 : <strong>AFFRONTEMENT DE SUPER-H\u00c9ROS !<\/strong><\/span><\/h1><\/div><div class=\"clear\"><\/div><\/div><div class=\"empty-space empty-quart\" ><span class=\"empty-space-inner\"><\/span><\/div>\n\n\t<div class=\"wpb_raw_code wpb_raw_html \" >\n\t\t<div class=\"wpb_wrapper\">\n\t\t\t<iframe width=\"560\" height=\"560\" src=\"https:\/\/www.youtube.com\/embed\/_hz2z7LMjtw?si=FoAx5U3SKdR363vA\" title=\"YouTube video player\" frameborder=\"0\" allow=\"accelerometer; autoplay; clipboard-write; encrypted-media; gyroscope; picture-in-picture\" allowfullscreen=\"\"><\/iframe>\n\t\t<\/div>\n\t<\/div>\n<div class=\"empty-space empty-quart\" ><span class=\"empty-space-inner\"><\/span><\/div>\n<div class=\"vc_custom_heading_wrap \"><div class=\"heading-text el-text\" ><h1 class=\"h2 text-accent-color\" ><span>\u00c0 propos du tournoi<\/span><\/h1><\/div><div class=\"clear\"><\/div><\/div><div class=\"empty-space empty-quart\" ><span class=\"empty-space-inner\"><\/span><\/div>\n<div class=\"vc_custom_heading_wrap \"><div class=\"heading-text el-text\" ><h1 class=\"h3 font-weight-400 text-color-wayh-color\" ><span>Le D\u00e9fi 2 lignes de l&#8217;Atlantique 2023 aura lieu \u00e0 Moncton, au Nouveau-Brunswick. L&#8217;\u00e9v\u00e9nement 2023 comportera 7 divisions. Ces divisions sont les <strong>U7 masculins<\/strong> (2017), <strong>U9<\/strong> (2016\/2015), <strong>U11<\/strong> (2014\/2013), <strong>U13<\/strong> (2012\/2011) et <strong>U15<\/strong> (2010\/2009) ainsi que les <strong>f\u00e9minins U9, U11 et U13.<\/strong> L&#8217;\u00e9v\u00e9nement de chaque division durera au total deux jours.<strong> <\/strong>Les dates de division sp\u00e9cifiques peuvent \u00eatre consult\u00e9es ci-dessous. <strong>REMARQUE : Pour garantir une excellente exp\u00e9rience, les \u00e9quipes seront plac\u00e9es dans des divisions appropri\u00e9es en fonction du niveau de comp\u00e9tence. <\/strong><\/span><\/h1><\/div><div class=\"clear\"><\/div><\/div><div class=\"vc_custom_heading_wrap \"><div class=\"heading-text el-text\" ><h1 class=\"h3 font-weight-400 text-color-wayh-color\" ><span><strong><i>DATES DES DIVISIONS<\/i><\/strong><\/p><\/span><span><p>26\/27 D\u00c9C &#8211; U9 \/ U13<br \/><\/span><span>27\/28 D\u00c9CEMBRE &#8211; U15<br \/><\/span><span>28\/29 D\u00c9C &#8211; U7\/U11<\/span><\/h1><\/div><div class=\"clear\"><\/div><\/div><div class=\"empty-space empty-single\" ><span class=\"empty-space-inner\"><\/span><\/div>\n<div class=\"vc_custom_heading_wrap \"><div class=\"heading-text el-text\" ><h1 class=\"h2 text-accent-color\" ><span>Caract\u00e9ristiques du tournoi<\/span><\/h1><\/div><div class=\"clear\"><\/div><\/div><div class=\"empty-space empty-half\" ><span class=\"empty-space-inner\"><\/span><\/div>\n<div class=\"vc_custom_heading_wrap \"><div class=\"heading-text el-text\" ><h1 class=\"h3 font-weight-400 text-color-wayh-color\" ><span>&#8211; Les \u00e9quipes seront compos\u00e9es de 10 patineurs et 1 gardien de but<\/p><\/span><span><p>&#8211; Toutes les \u00e9quipes se verront garantir au moins 4 matchs<\/p><\/span><span><p>&#8211; Jeux complets de 60 minutes<\/p><\/span><span><p>&#8211; Officiels certifi\u00e9s<\/p><\/span><span><p>&#8211; Statistiques en direct<\/p><\/span><span><p>&#8211; R\u00e9compenses du joueur du jeu<\/p><\/span><span><p>&#8211; Les \u00e9quipes gagnantes de chaque division recevront \u00e9galement des prix.<\/span><\/h1><\/div><div class=\"clear\"><\/div><\/div><div class=\"empty-space empty-half\" ><span class=\"empty-space-inner\"><\/span><\/div>\n<div class=\"vc_custom_heading_wrap \"><div class=\"heading-text el-text\" ><h1 class=\"h2 text-accent-color\" ><span>Uniformes<\/span><\/h1><\/div><div class=\"clear\"><\/div><\/div><div class=\"empty-space empty-half\" ><span class=\"empty-space-inner\"><\/span><\/div>\n<div class=\"vc_custom_heading_wrap \"><div class=\"heading-text el-text\" ><h1 class=\"h3 font-weight-400 text-color-wayh-color\" ><span>Les frais comprennent les uniformes de l&#8217;\u00e9quipe sur le th\u00e8me des super-h\u00e9ros (maillot et chaussettes).<\/span><\/h1><\/div><div class=\"clear\"><\/div><\/div><div class=\"empty-space empty-half\" ><span class=\"empty-space-inner\"><\/span><\/div>\n<div class=\"vc_custom_heading_wrap \"><div class=\"heading-text el-text\" ><h1 class=\"h2 text-accent-color\" ><span>Patinoires<\/span><\/h1><\/div><div class=\"clear\"><\/div><\/div><div class=\"vc_custom_heading_wrap \"><div class=\"heading-text el-text\" ><h1 class=\"h3 font-weight-400 text-color-wayh-color\" ><span>Les matchs de cet \u00e9v\u00e9nement se d\u00e9rouleront au Centre Sup\u00e9rieur Propane, au Centre Avenir et dans d&#8217;autres installations locales.<\/span><\/h1><\/div><div class=\"clear\"><\/div><\/div><div class=\"empty-space empty-half\" ><span class=\"empty-space-inner\"><\/span><\/div>\n<\/div><\/div><\/div><\/div><\/div><script id=\"script-row-unique-1\" data-row=\"script-row-unique-1\" type=\"text\/javascript\" class=\"vc_controls\">UNCODE.initRow(document.getElementById(\"row-unique-1\"));<\/script><\/div><\/div><\/div><div data-parent=\"true\" class=\"vc_row row-container\" id=\"row-unique-2\"><div class=\"row single-top-padding single-bottom-padding single-h-padding limit-width row-parent\"><div class=\"wpb_row row-inner\"><div class=\"wpb_column pos-middle pos-center align_center column_parent col-lg-12 half-internal-gutter\"><div class=\"uncol style-light\"  ><div class=\"uncoltable\"><div class=\"uncell no-block-padding\" ><div class=\"uncont\" ><div class=\"vc_custom_heading_wrap \"><div class=\"heading-text el-text\" ><h1 class=\"h2 text-accent-color\" ><span>H\u00e9bergement<\/span><\/h1><\/div><div class=\"clear\"><\/div><\/div><div class=\"empty-space empty-half\" ><span class=\"empty-space-inner\"><\/span><\/div>\n<div class=\"vc_custom_heading_wrap \"><div class=\"heading-text el-text\" ><h1 class=\"h3 font-weight-400 text-color-wayh-color\" ><span>Veuillez contacter Dave Kennedy pour l&#8217;h\u00e9bergement &#8211; davekennedyaga@gmail.com<\/span><\/h1><\/div><div class=\"clear\"><\/div><\/div><div class=\"empty-space empty-half\" ><span class=\"empty-space-inner\"><\/span><\/div>\n<div class=\"vc_custom_heading_wrap \"><div class=\"heading-text el-text\" ><h1 class=\"h2 text-accent-color\" ><span>Co\u00fbt<\/span><\/h1><\/div><div class=\"clear\"><\/div><\/div><div class=\"empty-space empty-half\" ><span class=\"empty-space-inner\"><\/span><\/div>\n<div class=\"vc_custom_heading_wrap \"><div class=\"heading-text el-text\" ><h1 class=\"h3 font-weight-400 text-color-wayh-color\" ><span>Le co\u00fbt par \u00e9quipe sera de 1 599 $ (plus TVH). Nous avons seulement besoin d&#8217;un d\u00e9p\u00f4t de 100 $ maintenant pour <span style=\"color: #ff0000;\"><strong>sauvegarder votre place.<\/strong><\/span><\/span><\/h1><\/div><div class=\"clear\"><\/div><\/div><div class=\"empty-space empty-half\" ><span class=\"empty-space-inner\"><\/span><\/div>\n<div class=\"vc_custom_heading_wrap \"><div class=\"heading-text el-text\" ><h1 class=\"h2 text-accent-color\" ><span>enregistrement<\/span><\/h1><\/div><div class=\"clear\"><\/div><\/div><div class=\"empty-space empty-half\" ><span class=\"empty-space-inner\"><\/span><\/div>\n<div class=\"vc_custom_heading_wrap \"><div class=\"heading-text el-text\" ><h1 class=\"h3 font-weight-400 text-color-wayh-color\" ><span><span style=\"color: #ff0000;\"><strong>Les \u00e9quipes seront accept\u00e9es sur la base du premier arriv\u00e9, premier servi. Seul un nombre limit\u00e9 d&#8217;\u00e9quipes sera autoris\u00e9 en fonction de la disponibilit\u00e9 de la glace.<\/strong> <\/span>Enregistrez votre \u00e9quipe aujourd&#8217;hui en cliquant sur le bouton \u00abs&#8217;inscrire\u00bb ci-dessous! Rendez-vous au tournoi!<\/span><\/h1><\/div><div class=\"clear\"><\/div><\/div><div class=\"empty-space empty-single\" ><span class=\"empty-space-inner\"><\/span><\/div>\n<span class=\"btn-container\" ><a role=\"button\"  href=\"https:\/\/ahgcentral.sportngin.com\/register\/form\/771257233\" class=\"custom-link btn btn-xl border-width-0 btn-accent btn-round btn-icon-left\">INSCRIPTION DE L&#8217;\u00c9QUIPE<\/a><\/span><div class=\"empty-space empty-single\" ><span class=\"empty-space-inner\"><\/span><\/div>\n<\/div><\/div><\/div><\/div><\/div><script id=\"script-row-unique-2\" data-row=\"script-row-unique-2\" type=\"text\/javascript\" class=\"vc_controls\">UNCODE.initRow(document.getElementById(\"row-unique-2\"));<\/script><\/div><\/div><\/div><div data-parent=\"true\" class=\"vc_row style-accent-bg row-container\" id=\"row-unique-3\"><div class=\"row single-top-padding single-bottom-padding single-h-padding limit-width row-parent\"><div class=\"wpb_row row-inner\"><div class=\"wpb_column pos-middle pos-center align_center column_parent col-lg-12 single-internal-gutter\"><div class=\"uncol style-light\"  ><div class=\"uncoltable\"><div class=\"uncell no-block-padding\" ><div class=\"uncont\" ><div class=\"vc_custom_heading_wrap \"><div class=\"heading-text el-text\" ><h1 class=\"h3 font-weight-400 text-color-wayh-color\" ><span><span style=\"color: #ffffff;\">Si vous avez des questions, vous pouvez nous envoyer un courriel ici: info@atlantichockeygroup.com <a style=\"color: #ffffff;\" href=\"mailto:info@atlantichockeygroup.com\"><\/a><\/span><\/span><\/h1><\/div><div class=\"clear\"><\/div><\/div><\/div><\/div><\/div><\/div><\/div><script id=\"script-row-unique-3\" data-row=\"script-row-unique-3\" type=\"text\/javascript\" class=\"vc_controls\">UNCODE.initRow(document.getElementById(\"row-unique-3\"));<\/script><\/div><\/div><\/div>\n<\/div>","protected":false},"excerpt":{"rendered":"Tournoi 2-Line de L'Atlantique26 - 29 d\u00e9cembre 2023 | Moncton, Nouveau-Brunswick TH\u00c8ME 2023 : AFFRONTEMENT DE SUPER-H\u00c9ROS ! \u00c0 propos [...]","protected":false},"author":3,"featured_media":91425,"parent":0,"menu_order":0,"comment_status":"closed","ping_status":"closed","template":"","meta":{"_monsterinsights_skip_tracking":false,"_monsterinsights_sitenote_active":false,"_monsterinsights_sitenote_note":"","_monsterinsights_sitenote_category":0,"footnotes":""},"class_list":["post-89678","page","type-page","status-publish","has-post-thumbnail","hentry"],"_links":{"self":[{"href":"https:\/\/atlantichockeygroup.com\/fr\/wp-json\/wp\/v2\/pages\/89678","targetHints":{"allow":["GET"]}}],"collection":[{"href":"https:\/\/atlantichockeygroup.com\/fr\/wp-json\/wp\/v2\/pages"}],"about":[{"href":"https:\/\/atlantichockeygroup.com\/fr\/wp-json\/wp\/v2\/types\/page"}],"author":[{"embeddable":true,"href":"https:\/\/atlantichockeygroup.com\/fr\/wp-json\/wp\/v2\/users\/3"}],"replies":[{"embeddable":true,"href":"https:\/\/atlantichockeygroup.com\/fr\/wp-json\/wp\/v2\/comments?post=89678"}],"version-history":[{"count":0,"href":"https:\/\/atlantichockeygroup.com\/fr\/wp-json\/wp\/v2\/pages\/89678\/revisions"}],"wp:featuredmedia":[{"embeddable":true,"href":"https:\/\/atlantichockeygroup.com\/fr\/wp-json\/wp\/v2\/media\/91425"}],"wp:attachment":[{"href":"https:\/\/atlantichockeygroup.com\/fr\/wp-json\/wp\/v2\/media?parent=89678"}],"curies":[{"name":"wp","href":"https:\/\/api.w.org\/{rel}","templated":true}]}}