{"id":89829,"date":"2020-09-17T12:56:23","date_gmt":"2020-09-17T12:56:23","guid":{"rendered":"https:\/\/atlantichockeygroup.com\/?page_id=89829"},"modified":"2025-11-03T17:30:59","modified_gmt":"2025-11-03T17:30:59","slug":"jon-sim-2-line-tournament","status":"publish","type":"page","link":"https:\/\/atlantichockeygroup.com\/fr\/jon-sim-2-line-tournament\/","title":{"rendered":"Tournoi Jon Sim 2-Line"},"content":{"rendered":"<div class=\"wpb-content-wrapper\"><div data-parent=\"true\" class=\"vc_row style-back_color-171449-bg row-container has-dividers\" id=\"row-unique-0\"><div class=\"uncode-divider-wrap uncode-divider-wrap-bottom z_index_0\" style=\"height: 150px;\" data-height=\"150\" data-unit=\"px\"><svg version=\"1.1\" class=\"uncode-row-divider uncode-row-divider-curve-asym-opacity\" x=\"0px\" y=\"0px\" width=\"240px\" height=\"24px\" viewbox=\"0 0 240 24\" enable-background=\"new 0 0 240 24\" xml:space=\"preserve\" preserveaspectratio=\"none\">\n\t\t<path fill=\"#ffffff\" fill-opacity=\"0.33\" d=\"M0,7.172V24h240v-4.516C97.769-1.212,33.652-5.596,0,7.172z\"\/>\n\t\t<path fill=\"#ffffff\" fill-opacity=\"0.33\" d=\"M0,14.252V24h240v-2.828C95.62-3.818,34.971-6.586,0,14.252z\"\/>\n\t\t<path fill=\"#ffffff\" d=\"M0,24C47.91-5.717,92.93-5,239.521,24H0z\"\/>\n\t\t<\/svg><\/div><div class=\"row single-top-padding double-bottom-padding single-h-padding limit-width row-parent\"><div class=\"wpb_row row-inner\"><div class=\"wpb_column pos-middle pos-center align_center column_parent col-lg-12 half-internal-gutter\"><div class=\"uncol style-light\"  ><div class=\"uncoltable\"><div class=\"uncell no-block-padding\" ><div class=\"uncont\" ><div class=\"uncode-single-media  text-center\"><div class=\"single-wrapper\" style=\"max-width: 29%;\"><div class=\"tmb tmb-light  tmb-media-first tmb-media-last tmb-content-overlay tmb-no-bg\"><div class=\"t-inside\"><div class=\"t-entry-visual\"><div class=\"t-entry-visual-tc\"><div class=\"uncode-single-media-wrapper\"><img decoding=\"async\" class=\"wp-image-92545\" src=\"https:\/\/atlantichockeygroup.com\/wp-content\/uploads\/2021\/01\/Untitled-design-9.png\" width=\"1080\" height=\"1080\" alt=\"\" srcset=\"https:\/\/atlantichockeygroup.com\/wp-content\/uploads\/2021\/01\/Untitled-design-9.png 1080w, https:\/\/atlantichockeygroup.com\/wp-content\/uploads\/2021\/01\/Untitled-design-9-300x300.png 300w, https:\/\/atlantichockeygroup.com\/wp-content\/uploads\/2021\/01\/Untitled-design-9-1024x1024.png 1024w, https:\/\/atlantichockeygroup.com\/wp-content\/uploads\/2021\/01\/Untitled-design-9-150x150.png 150w, https:\/\/atlantichockeygroup.com\/wp-content\/uploads\/2021\/01\/Untitled-design-9-768x768.png 768w, https:\/\/atlantichockeygroup.com\/wp-content\/uploads\/2021\/01\/Untitled-design-9-24x24.png 24w, https:\/\/atlantichockeygroup.com\/wp-content\/uploads\/2021\/01\/Untitled-design-9-48x48.png 48w, https:\/\/atlantichockeygroup.com\/wp-content\/uploads\/2021\/01\/Untitled-design-9-96x96.png 96w\" sizes=\"(max-width: 1080px) 100vw, 1080px\" \/><\/div>\n\t\t\t\t\t<\/div>\n\t\t\t\t<\/div><\/div><\/div><\/div><\/div><div class=\"vc_custom_heading_wrap\"><div class=\"heading-text el-text\" ><h1 class=\"fontsize-155944 text-color-jevc-color\" ><span>Tournoi Jon Sim 2-Line<\/span><\/h1><\/div><div class=\"clear\"><\/div><\/div><div class=\"vc_custom_heading_wrap\"><div class=\"heading-text el-text\" ><h1 class=\"h1 text-accent-color\" ><span>22 et 23 d\u00e9cembre 2025 | Halifax (N.-\u00c9.)<\/span><\/h1><\/div><div class=\"clear\"><\/div><\/div><div class=\"empty-space empty-double\" ><span class=\"empty-space-inner\"><\/span><\/div>\n<\/div><\/div><\/div><\/div><\/div><script id=\"script-row-unique-0\" data-row=\"script-row-unique-0\" type=\"text\/javascript\" class=\"vc_controls\">UNCODE.initRow(document.getElementById(\"row-unique-0\"));<\/script><\/div><\/div><\/div><div data-parent=\"true\" class=\"vc_row row-container\" id=\"row-unique-1\"><div class=\"row single-top-padding single-bottom-padding single-h-padding limit-width row-parent\"><div class=\"wpb_row row-inner\"><div class=\"wpb_column pos-middle pos-center align_center column_parent col-lg-12 single-internal-gutter\"><div class=\"uncol style-light\"  ><div class=\"uncoltable\"><div class=\"uncell no-block-padding\" ><div class=\"uncont\" ><div class=\"vc_custom_heading_wrap\"><div class=\"heading-text el-text\" ><\/p>\n<h3><strong>Le tournoi Jon Sim est de retour pour une autre ann\u00e9e palpitante \u00e0 Halifax !<\/strong><\/h3>\n<h3 data-start=\"181\" data-end=\"454\">Depuis la cr\u00e9ation du tournoi, nous avons v\u00e9cu des moments incroyables et nous sommes impatients d&#039;accueillir \u00e0 nouveau les \u00e9quipes pour l&#039;\u00e9dition de cette ann\u00e9e. Le tournoi affiche complet depuis plusieurs ann\u00e9es et nous sommes ravis de constater l&#039;enthousiasme et le soutien constants des \u00e9quipes de toute la r\u00e9gion.<\/h3>\n<h3 data-start=\"456\" data-end=\"558\">Vous trouverez tous les d\u00e9tails du tournoi ci-dessous. Nous avons h\u00e2te de vous voir sur la glace cette saison !<\/h3>\n<p>\n<\/div><div class=\"clear\"><\/div><\/div><div class=\"empty-space empty-half\" ><span class=\"empty-space-inner\"><\/span><\/div>\n<div class=\"vc_custom_heading_wrap\"><div class=\"heading-text el-text\" ><h1 class=\"h2 text-accent-color\" ><span>\u00c0 propos du tournoi<\/span><\/h1><\/div><div class=\"clear\"><\/div><\/div><div class=\"empty-space empty-quart\" ><span class=\"empty-space-inner\"><\/span><\/div>\n<div class=\"vc_custom_heading_wrap\"><div class=\"heading-text el-text\" ><h1 class=\"h3 font-weight-400 text-color-wayh-color\" ><span>Le tournoi Jon Sim 2-Line 2025 mettra en vedette <strong>divisions AAA masculines<\/strong> pour <strong>2019-2013 <\/strong>ann\u00e9es de naissance. Veuillez noter que les \u00e9quipes f\u00e9minines pourront participer au <span style=\"color: #0000ff;\"><a style=\"color: #0000ff;\" href=\"https:\/\/atlantichockeygroup.com\/fr\/atlantic-2-line-challenge\/\">D\u00e9fi Atlantique 2Line<\/a><\/span> \u00e0 Moncton, N.-B.<strong>.<\/strong> L&#039;\u00e9v\u00e9nement durera deux jours pour chaque division. Afin d&#039;offrir une exp\u00e9rience de hockey exceptionnelle, les \u00e9quipes seront r\u00e9parties en divisions selon leur niveau de comp\u00e9tence et de comp\u00e9tition.<\/span><\/h1><\/div><div class=\"clear\"><\/div><\/div><div class=\"empty-space empty-single\" ><span class=\"empty-space-inner\"><\/span><\/div>\n<div class=\"vc_custom_heading_wrap\"><div class=\"heading-text el-text\" ><h1 class=\"h2 text-accent-color\" ><span>Caract\u00e9ristiques du tournoi<\/span><\/h1><\/div><div class=\"clear\"><\/div><\/div><div class=\"empty-space empty-quart\" ><span class=\"empty-space-inner\"><\/span><\/div>\n<div class=\"vc_custom_heading_wrap\"><div class=\"heading-text el-text\" ><h1 class=\"h3 font-weight-400 text-color-wayh-color\" ><span>&#8211; Teams will be comprised of 10 skaters and 1 goaltender<\/p><\/span><span><p>&#8211; Divisions may be tiered based on skill\/compete level.<\/p><\/span><span><p>&#8211; All teams will be guaranteed at least 4 games<\/p><\/span><span><p>&#8211; Certified officials<\/p><\/span><span><p>&#8211; Live stats<\/p><\/span><span><p>&#8211; Player of the game awards<\/p><\/span><span><p>&#8211; Winning teams for each division will also get prizes.<\/span><\/h1><\/div><div class=\"clear\"><\/div><\/div><div class=\"empty-space empty-half\" ><span class=\"empty-space-inner\"><\/span><\/div>\n<div class=\"vc_custom_heading_wrap\"><div class=\"heading-text el-text\" ><h1 class=\"h2 text-accent-color\" ><span>Uniformes<\/span><\/h1><\/div><div class=\"clear\"><\/div><\/div><div class=\"empty-space empty-quart\" ><span class=\"empty-space-inner\"><\/span><\/div>\n<div class=\"vc_custom_heading_wrap\"><div class=\"heading-text el-text\" ><h1 class=\"h3 font-weight-400 text-color-wayh-color\" ><span>Les frais comprennent les uniformes de l'\u00e9quipe\n (jersey et socks).<\/span><\/h1><\/div><div class=\"clear\"><\/div><\/div><div class=\"empty-space empty-half\" ><span class=\"empty-space-inner\"><\/span><\/div>\n<div class=\"vc_custom_heading_wrap\"><div class=\"heading-text el-text\" ><h1 class=\"h2 text-accent-color\" ><span>patinoires<\/span><\/h1><\/div><div class=\"clear\"><\/div><\/div><div class=\"vc_custom_heading_wrap\"><div class=\"heading-text el-text\" ><h1 class=\"h3 font-weight-400 text-color-wayh-color\" ><span>La majorit\u00e9 des matchs auront lieu au <strong>Centre \u00e9nerg\u00e9tique Greenfoot<\/strong> et <strong>Centre RBC<\/strong>, avec quelques jeux suppl\u00e9mentaires organis\u00e9s dans d'autres installations \u00e0 proximit\u00e9.<\/span><\/h1><\/div><div class=\"clear\"><\/div><\/div><\/div><\/div><\/div><\/div><\/div><script id=\"script-row-unique-1\" data-row=\"script-row-unique-1\" type=\"text\/javascript\" class=\"vc_controls\">UNCODE.initRow(document.getElementById(\"row-unique-1\"));<\/script><\/div><\/div><\/div><div data-parent=\"true\" class=\"vc_row limit-width row-container\" id=\"row-unique-2\"><div class=\"row single-top-padding single-bottom-padding single-h-padding row-parent\"><div class=\"wpb_row row-inner\"><div class=\"wpb_column pos-middle pos-center align_center column_parent col-lg-12 half-internal-gutter\"><div class=\"uncol style-light\"  ><div class=\"uncoltable\"><div class=\"uncell no-block-padding\" ><div class=\"uncont\" ><div class=\"uncode-single-media  text-center\"><div class=\"single-wrapper\" style=\"max-width: 60%;\"><div class=\"tmb tmb-light  tmb-media-first tmb-media-last tmb-content-overlay tmb-no-bg\"><div class=\"t-inside\"><div class=\"t-entry-visual\"><div class=\"t-entry-visual-tc\"><div class=\"uncode-single-media-wrapper\"><img decoding=\"async\" class=\"wp-image-93814\" src=\"https:\/\/atlantichockeygroup.com\/wp-content\/uploads\/2021\/09\/Copy-of-White-and-Dark-Navy-Triathlon-Sports-Facebook-Cover.png\" width=\"1640\" height=\"924\" alt=\"\" srcset=\"https:\/\/atlantichockeygroup.com\/wp-content\/uploads\/2021\/09\/Copy-of-White-and-Dark-Navy-Triathlon-Sports-Facebook-Cover.png 1640w, https:\/\/atlantichockeygroup.com\/wp-content\/uploads\/2021\/09\/Copy-of-White-and-Dark-Navy-Triathlon-Sports-Facebook-Cover-300x169.png 300w, https:\/\/atlantichockeygroup.com\/wp-content\/uploads\/2021\/09\/Copy-of-White-and-Dark-Navy-Triathlon-Sports-Facebook-Cover-1024x577.png 1024w, https:\/\/atlantichockeygroup.com\/wp-content\/uploads\/2021\/09\/Copy-of-White-and-Dark-Navy-Triathlon-Sports-Facebook-Cover-768x433.png 768w, https:\/\/atlantichockeygroup.com\/wp-content\/uploads\/2021\/09\/Copy-of-White-and-Dark-Navy-Triathlon-Sports-Facebook-Cover-1536x865.png 1536w\" sizes=\"(max-width: 1640px) 100vw, 1640px\" \/><\/div>\n\t\t\t\t\t<\/div>\n\t\t\t\t<\/div><\/div><\/div><\/div><\/div><\/div><\/div><\/div><\/div><\/div><script id=\"script-row-unique-2\" data-row=\"script-row-unique-2\" type=\"text\/javascript\" class=\"vc_controls\">UNCODE.initRow(document.getElementById(\"row-unique-2\"));<\/script><\/div><\/div><\/div><div data-parent=\"true\" class=\"vc_row row-container\" id=\"row-unique-3\"><div class=\"row single-top-padding single-bottom-padding single-h-padding limit-width row-parent\"><div class=\"wpb_row row-inner\"><div class=\"wpb_column pos-middle pos-center align_center column_parent col-lg-12 single-internal-gutter\"><div class=\"uncol style-light\"  ><div class=\"uncoltable\"><div class=\"uncell no-block-padding\" ><div class=\"uncont\" ><div class=\"vc_custom_heading_wrap\"><div class=\"heading-text el-text\" ><h1 class=\"h2 text-accent-color\" ><span>H\u00e9bergements<\/span><\/h1><\/div><div class=\"clear\"><\/div><\/div><div class=\"empty-space empty-half\" ><span class=\"empty-space-inner\"><\/span><\/div>\n<div class=\"vc_custom_heading_wrap\"><div class=\"heading-text el-text\" ><h1 class=\"h3 font-weight-400 text-color-wayh-color\" ><span><\/p><\/span><span><h3 style=\"font-weight: 400;\">H\u00e9bergement \u2013 H\u00f4tel Prince George \u2013 159$ par nuit<\/h3><\/span><span><h3 style=\"font-weight: 400;\"><a href=\"https:\/\/reservations.travelclick.com\/13608?groupID=5017957\" data-saferedirecturl=\"https:\/\/www.google.com\/url?q=https:\/\/reservations.travelclick.com\/13608?groupID%3D5017957&amp;source=gmail&amp;ust=1762270824324000&amp;usg=AOvVaw0slCo4pHEgi0jOiP8SuQqv\">https:\/\/reservations.travelclick.com\/13608?groupID=5017957<\/a><\/h3><\/span><span><p><\/span><\/h1><\/div><div class=\"clear\"><\/div><\/div><div class=\"empty-space empty-half\" ><span class=\"empty-space-inner\"><\/span><\/div>\n<div class=\"vc_custom_heading_wrap\"><div class=\"heading-text el-text\" ><h1 class=\"h2 text-accent-color\" ><span>Co\u00fbt<\/span><\/h1><\/div><div class=\"clear\"><\/div><\/div><div class=\"empty-space empty-half\" ><span class=\"empty-space-inner\"><\/span><\/div>\n<div class=\"vc_custom_heading_wrap\"><div class=\"heading-text el-text\" ><h1 class=\"h3 font-weight-400 text-color-wayh-color\" ><span>Le co\u00fbt par \u00e9quipe sera de 1720,86 TP4T + TVH = 1979 TP4T. Nous demandons seulement un acompte de 1200 TP4T pour <span style=\"color: #ff0000;\"><strong>sauver ta place<\/strong><\/span>.<\/span><\/h1><\/div><div class=\"clear\"><\/div><\/div><div class=\"empty-space empty-half\" ><span class=\"empty-space-inner\"><\/span><\/div>\n<div class=\"vc_custom_heading_wrap\"><div class=\"heading-text el-text\" ><h1 class=\"h2 text-accent-color\" ><span>Inscription<\/span><\/h1><\/div><div class=\"clear\"><\/div><\/div><div class=\"empty-space empty-half\" ><span class=\"empty-space-inner\"><\/span><\/div>\n<div class=\"vc_custom_heading_wrap\"><div class=\"heading-text el-text\" ><h1 class=\"h3 font-weight-400 text-color-wayh-color\" ><span><span style=\"color: #ff0000;\"><strong>Les \u00e9quipes seront accept\u00e9es selon le principe du premier arriv\u00e9, premier servi.<\/strong> <\/span>Register your team today by clicking on the &#8220;register&#8221; button below! See you at the tournament!<\/span><\/h1><\/div><div class=\"clear\"><\/div><\/div><div class=\"empty-space empty-half\" ><span class=\"empty-space-inner\"><\/span><\/div>\n<span class=\"btn-container\" ><a role=\"button\"  href=\"https:\/\/ahgcentral.sportngin.com\/register\/form\/622981937\" class=\"custom-link btn btn-xl border-width-0 btn-accent btn-round btn-icon-left\">REGISTRE<\/a><\/span><div class=\"empty-space empty-single\" ><span class=\"empty-space-inner\"><\/span><\/div>\n<\/div><\/div><\/div><\/div><\/div><script id=\"script-row-unique-3\" data-row=\"script-row-unique-3\" type=\"text\/javascript\" class=\"vc_controls\">UNCODE.initRow(document.getElementById(\"row-unique-3\"));<\/script><\/div><\/div><\/div><div data-parent=\"true\" class=\"vc_row style-accent-bg row-container\" id=\"row-unique-4\"><div class=\"row unequal single-top-padding single-bottom-padding no-h-padding full-width row-parent\"><div class=\"wpb_row row-inner\"><div class=\"wpb_column pos-middle pos-center align_center align_center_mobile column_parent col-lg-12 col-md-50 single-internal-gutter\"><div class=\"uncol style-light animate_when_almost_visible right-t-left\"  data-delay=\"200\"><div class=\"uncoltable\"><div class=\"uncell\" ><div class=\"uncont single-block-padding col-custom-width\" style=\" max-width:70%;\" ><div class=\"vc_custom_heading_wrap\"><div class=\"heading-text el-text curtain animate_inner_when_almost_visible el-text-split\" data-interval=\"200\"><h2 class=\"fontsize-155944 fontspace-781688 font-weight-900 text-color-xsdn-color font-obs\" data-style=\"normal\" data-weight=\"900\" data-font=\"Roboto\"><span class=\"heading-text-inner\"><span class=\"split-word word1\"><span class=\"split-word-flow\"><span class=\"split-word-inner\">CHECK<\/span><\/span><\/span><span class=\"split-word word2\"><span class=\"split-word-flow\"><span class=\"split-word-inner split-empty-inner\"><span class=\"split-word-empty\">&nbsp;<\/span>OUT<\/span><\/span><\/span><span class=\"split-word word3\"><span class=\"split-word-flow\"><span class=\"split-word-inner split-empty-inner\"><span class=\"split-word-empty\">&nbsp;<\/span>LAST<\/span><\/span><\/span><span class=\"split-word word4\"><span class=\"split-word-flow\"><span class=\"split-word-inner split-empty-inner\"><span class=\"split-word-empty\">&nbsp;<\/span>YEAR&#8217;S<\/span><\/span><\/span><span class=\"split-word word5\"><span class=\"split-word-flow\"><span class=\"split-word-inner split-empty-inner\"><span class=\"split-word-empty\">&nbsp;<\/span>CONTENT<\/span><\/span><\/span><span class=\"split-word word6\"><span class=\"split-word-flow\"><span class=\"split-word-inner split-empty-inner\"><span class=\"split-word-empty\">&nbsp;<\/span>FROM<\/span><\/span><\/span><span class=\"split-word word7\"><span class=\"split-word-flow\"><span class=\"split-word-inner split-empty-inner\"><span class=\"split-word-empty\">&nbsp;<\/span>HAUT<\/span><\/span><\/span><span class=\"split-word word8\"><span class=\"split-word-flow\"><span class=\"split-word-inner split-empty-inner\"><span class=\"split-word-empty\">&nbsp;<\/span>BOUTON<\/span><\/span><\/span><span class=\"split-word word9\"><span class=\"split-word-flow\"><span class=\"split-word-inner split-empty-inner\"><span class=\"split-word-empty\">&nbsp;<\/span>SPORTS!<\/span><\/span><\/span><\/span><\/h2><\/div><div class=\"clear\"><\/div><\/div>\n\t<div class=\"wpb_raw_code wpb_raw_html\" >\n\t\t<div class=\"wpb_wrapper\">\n\t\t\t<iframe width=\"400\" height=\"400\" src=\"https:\/\/www.youtube.com\/embed\/PeXaK65FuBw?si=WlsnsHjeGtlQa0Zn\" title=\"Lecteur vid\u00e9o YouTube\" frameborder=\"0\" allow=\"accelerometer; autoplay; clipboard-write; encrypted-media; gyroscope; picture-in-picture\" allowfullscreen><\/iframe>\n\t\t<\/div>\n\t<\/div>\n\n\t<div class=\"wpb_raw_code wpb_raw_html\" >\n\t\t<div class=\"wpb_wrapper\">\n\t\t\t<iframe width=\"400\" height=\"400\" src=\"https:\/\/www.youtube.com\/embed\/BezlM7dTPj8?si=V_D3y5hCs-zJyGVs\" title=\"Lecteur vid\u00e9o YouTube\" frameborder=\"0\" allow=\"accelerometer; autoplay; clipboard-write; encrypted-media; gyroscope; picture-in-picture\" allowfullscreen><\/iframe>\n\t\t<\/div>\n\t<\/div>\n\n\t<div class=\"wpb_raw_code wpb_raw_html\" >\n\t\t<div class=\"wpb_wrapper\">\n\t\t\t<iframe width=\"400\" height=\"400\" src=\"https:\/\/www.youtube.com\/embed\/fngXZzJK3TI?si=Di8oUY2DwihUFKLi\" title=\"Lecteur vid\u00e9o YouTube\" frameborder=\"0\" allow=\"accelerometer; autoplay; clipboard-write; encrypted-media; gyroscope; picture-in-picture\" allowfullscreen><\/iframe>\n\t\t<\/div>\n\t<\/div>\n<\/div><\/div><\/div><\/div><\/div><script id=\"script-row-unique-4\" data-row=\"script-row-unique-4\" type=\"text\/javascript\" class=\"vc_controls\">UNCODE.initRow(document.getElementById(\"row-unique-4\"));<\/script><\/div><\/div><\/div><div data-parent=\"true\" class=\"vc_row style-accent-bg row-container\" id=\"row-unique-5\"><div class=\"row single-top-padding single-bottom-padding single-h-padding limit-width row-parent\"><div class=\"wpb_row row-inner\"><div class=\"wpb_column pos-middle pos-center align_center column_parent col-lg-12 single-internal-gutter\"><div class=\"uncol style-light\"  ><div class=\"uncoltable\"><div class=\"uncell no-block-padding\" ><div class=\"uncont\" ><div class=\"vc_custom_heading_wrap\"><div class=\"heading-text el-text\" ><h1 class=\"h3 font-weight-400 text-color-wayh-color\" ><span><span style=\"color: #ffffff;\">Si vous avez des questions, vous pouvez nous envoyer un e-mail ici: <a style=\"color: #ffffff;\" href=\"mailto:info@atlantichockeygroup.com\">info@atlantichockeygroup.com<\/a><\/span><\/span><\/h1><\/div><div class=\"clear\"><\/div><\/div><div class=\"empty-space empty-single\" ><span class=\"empty-space-inner\"><\/span><\/div>\n<\/div><\/div><\/div><\/div><\/div><script id=\"script-row-unique-5\" data-row=\"script-row-unique-5\" type=\"text\/javascript\" class=\"vc_controls\">UNCODE.initRow(document.getElementById(\"row-unique-5\"));<\/script><\/div><\/div><\/div>\n<\/div>","protected":false},"excerpt":{"rendered":"Jon Sim 2-Line TournamentDEC 22\/23, 2025\u00a0 |\u00a0 \u00a0Halifax, NS The Jon Sim Tournament is back for another exciting year in [...]","protected":false},"author":3,"featured_media":86077,"parent":0,"menu_order":0,"comment_status":"closed","ping_status":"closed","template":"","meta":{"_monsterinsights_skip_tracking":false,"_monsterinsights_sitenote_active":false,"_monsterinsights_sitenote_note":"","_monsterinsights_sitenote_category":0,"footnotes":""},"class_list":["post-89829","page","type-page","status-publish","has-post-thumbnail","hentry"],"_links":{"self":[{"href":"https:\/\/atlantichockeygroup.com\/fr\/wp-json\/wp\/v2\/pages\/89829","targetHints":{"allow":["GET"]}}],"collection":[{"href":"https:\/\/atlantichockeygroup.com\/fr\/wp-json\/wp\/v2\/pages"}],"about":[{"href":"https:\/\/atlantichockeygroup.com\/fr\/wp-json\/wp\/v2\/types\/page"}],"author":[{"embeddable":true,"href":"https:\/\/atlantichockeygroup.com\/fr\/wp-json\/wp\/v2\/users\/3"}],"replies":[{"embeddable":true,"href":"https:\/\/atlantichockeygroup.com\/fr\/wp-json\/wp\/v2\/comments?post=89829"}],"version-history":[{"count":0,"href":"https:\/\/atlantichockeygroup.com\/fr\/wp-json\/wp\/v2\/pages\/89829\/revisions"}],"wp:featuredmedia":[{"embeddable":true,"href":"https:\/\/atlantichockeygroup.com\/fr\/wp-json\/wp\/v2\/media\/86077"}],"wp:attachment":[{"href":"https:\/\/atlantichockeygroup.com\/fr\/wp-json\/wp\/v2\/media?parent=89829"}],"curies":[{"name":"wp","href":"https:\/\/api.w.org\/{rel}","templated":true}]}}