{"id":89830,"date":"2021-09-15T14:54:27","date_gmt":"2021-09-15T14:54:27","guid":{"rendered":"https:\/\/atlantichockeygroup.com\/?page_id=89830"},"modified":"2024-04-20T16:06:56","modified_gmt":"2024-04-20T16:06:56","slug":"tournoi-jon-sim-2-line","status":"publish","type":"page","link":"https:\/\/atlantichockeygroup.com\/fr\/tournoi-jon-sim-2-line\/","title":{"rendered":"Tournoi Jon Sim 2-Line"},"content":{"rendered":"<div class=\"wpb-content-wrapper\"><div data-parent=\"true\" class=\"vc_row style-back_color-171449-bg row-container has-dividers\" id=\"row-unique-0\"><div class=\"uncode-divider-wrap uncode-divider-wrap-bottom z_index_0\" style=\"height: 150px;\" data-height=\"150\" data-unit=\"px\"><svg version=\"1.1\" class=\"uncode-row-divider uncode-row-divider-curve-asym-opacity\" x=\"0px\" y=\"0px\" width=\"240px\" height=\"24px\" viewbox=\"0 0 240 24\" enable-background=\"new 0 0 240 24\" xml:space=\"preserve\" preserveaspectratio=\"none\">\n\t\t<path fill=\"#ffffff\" fill-opacity=\"0.33\" d=\"M0,7.172V24h240v-4.516C97.769-1.212,33.652-5.596,0,7.172z\"\/>\n\t\t<path fill=\"#ffffff\" fill-opacity=\"0.33\" d=\"M0,14.252V24h240v-2.828C95.62-3.818,34.971-6.586,0,14.252z\"\/>\n\t\t<path fill=\"#ffffff\" d=\"M0,24C47.91-5.717,92.93-5,239.521,24H0z\"\/>\n\t\t<\/svg><\/div><div class=\"row single-top-padding double-bottom-padding single-h-padding limit-width row-parent\"><div class=\"wpb_row row-inner\"><div class=\"wpb_column pos-middle pos-center align_center column_parent col-lg-12 half-internal-gutter\"><div class=\"uncol style-light\"  ><div class=\"uncoltable\"><div class=\"uncell no-block-padding\" ><div class=\"uncont\" ><div class=\"uncode-single-media  text-center\"><div class=\"single-wrapper\" style=\"max-width: 29%;\"><div class=\"tmb tmb-light  tmb-media-first tmb-media-last tmb-content-overlay tmb-no-bg\"><div class=\"t-inside\"><div class=\"t-entry-visual\"><div class=\"t-entry-visual-tc\"><div class=\"uncode-single-media-wrapper\"><img decoding=\"async\" class=\"wp-image-92545\" src=\"https:\/\/atlantichockeygroup.com\/wp-content\/uploads\/2021\/01\/Untitled-design-9.png\" width=\"1080\" height=\"1080\" alt=\"\" srcset=\"https:\/\/atlantichockeygroup.com\/wp-content\/uploads\/2021\/01\/Untitled-design-9.png 1080w, https:\/\/atlantichockeygroup.com\/wp-content\/uploads\/2021\/01\/Untitled-design-9-300x300.png 300w, https:\/\/atlantichockeygroup.com\/wp-content\/uploads\/2021\/01\/Untitled-design-9-1024x1024.png 1024w, https:\/\/atlantichockeygroup.com\/wp-content\/uploads\/2021\/01\/Untitled-design-9-150x150.png 150w, https:\/\/atlantichockeygroup.com\/wp-content\/uploads\/2021\/01\/Untitled-design-9-768x768.png 768w, https:\/\/atlantichockeygroup.com\/wp-content\/uploads\/2021\/01\/Untitled-design-9-24x24.png 24w, https:\/\/atlantichockeygroup.com\/wp-content\/uploads\/2021\/01\/Untitled-design-9-48x48.png 48w, https:\/\/atlantichockeygroup.com\/wp-content\/uploads\/2021\/01\/Untitled-design-9-96x96.png 96w\" sizes=\"(max-width: 1080px) 100vw, 1080px\" \/><\/div>\n\t\t\t\t\t<\/div>\n\t\t\t\t<\/div><\/div><\/div><\/div><\/div><div class=\"vc_custom_heading_wrap\"><div class=\"heading-text el-text\" ><h1 class=\"fontsize-155944 text-color-jevc-color\" ><span>Tournoi Jon Sim 2-Line<\/span><\/h1><\/div><div class=\"clear\"><\/div><\/div><div class=\"vc_custom_heading_wrap\"><div class=\"heading-text el-text\" ><h1 class=\"h1 text-accent-color\" ><span>21\/22 D\u00c9CEMBRE 2023 | Halifax, Nouvelle-\u00c9cosse<\/span><\/h1><\/div><div class=\"clear\"><\/div><\/div><div class=\"empty-space empty-double\" ><span class=\"empty-space-inner\"><\/span><\/div>\n<\/div><\/div><\/div><\/div><\/div><script id=\"script-row-unique-0\" data-row=\"script-row-unique-0\" type=\"text\/javascript\" class=\"vc_controls\">UNCODE.initRow(document.getElementById(\"row-unique-0\"));<\/script><\/div><\/div><\/div><div data-parent=\"true\" class=\"vc_row row-container\" id=\"row-unique-1\"><div class=\"row single-top-padding single-bottom-padding single-h-padding limit-width row-parent\"><div class=\"wpb_row row-inner\"><div class=\"wpb_column pos-middle pos-center align_center column_parent col-lg-12 single-internal-gutter\"><div class=\"uncol style-light\"  ><div class=\"uncoltable\"><div class=\"uncell no-block-padding\" ><div class=\"uncont\" ><div class=\"vc_custom_heading_wrap\"><div class=\"heading-text el-text\" ><h1 class=\"h2 text-color-jevc-color\" ><span>Le tournoi Jon Sim est de retour \u00e0 Halifax pour plus de plaisir cette ann\u00e9e! Nous avons pass\u00e9 un bon moment l&#8217;ann\u00e9e derni\u00e8re et avons h\u00e2te d&#8217;accueillir les \u00e9quipes de retour pour le tournoi de cette ann\u00e9e. Vous pouvez lire tous les d\u00e9tails ci-dessous. Au plaisir de vous y voir cette saison!<\/span><\/h1><\/div><div class=\"clear\"><\/div><\/div><div class=\"empty-space empty-half\" ><span class=\"empty-space-inner\"><\/span><\/div>\n\n\t<div class=\"wpb_raw_code wpb_raw_html\" >\n\t\t<div class=\"wpb_wrapper\">\n\t\t\t<iframe width=\"560\" height=\"560\" src=\"https:\/\/www.youtube.com\/embed\/40_Y24jYBPc?si=_cyB8mOVFYGSL3Zo\" title=\"Lecteur vid\u00e9o YouTube\" frameborder=\"0\" allow=\"accelerometer; autoplay; clipboard-write; encrypted-media; gyroscope; picture-in-picture\" allowfullscreen=\"\"><\/iframe>\n\t\t<\/div>\n\t<\/div>\n<div class=\"empty-space empty-half\" ><span class=\"empty-space-inner\"><\/span><\/div>\n<div class=\"vc_custom_heading_wrap\"><div class=\"heading-text el-text\" ><h1 class=\"h2 text-accent-color\" ><span>\u00c0 propos du tournoi<\/span><\/h1><\/div><div class=\"clear\"><\/div><\/div><div class=\"empty-space empty-quart\" ><span class=\"empty-space-inner\"><\/span><\/div>\n<div class=\"vc_custom_heading_wrap\"><div class=\"heading-text el-text\" ><h1 class=\"h3 font-weight-400 text-color-wayh-color\" ><span>Le tournoi Jon Sim 2-Line 2023 mettra en vedette les <strong>divisions masculines AAA<\/strong> pour les ann\u00e9es de naissance <strong>2017-2011<\/strong>. Veuillez noter que les \u00e9quipes f\u00e9minines pourront participer au <span style=\"color: #0000ff;\"><a style=\"color: #0000ff;\" href=\"https:\/\/atlantichockeygroup.com\/fr\/tournoi-2-line-de-latlantique\/?lang=fr\">D\u00e9fi Atlantic 2Line \u00e0 Moncton<\/a><\/span>, au Nouveau-Brunswick<strong>.<\/strong> L&#8217;\u00e9v\u00e9nement pour chaque division durera au total deux jours. Afin de fournir une grande exp\u00e9rience de hockey, les \u00e9quipes seront plac\u00e9es dans des divisions bas\u00e9es sur les comp\u00e9tences et le niveau de comp\u00e9tition.<\/span><\/h1><\/div><div class=\"clear\"><\/div><\/div><div class=\"empty-space empty-single\" ><span class=\"empty-space-inner\"><\/span><\/div>\n<div class=\"vc_custom_heading_wrap\"><div class=\"heading-text el-text\" ><h1 class=\"h2 text-accent-color\" ><span>Caract\u00e9ristiques du tournoi<\/span><\/h1><\/div><div class=\"clear\"><\/div><\/div><div class=\"empty-space empty-quart\" ><span class=\"empty-space-inner\"><\/span><\/div>\n<div class=\"vc_custom_heading_wrap\"><div class=\"heading-text el-text\" ><h1 class=\"h3 font-weight-400 text-color-wayh-color\" ><span>&#8211; Les \u00e9quipes seront compos\u00e9es de 10 patineurs et 1 gardien de but<\/p><\/span><span><p>&#8211; Les divisions peuvent \u00eatre hi\u00e9rarchis\u00e9es en fonction du niveau de comp\u00e9tence\/comp\u00e9tition.<\/p><\/span><span><p>&#8211; Toutes les \u00e9quipes se verront garantir au moins 4 matchs<\/p><\/span><span><p>&#8211; Jeux complets de 60 minutes<\/p><\/span><span><p>&#8211; Officiels certifi\u00e9s<\/p><\/span><span><p>&#8211; Statistiques en direct<\/p><\/span><span><p>&#8211; R\u00e9compenses du joueur du jeu<\/p><\/span><span><p>&#8211; Les \u00e9quipes gagnantes de chaque division recevront \u00e9galement des prix.<\/span><\/h1><\/div><div class=\"clear\"><\/div><\/div><div class=\"empty-space empty-half\" ><span class=\"empty-space-inner\"><\/span><\/div>\n<div class=\"vc_custom_heading_wrap\"><div class=\"heading-text el-text\" ><h1 class=\"h2 text-accent-color\" ><span>Uniformes<\/span><\/h1><\/div><div class=\"clear\"><\/div><\/div><div class=\"empty-space empty-quart\" ><span class=\"empty-space-inner\"><\/span><\/div>\n<div class=\"vc_custom_heading_wrap\"><div class=\"heading-text el-text\" ><h1 class=\"h3 font-weight-400 text-color-wayh-color\" ><span>Les frais comprennent les uniformes de l&#8217;\u00e9quipe (maillot et chaussettes).<\/span><\/h1><\/div><div class=\"clear\"><\/div><\/div><div class=\"empty-space empty-half\" ><span class=\"empty-space-inner\"><\/span><\/div>\n<div class=\"vc_custom_heading_wrap\"><div class=\"heading-text el-text\" ><h1 class=\"h2 text-accent-color\" ><span>Patinoires<\/span><\/h1><\/div><div class=\"clear\"><\/div><\/div><div class=\"vc_custom_heading_wrap\"><div class=\"heading-text el-text\" ><h1 class=\"h3 font-weight-400 text-color-wayh-color\" ><span>La majorit\u00e9 des matchs aura lieu au <strong>Centre BMO<\/strong> et au <strong>Centre RBC<\/strong>, et quelques matchs suppl\u00e9mentaires auront lieu dans d&#8217;autres installations \u00e0 proximit\u00e9.<\/span><\/h1><\/div><div class=\"clear\"><\/div><\/div><\/div><\/div><\/div><\/div><\/div><script id=\"script-row-unique-1\" data-row=\"script-row-unique-1\" type=\"text\/javascript\" class=\"vc_controls\">UNCODE.initRow(document.getElementById(\"row-unique-1\"));<\/script><\/div><\/div><\/div><div data-parent=\"true\" class=\"vc_row limit-width row-container\" id=\"row-unique-2\"><div class=\"row single-top-padding single-bottom-padding single-h-padding row-parent\"><div class=\"wpb_row row-inner\"><div class=\"wpb_column pos-middle pos-center align_center column_parent col-lg-12 half-internal-gutter\"><div class=\"uncol style-light\"  ><div class=\"uncoltable\"><div class=\"uncell no-block-padding\" ><div class=\"uncont\" ><div class=\"uncode-single-media  text-center\"><div class=\"single-wrapper\" style=\"max-width: 60%;\"><div class=\"tmb tmb-light  tmb-media-first tmb-media-last tmb-content-overlay tmb-no-bg\"><div class=\"t-inside\"><div class=\"t-entry-visual\"><div class=\"t-entry-visual-tc\"><div class=\"uncode-single-media-wrapper\"><img decoding=\"async\" class=\"wp-image-93814\" src=\"https:\/\/atlantichockeygroup.com\/wp-content\/uploads\/2021\/09\/Copy-of-White-and-Dark-Navy-Triathlon-Sports-Facebook-Cover.png\" width=\"1640\" height=\"924\" alt=\"\" srcset=\"https:\/\/atlantichockeygroup.com\/wp-content\/uploads\/2021\/09\/Copy-of-White-and-Dark-Navy-Triathlon-Sports-Facebook-Cover.png 1640w, https:\/\/atlantichockeygroup.com\/wp-content\/uploads\/2021\/09\/Copy-of-White-and-Dark-Navy-Triathlon-Sports-Facebook-Cover-300x169.png 300w, https:\/\/atlantichockeygroup.com\/wp-content\/uploads\/2021\/09\/Copy-of-White-and-Dark-Navy-Triathlon-Sports-Facebook-Cover-1024x577.png 1024w, https:\/\/atlantichockeygroup.com\/wp-content\/uploads\/2021\/09\/Copy-of-White-and-Dark-Navy-Triathlon-Sports-Facebook-Cover-768x433.png 768w, https:\/\/atlantichockeygroup.com\/wp-content\/uploads\/2021\/09\/Copy-of-White-and-Dark-Navy-Triathlon-Sports-Facebook-Cover-1536x865.png 1536w\" sizes=\"(max-width: 1640px) 100vw, 1640px\" \/><\/div>\n\t\t\t\t\t<\/div>\n\t\t\t\t<\/div><\/div><\/div><\/div><\/div><\/div><\/div><\/div><\/div><\/div><script id=\"script-row-unique-2\" data-row=\"script-row-unique-2\" type=\"text\/javascript\" class=\"vc_controls\">UNCODE.initRow(document.getElementById(\"row-unique-2\"));<\/script><\/div><\/div><\/div><div data-parent=\"true\" class=\"vc_row row-container\" id=\"row-unique-3\"><div class=\"row single-top-padding single-bottom-padding single-h-padding limit-width row-parent\"><div class=\"wpb_row row-inner\"><div class=\"wpb_column pos-middle pos-center align_center column_parent col-lg-12 single-internal-gutter\"><div class=\"uncol style-light\"  ><div class=\"uncoltable\"><div class=\"uncell no-block-padding\" ><div class=\"uncont\" ><div class=\"vc_custom_heading_wrap\"><div class=\"heading-text el-text\" ><h1 class=\"h2 text-accent-color\" ><span>H\u00e9bergement<\/span><\/h1><\/div><div class=\"clear\"><\/div><\/div><div class=\"empty-space empty-half\" ><span class=\"empty-space-inner\"><\/span><\/div>\n<div class=\"vc_custom_heading_wrap\"><div class=\"heading-text el-text\" ><h1 class=\"h3 font-weight-400 text-color-wayh-color\" ><span>Veuillez contacter Dave Kennedy pour la liste des h\u00e9bergements : davekennedyaga@gmail.com<\/span><\/h1><\/div><div class=\"clear\"><\/div><\/div><div class=\"empty-space empty-half\" ><span class=\"empty-space-inner\"><\/span><\/div>\n<div class=\"vc_custom_heading_wrap\"><div class=\"heading-text el-text\" ><h1 class=\"h2 text-accent-color\" ><span>Co\u00fbt<\/span><\/h1><\/div><div class=\"clear\"><\/div><\/div><div class=\"empty-space empty-half\" ><span class=\"empty-space-inner\"><\/span><\/div>\n<div class=\"vc_custom_heading_wrap\"><div class=\"heading-text el-text\" ><h1 class=\"h3 font-weight-400 text-color-wayh-color\" ><span>Le co\u00fbt par \u00e9quipe sera de 1 599 $ + TVH. Nous avons seulement besoin d&#8217;un d\u00e9p\u00f4t de 100 $ maintenant pour <span style=\"color: #ff0000;\"><strong>Sauvegardez votre place.<\/strong><\/span><\/span><\/h1><\/div><div class=\"clear\"><\/div><\/div><div class=\"empty-space empty-half\" ><span class=\"empty-space-inner\"><\/span><\/div>\n<div class=\"vc_custom_heading_wrap\"><div class=\"heading-text el-text\" ><h1 class=\"h2 text-accent-color\" ><span>enregistrement<\/span><\/h1><\/div><div class=\"clear\"><\/div><\/div><div class=\"empty-space empty-half\" ><span class=\"empty-space-inner\"><\/span><\/div>\n<div class=\"vc_custom_heading_wrap\"><div class=\"heading-text el-text\" ><h1 class=\"h3 font-weight-400 text-color-wayh-color\" ><span><span style=\"color: #ff0000;\"><strong>Les \u00e9quipes seront accept\u00e9es sur la base du premier arriv\u00e9, premier servi.<\/strong> <\/span>Enregistrez votre \u00e9quipe aujourd&#8217;hui en cliquant sur le bouton \u00abs&#8217;inscrire\u00bb ci-dessous! Rendez-vous au tournoi!<\/span><\/h1><\/div><div class=\"clear\"><\/div><\/div><div class=\"empty-space empty-half\" ><span class=\"empty-space-inner\"><\/span><\/div>\n<span class=\"btn-container\" ><a role=\"button\"  href=\"https:\/\/ahgcentral.sportngin.com\/register\/form\/771257233\" class=\"custom-link btn btn-xl border-width-0 btn-accent btn-round btn-icon-left\">S&#8217;INSCRIRE<\/a><\/span><div class=\"empty-space empty-single\" ><span class=\"empty-space-inner\"><\/span><\/div>\n<\/div><\/div><\/div><\/div><\/div><script id=\"script-row-unique-3\" data-row=\"script-row-unique-3\" type=\"text\/javascript\" class=\"vc_controls\">UNCODE.initRow(document.getElementById(\"row-unique-3\"));<\/script><\/div><\/div><\/div><div data-parent=\"true\" class=\"vc_row style-accent-bg row-container\" id=\"row-unique-4\"><div class=\"row unequal single-top-padding single-bottom-padding no-h-padding full-width row-parent\"><div class=\"wpb_row row-inner\"><div class=\"wpb_column pos-middle pos-center align_center align_center_mobile column_parent col-lg-12 col-md-50 single-internal-gutter\"><div class=\"uncol style-light animate_when_almost_visible right-t-left\"  data-delay=\"200\"><div class=\"uncoltable\"><div class=\"uncell\" ><div class=\"uncont single-block-padding col-custom-width\" style=\" max-width:70%;\" ><div class=\"vc_custom_heading_wrap\"><div class=\"heading-text el-text curtain animate_inner_when_almost_visible el-text-split\" data-interval=\"200\"><h2 class=\"fontsize-155944 fontspace-781688 font-weight-900 text-color-xsdn-color font-obs\" data-style=\"normal\" data-weight=\"900\" data-font=\"Roboto\"><span class=\"heading-text-inner\"><span class=\"split-word word1\"><span class=\"split-word-flow\"><span class=\"split-word-inner\">D\u00c9COUVREZ<\/span><\/span><\/span><span class=\"split-word word2\"><span class=\"split-word-flow\"><span class=\"split-word-inner split-empty-inner\"><span class=\"split-word-empty\">&nbsp;<\/span>LE<\/span><\/span><\/span><span class=\"split-word word3\"><span class=\"split-word-flow\"><span class=\"split-word-inner split-empty-inner\"><span class=\"split-word-empty\">&nbsp;<\/span>CONTENU<\/span><\/span><\/span><span class=\"split-word word4\"><span class=\"split-word-flow\"><span class=\"split-word-inner split-empty-inner\"><span class=\"split-word-empty\">&nbsp;<\/span>DE<\/span><\/span><\/span><span class=\"split-word word5\"><span class=\"split-word-flow\"><span class=\"split-word-inner split-empty-inner\"><span class=\"split-word-empty\">&nbsp;<\/span>L&#8217;ANN\u00c9E<\/span><\/span><\/span><span class=\"split-word word6\"><span class=\"split-word-flow\"><span class=\"split-word-inner split-empty-inner\"><span class=\"split-word-empty\">&nbsp;<\/span>DERNI\u00c8RE<\/span><\/span><\/span><span class=\"split-word word7\"><span class=\"split-word-flow\"><span class=\"split-word-inner split-empty-inner\"><span class=\"split-word-empty\">&nbsp;<\/span>DE<\/span><\/span><\/span><span class=\"split-word word8\"><span class=\"split-word-flow\"><span class=\"split-word-inner split-empty-inner\"><span class=\"split-word-empty\">&nbsp;<\/span>HAUT<\/span><\/span><\/span><span class=\"split-word word9\"><span class=\"split-word-flow\"><span class=\"split-word-inner split-empty-inner\"><span class=\"split-word-empty\">&nbsp;<\/span>BOUTON<\/span><\/span><\/span><span class=\"split-word word10\"><span class=\"split-word-flow\"><span class=\"split-word-inner split-empty-inner\"><span class=\"split-word-empty\">&nbsp;<\/span>SPORTIF<\/span><\/span><\/span><span class=\"split-word word11\"><span class=\"split-word-flow\"><span class=\"split-word-inner split-empty-inner\"><span class=\"split-word-empty\">&nbsp;<\/span>!<\/span><\/span><\/span><\/span><\/h2><\/div><div class=\"clear\"><\/div><\/div>\n\t<div class=\"wpb_raw_code wpb_raw_html\" >\n\t\t<div class=\"wpb_wrapper\">\n\t\t\t<iframe width=\"400\" height=\"400\" src=\"https:\/\/www.youtube.com\/embed\/PeXaK65FuBw?si=WlsnsHjeGtlQa0Zn\" title=\"Lecteur vid\u00e9o YouTube\" frameborder=\"0\" allow=\"accelerometer; autoplay; clipboard-write; encrypted-media; gyroscope; picture-in-picture\" allowfullscreen=\"\"><\/iframe>\n\t\t<\/div>\n\t<\/div>\n\n\t<div class=\"wpb_raw_code wpb_raw_html\" >\n\t\t<div class=\"wpb_wrapper\">\n\t\t\t<iframe width=\"400\" height=\"400\" src=\"https:\/\/www.youtube.com\/embed\/BezlM7dTPj8?si=V_D3y5hCs-zJyGVs\" title=\"Lecteur vid\u00e9o YouTube\" frameborder=\"0\" allow=\"accelerometer; autoplay; clipboard-write; encrypted-media; gyroscope; picture-in-picture\" allowfullscreen=\"\"><\/iframe>\n\t\t<\/div>\n\t<\/div>\n\n\t<div class=\"wpb_raw_code wpb_raw_html\" >\n\t\t<div class=\"wpb_wrapper\">\n\t\t\t<iframe width=\"400\" height=\"400\" src=\"https:\/\/www.youtube.com\/embed\/fngXZzJK3TI?si=Di8oUY2DwihUFKLi\" title=\"Lecteur vid\u00e9o YouTube\" frameborder=\"0\" allow=\"accelerometer; autoplay; clipboard-write; encrypted-media; gyroscope; picture-in-picture\" allowfullscreen=\"\"><\/iframe>\n\t\t<\/div>\n\t<\/div>\n<\/div><\/div><\/div><\/div><\/div><script id=\"script-row-unique-4\" data-row=\"script-row-unique-4\" type=\"text\/javascript\" class=\"vc_controls\">UNCODE.initRow(document.getElementById(\"row-unique-4\"));<\/script><\/div><\/div><\/div><div data-parent=\"true\" class=\"vc_row style-accent-bg row-container\" id=\"row-unique-5\"><div class=\"row single-top-padding single-bottom-padding single-h-padding limit-width row-parent\"><div class=\"wpb_row row-inner\"><div class=\"wpb_column pos-middle pos-center align_center column_parent col-lg-12 single-internal-gutter\"><div class=\"uncol style-light\"  ><div class=\"uncoltable\"><div class=\"uncell no-block-padding\" ><div class=\"uncont\" ><div class=\"vc_custom_heading_wrap\"><div class=\"heading-text el-text\" ><h1 class=\"h3 font-weight-400 text-color-wayh-color\" ><span><span style=\"color: #ffffff;\">Si vous avez des questions, vous pouvez nous envoyer un courriel ici : info@atlantichockeygroup.com <a style=\"color: #ffffff;\" href=\"mailto:info@atlantichockeygroup.com\"><\/a><\/span><\/span><\/h1><\/div><div class=\"clear\"><\/div><\/div><div class=\"empty-space empty-single\" ><span class=\"empty-space-inner\"><\/span><\/div>\n<\/div><\/div><\/div><\/div><\/div><script id=\"script-row-unique-5\" data-row=\"script-row-unique-5\" type=\"text\/javascript\" class=\"vc_controls\">UNCODE.initRow(document.getElementById(\"row-unique-5\"));<\/script><\/div><\/div><\/div>\n<\/div>","protected":false},"excerpt":{"rendered":"Tournoi Jon Sim 2-Line21\/22 D\u00c9CEMBRE 2023 | Halifax, Nouvelle-\u00c9cosse Le tournoi Jon Sim est de retour \u00e0 Halifax pour plus [...]","protected":false},"author":3,"featured_media":86078,"parent":0,"menu_order":0,"comment_status":"closed","ping_status":"closed","template":"","meta":{"_monsterinsights_skip_tracking":false,"_monsterinsights_sitenote_active":false,"_monsterinsights_sitenote_note":"","_monsterinsights_sitenote_category":0,"footnotes":""},"class_list":["post-89830","page","type-page","status-publish","has-post-thumbnail","hentry"],"_links":{"self":[{"href":"https:\/\/atlantichockeygroup.com\/fr\/wp-json\/wp\/v2\/pages\/89830","targetHints":{"allow":["GET"]}}],"collection":[{"href":"https:\/\/atlantichockeygroup.com\/fr\/wp-json\/wp\/v2\/pages"}],"about":[{"href":"https:\/\/atlantichockeygroup.com\/fr\/wp-json\/wp\/v2\/types\/page"}],"author":[{"embeddable":true,"href":"https:\/\/atlantichockeygroup.com\/fr\/wp-json\/wp\/v2\/users\/3"}],"replies":[{"embeddable":true,"href":"https:\/\/atlantichockeygroup.com\/fr\/wp-json\/wp\/v2\/comments?post=89830"}],"version-history":[{"count":0,"href":"https:\/\/atlantichockeygroup.com\/fr\/wp-json\/wp\/v2\/pages\/89830\/revisions"}],"wp:featuredmedia":[{"embeddable":true,"href":"https:\/\/atlantichockeygroup.com\/fr\/wp-json\/wp\/v2\/media\/86078"}],"wp:attachment":[{"href":"https:\/\/atlantichockeygroup.com\/fr\/wp-json\/wp\/v2\/media?parent=89830"}],"curies":[{"name":"wp","href":"https:\/\/api.w.org\/{rel}","templated":true}]}}