{"id":90142,"date":"2020-10-10T14:44:06","date_gmt":"2020-10-10T14:44:06","guid":{"rendered":"https:\/\/atlantichockeygroup.com\/?page_id=90142"},"modified":"2025-10-11T00:26:21","modified_gmt":"2025-10-11T00:26:21","slug":"bauer-academy-pei","status":"publish","type":"page","link":"https:\/\/atlantichockeygroup.com\/fr\/on-ice-training\/bauer-academy-pei\/","title":{"rendered":"Acad\u00e9mie Bauer PEI"},"content":{"rendered":"<div class=\"wpb-content-wrapper\"><div data-parent=\"true\" class=\"vc_row style-accent-bg row-container\" id=\"row-unique-0\"><div class=\"row triple-top-padding triple-bottom-padding single-h-padding limit-width row-parent\" data-height-ratio=\"29\"><div class=\"wpb_row row-inner\"><div class=\"wpb_column pos-middle pos-center align_center column_parent col-lg-12 double-internal-gutter\"><div class=\"uncol style-light\"  ><div class=\"uncoltable\"><div class=\"uncell no-block-padding\" ><div class=\"uncont\" ><div class=\"vc_custom_heading_wrap\"><div class=\"heading-text el-text curtain animate_inner_when_almost_visible el-text-split\" data-interval=\"200\"><h2 class=\"fontsize-338686 fontspace-781688 font-weight-700 text-color-xsdn-color font-obs\" data-style=\"normal\" data-weight=\"700\" data-font=\"Roboto\"><span class=\"heading-text-inner\"><span class=\"split-word word1\"><span class=\"split-word-flow\"><span class=\"split-word-inner\">BAUER<\/span><\/span><\/span><span class=\"split-word word2\"><span class=\"split-word-flow\"><span class=\"split-word-inner split-empty-inner\"><span class=\"split-word-empty\">&nbsp;<\/span>ACAD\u00c9MIE<\/span><\/span><\/span><span class=\"split-word word3\"><span class=\"split-word-flow\"><span class=\"split-word-inner split-empty-inner\"><span class=\"split-word-empty\">&nbsp;<\/span>\u00cele-du-Prince-\u00c9douard<\/span><\/span><\/span><\/span><\/h2><\/div><div class=\"clear\"><\/div><\/div><\/div><\/div><\/div><\/div><\/div><script id=\"script-row-unique-0\" data-row=\"script-row-unique-0\" type=\"text\/javascript\" class=\"vc_controls\">UNCODE.initRow(document.getElementById(\"row-unique-0\"));<\/script><\/div><\/div><\/div><div data-parent=\"true\" class=\"vc_row style-color-wayh-bg row-container with-parallax\" id=\"row-unique-1\"><div class=\"row-background background-element\">\n\t\t\t\t\t\t\t\t\t\t\t<div class=\"background-wrapper\">\n\t\t\t\t\t\t\t\t\t\t\t\t<div class=\"background-inner\" style=\"background-image: url(https:\/\/atlantichockeygroup.com\/wp-content\/uploads\/2023\/04\/Untitled-design-2023-04-25T123625.055.png);background-repeat: no-repeat;background-position: center center;background-size: cover;\"><\/div>\n\t\t\t\t\t\t\t\t\t\t\t\t<div class=\"block-bg-overlay block-bg-blend-mode for-ie style-accent-bg\" style=\"opacity: 0.95;\"><\/div><div class=\"block-bg-overlay block-bg-blend-mode not-ie style-accent-bg\" style=\"mix-blend-mode:multiply;\"><\/div>\n\t\t\t\t\t\t\t\t\t\t\t<\/div>\n\t\t\t\t\t\t\t\t\t\t<\/div><div class=\"row single-top-padding single-bottom-padding single-h-padding limit-width row-parent\" data-height-ratio=\"65\"><div class=\"wpb_row row-inner\"><div class=\"wpb_column pos-middle pos-center align_center column_parent col-lg-12 single-internal-gutter\"><div class=\"uncol style-dark\"  ><div class=\"uncoltable\"><div class=\"uncell no-block-padding\" ><div class=\"uncont\" ><div class=\"vc_custom_heading_wrap\"><div class=\"heading-text el-text curtain animate_inner_when_almost_visible el-text-split heading-lines\" data-interval=\"200\"><h2 class=\"fontsize-155944 fontspace-781688 font-weight-600 font-obs translation-block\" data-style=\"normal\" data-weight=\"600\" data-font=\"Roboto\">L'objectif de la PEI Bauer Academy sera de\nfournir la structure appropri\u00e9e pour remettre en question nos\n\u00e9tudiants alors qu\u2019ils atteignent le NIVEAU SUIVANT.<\/h2><\/div><div class=\"clear\"><\/div><\/div><\/div><\/div><\/div><\/div><\/div><script id=\"script-row-unique-1\" data-row=\"script-row-unique-1\" type=\"text\/javascript\" class=\"vc_controls\">UNCODE.initRow(document.getElementById(\"row-unique-1\"));<\/script><\/div><\/div><\/div><div data-parent=\"true\" class=\"vc_row row-next-to-blend row-container\" id=\"row-unique-2\"><div class=\"row unequal single-top-padding single-bottom-padding no-h-padding full-width row-parent\"><div class=\"wpb_row row-inner\"><div class=\"wpb_column pos-middle pos-center align_center align_center_mobile column_parent col-lg-12 col-md-50 single-internal-gutter\"><div class=\"uncol style-light animate_when_almost_visible right-t-left\"  data-delay=\"200\"><div class=\"uncoltable\"><div class=\"uncell\" ><div class=\"uncont single-block-padding col-custom-width\" style=\" max-width:70%;\" ><div class=\"vc_custom_heading_wrap\"><div class=\"heading-text el-text curtain animate_inner_when_almost_visible el-text-split\" data-interval=\"200\"><h2 class=\"fontsize-155944 fontspace-781688 font-weight-900 font-obs\" data-style=\"normal\" data-weight=\"900\" data-font=\"Roboto\"><span class=\"heading-text-inner\"><span class=\"split-word word1\"><span class=\"split-word-flow\"><span class=\"split-word-inner\">2025-2026<\/span><\/span><\/span><span class=\"split-word word2\"><span class=\"split-word-flow\"><span class=\"split-word-inner split-empty-inner\"><span class=\"split-word-empty\">&nbsp;<\/span>Programme<\/span><\/span><\/span><\/span><\/h2><\/div><div class=\"clear\"><\/div><\/div><div class=\"vc_custom_heading_wrap\"><div class=\"heading-text el-text\" ><h2 class=\"font-156269 h2 font-weight-300 text-color-prif-color\" ><span>Cette ann\u00e9e, l&#039;Acad\u00e9mie AHG se d\u00e9roulera aux niveaux 2019, 2018 et 2017. Le programme d\u00e9butera en octobre et se terminera en mars. Le calendrier a \u00e9t\u00e9 con\u00e7u pour \u00e9viter les conflits avec les diff\u00e9rentes associations de hockey mineur.<\/span><\/h2><\/div><div class=\"clear\"><\/div><\/div><\/div><\/div><\/div><\/div><\/div><script id=\"script-row-unique-2\" data-row=\"script-row-unique-2\" type=\"text\/javascript\" class=\"vc_controls\">UNCODE.initRow(document.getElementById(\"row-unique-2\"));<\/script><\/div><\/div><\/div><div data-parent=\"true\" class=\"vc_row row-container onepage-section\" data-label=\"Design &amp; Quality\" data-name=\"design-quality\" id=\"row-unique-3\"><div class=\"row double-top-padding double-bottom-padding single-h-padding limit-width row-parent\"><div class=\"wpb_row row-inner\"><div class=\"wpb_column pos-top pos-center align_center column_parent col-lg-12 single-internal-gutter\"><div class=\"uncol style-light\"  ><div class=\"uncoltable\"><div class=\"uncell\" ><div class=\"uncont no-block-padding col-custom-width\" style=\" max-width:804px;\" ><div class=\"vc_custom_heading_wrap\"><div class=\"heading-text el-text\" ><h2 class=\"font-156269 fontsize-155944 font-weight-700 text-color-jevc-color text-uppercase\" ><span>Inscription<\/span><\/h2><hr class=\"separator-break\" \/><\/div><div class=\"clear\"><\/div><\/div><\/div><\/div><\/div><\/div><\/div><script id=\"script-row-unique-3\" data-row=\"script-row-unique-3\" type=\"text\/javascript\" class=\"vc_controls\">UNCODE.initRow(document.getElementById(\"row-unique-3\"));<\/script><\/div><\/div><\/div><div data-parent=\"true\" class=\"vc_row row-container onepage-section\" data-label=\"Design &amp; Quality\" data-name=\"design-quality\" id=\"row-unique-4\"><div class=\"row double-top-padding double-bottom-padding single-h-padding limit-width row-parent\"><div class=\"wpb_row row-inner\"><div class=\"wpb_column pos-middle pos-center align_center column_parent col-lg-12 single-internal-gutter\"><div class=\"uncol style-light\"  ><div class=\"uncoltable\"><div class=\"uncell\" ><div class=\"uncont no-block-padding col-custom-width\" style=\" max-width:804px;\" ><span class=\"btn-container\" ><a role=\"button\"  href=\"https:\/\/ahgcentral.sportngin.com\/register\/form\/560594996\" class=\"custom-link btn btn-lg btn-custom-typo font-762333 font-weight-800 text-uppercase fontspace-210350 border-width-0 btn-accent btn-flat btn-italic btn-icon-left\">Inscription au programme (PAR INVITATION)<\/a><\/span><\/div><\/div><\/div><\/div><\/div><script id=\"script-row-unique-4\" data-row=\"script-row-unique-4\" type=\"text\/javascript\" class=\"vc_controls\">UNCODE.initRow(document.getElementById(\"row-unique-4\"));<\/script><\/div><\/div><\/div><div data-parent=\"true\" class=\"vc_row row-container onepage-section\" data-label=\"Design &amp; Quality\" data-name=\"design-quality\" id=\"row-unique-5\"><div class=\"row single-top-padding single-bottom-padding single-h-padding limit-width row-parent\"><div class=\"wpb_row row-inner\"><div class=\"wpb_column pos-top pos-center align_center column_parent col-lg-12 single-internal-gutter\"><div class=\"uncol style-light\"  ><div class=\"uncoltable\"><div class=\"uncell\" ><div class=\"uncont no-block-padding col-custom-width\" style=\" max-width:804px;\" ><div class=\"uncode-wrapper uncode-share  has-title\" ><h6>Partager<\/h6><hr class=\"separator-break separator-accent\" \/><div class=\"share-button share-buttons share-inline share-bigger\" data-url=\"\"><\/div><\/div><\/div><\/div><\/div><\/div><\/div><script id=\"script-row-unique-5\" data-row=\"script-row-unique-5\" type=\"text\/javascript\" class=\"vc_controls\">UNCODE.initRow(document.getElementById(\"row-unique-5\"));<\/script><\/div><\/div><\/div>\n<\/div>","protected":false},"excerpt":{"rendered":"BAUER&nbsp;ACADEMY&nbsp;PEI The&nbsp;goal&nbsp;of&nbsp;the&nbsp;PEI&nbsp;Bauer&nbsp;Academy&nbsp;will&nbsp;be&nbsp;to&nbsp;provide&nbsp;the&nbsp;proper&nbsp;structure&nbsp;to&nbsp;challenge&nbsp;our&nbsp;students&nbsp;as&nbsp;they&nbsp;reach&nbsp;for&nbsp;the&nbsp;NEXT&nbsp;LEVEL.2025-2026&nbsp;ProgramThis years AHG Academy will take place at the 2019, 2018 and 2017 levels. The program will begin in [...]","protected":false},"author":3,"featured_media":85024,"parent":79786,"menu_order":0,"comment_status":"open","ping_status":"closed","template":"","meta":{"_monsterinsights_skip_tracking":false,"_monsterinsights_sitenote_active":false,"_monsterinsights_sitenote_note":"","_monsterinsights_sitenote_category":0,"footnotes":""},"class_list":["post-90142","page","type-page","status-publish","has-post-thumbnail","hentry"],"_links":{"self":[{"href":"https:\/\/atlantichockeygroup.com\/fr\/wp-json\/wp\/v2\/pages\/90142","targetHints":{"allow":["GET"]}}],"collection":[{"href":"https:\/\/atlantichockeygroup.com\/fr\/wp-json\/wp\/v2\/pages"}],"about":[{"href":"https:\/\/atlantichockeygroup.com\/fr\/wp-json\/wp\/v2\/types\/page"}],"author":[{"embeddable":true,"href":"https:\/\/atlantichockeygroup.com\/fr\/wp-json\/wp\/v2\/users\/3"}],"replies":[{"embeddable":true,"href":"https:\/\/atlantichockeygroup.com\/fr\/wp-json\/wp\/v2\/comments?post=90142"}],"version-history":[{"count":0,"href":"https:\/\/atlantichockeygroup.com\/fr\/wp-json\/wp\/v2\/pages\/90142\/revisions"}],"up":[{"embeddable":true,"href":"https:\/\/atlantichockeygroup.com\/fr\/wp-json\/wp\/v2\/pages\/79786"}],"wp:featuredmedia":[{"embeddable":true,"href":"https:\/\/atlantichockeygroup.com\/fr\/wp-json\/wp\/v2\/media\/85024"}],"wp:attachment":[{"href":"https:\/\/atlantichockeygroup.com\/fr\/wp-json\/wp\/v2\/media?parent=90142"}],"curies":[{"name":"wp","href":"https:\/\/api.w.org\/{rel}","templated":true}]}}