{"id":91967,"date":"2020-12-30T15:48:20","date_gmt":"2020-12-30T15:48:20","guid":{"rendered":"https:\/\/atlantichockeygroup.com\/?page_id=91967"},"modified":"2025-10-11T00:22:44","modified_gmt":"2025-10-11T00:22:44","slug":"magic-skate","status":"publish","type":"page","link":"https:\/\/atlantichockeygroup.com\/fr\/on-ice-training\/magic-skate\/","title":{"rendered":"Patinage magique"},"content":{"rendered":"<div class=\"wpb-content-wrapper\"><div data-parent=\"true\" class=\"vc_row row-container\" id=\"row-unique-0\"><div class=\"row-background background-element\">\n\t\t\t\t\t\t\t\t\t\t\t<div class=\"background-wrapper\">\n\t\t\t\t\t\t\t\t\t\t\t\t<div class=\"background-inner\" style=\"background-image: url(https:\/\/atlantichockeygroup.com\/wp-content\/uploads\/2019\/11\/DSC_0010-2-min-1-scaled.jpg);background-repeat: no-repeat;background-position: center center;background-attachment: scroll;background-size: cover;\"><\/div>\n\t\t\t\t\t\t\t\t\t\t\t\t<div class=\"block-bg-overlay style-color-wayh-bg\" style=\"opacity: 0.5;\"><\/div>\n\t\t\t\t\t\t\t\t\t\t\t<\/div>\n\t\t\t\t\t\t\t\t\t\t<\/div><div class=\"row quad-top-padding quad-bottom-padding single-h-padding limit-width row-parent\" data-height-ratio=\"60\"><div class=\"wpb_row row-inner\"><div class=\"wpb_column pos-middle pos-center align_center column_parent col-lg-12 double-internal-gutter\"><div class=\"uncol style-light\"  ><div class=\"uncoltable\"><div class=\"uncell no-block-padding\" ><div class=\"uncont\" ><div class=\"vc_custom_heading_wrap\"><div class=\"heading-text el-text curtain animate_inner_when_almost_visible el-text-split\" data-interval=\"200\"><h2 class=\"fontsize-445851 fontspace-781688 font-weight-900 text-color-xsdn-color font-obs\" data-style=\"normal\" data-weight=\"900\" data-font=\"Roboto\"><span class=\"heading-text-inner\"><span class=\"split-word word1\"><span class=\"split-word-flow\"><span class=\"split-word-inner\">MAGIE<\/span><\/span><\/span><span class=\"split-word word2\"><span class=\"split-word-flow\"><span class=\"split-word-inner split-empty-inner\"><span class=\"split-word-empty\">&nbsp;<\/span>PATIN<\/span><\/span><\/span><span class=\"split-word word3\"><span class=\"split-word-flow\"><span class=\"split-word-inner split-empty-inner\"><span class=\"split-word-empty\">&nbsp;<\/span>PROGRAMME<\/span><\/span><\/span><\/span><\/h2><\/div><div class=\"clear\"><\/div><\/div><\/div><\/div><\/div><\/div><\/div><script id=\"script-row-unique-0\" data-row=\"script-row-unique-0\" type=\"text\/javascript\" class=\"vc_controls\">UNCODE.initRow(document.getElementById(\"row-unique-0\"));<\/script><\/div><\/div><\/div><div data-parent=\"true\" class=\"vc_row row-container\" id=\"row-unique-1\"><div class=\"row triple-top-padding double-bottom-padding single-h-padding limit-width row-parent\"><div class=\"wpb_row row-inner\"><div class=\"wpb_column pos-top pos-center align_left column_parent col-lg-12 double-internal-gutter\"><div class=\"uncol style-light\"  ><div class=\"uncoltable\"><div class=\"uncell no-block-padding\" ><div class=\"uncont\" ><div class=\"vc_row row-internal row-container\"><div class=\"row col-double-gutter row-child\"><div class=\"wpb_row row-inner\"><div class=\"wpb_column pos-top pos-center align_center column_child col-lg-12 one-internal-gutter\"><div class=\"uncol style-light\" ><div class=\"uncoltable\"><div class=\"uncell no-block-padding\" ><div class=\"uncont\" style=\" max-width:1200px;\" ><div class=\"vc_custom_heading_wrap\"><div class=\"heading-text el-text curtain animate_inner_when_almost_visible el-text-split\" data-interval=\"200\"><h2 class=\"fontsize-338686 fontspace-781688 font-weight-900 font-obs\" data-style=\"normal\" data-weight=\"900\" data-font=\"Roboto\"><span class=\"heading-text-inner\"><span class=\"split-word word1\"><span class=\"split-word-flow\"><span class=\"split-word-inner\">Improve<\/span><\/span><\/span><span class=\"split-word word2\"><span class=\"split-word-flow\"><span class=\"split-word-inner split-empty-inner\"><span class=\"split-word-empty\">&nbsp;<\/span>votre<\/span><\/span><\/span><span class=\"split-word word3\"><span class=\"split-word-flow\"><span class=\"split-word-inner split-empty-inner\"><span class=\"split-word-empty\">&nbsp;<\/span>child&#8217;s<\/span><\/span><\/span><span class=\"split-word word4\"><span class=\"split-word-flow\"><span class=\"split-word-inner split-empty-inner\"><span class=\"split-word-empty\">&nbsp;<\/span>skating!<\/span><\/span><\/span><\/span><\/h2><\/div><div class=\"clear\"><\/div><\/div><\/div><\/div><\/div><\/div><\/div><\/div><\/div><\/div><\/div><\/div><\/div><\/div><\/div><script id=\"script-row-unique-1\" data-row=\"script-row-unique-1\" type=\"text\/javascript\" class=\"vc_controls\">UNCODE.initRow(document.getElementById(\"row-unique-1\"));<\/script><\/div><\/div><\/div><div data-parent=\"true\" class=\"vc_row row-container\" id=\"row-unique-2\"><div class=\"row unequal no-top-padding one-bottom-padding no-h-padding full-width row-parent\"><div class=\"wpb_row row-inner\"><div class=\"wpb_column pos-middle pos-center align_center align_center_mobile column_parent col-lg-12 col-md-50 single-internal-gutter\"><div class=\"uncol style-light animate_when_almost_visible right-t-left\"  data-delay=\"200\"><div class=\"uncoltable\"><div class=\"uncell\" ><div class=\"uncont single-block-padding col-custom-width\" style=\" max-width:70%;\" ><div class=\"vc_custom_heading_wrap\"><div class=\"heading-text el-text curtain animate_inner_when_almost_visible el-text-split\" data-interval=\"200\"><h2 class=\"fontsize-155944 fontspace-781688 font-weight-900 font-obs translation-block\" data-style=\"normal\" data-weight=\"900\" data-font=\"Roboto\">D\u00e9tails et objectif du programme<\/h2><hr class=\"separator-break separator-accent\" \/><\/div><div class=\"clear\"><\/div><\/div><\/div><\/div><\/div><\/div><\/div><script id=\"script-row-unique-2\" data-row=\"script-row-unique-2\" type=\"text\/javascript\" class=\"vc_controls\">UNCODE.initRow(document.getElementById(\"row-unique-2\"));<\/script><\/div><\/div><\/div><div data-parent=\"true\" class=\"vc_row row-container\" id=\"row-unique-3\"><div class=\"row unequal no-top-padding single-bottom-padding no-h-padding full-width row-parent\"><div class=\"wpb_row row-inner\"><div class=\"wpb_column pos-middle pos-center align_left align_center_mobile column_parent col-lg-12 col-md-50 single-internal-gutter\"><div class=\"uncol style-light animate_when_almost_visible right-t-left\"  data-delay=\"200\"><div class=\"uncoltable\"><div class=\"uncell\" ><div class=\"uncont single-block-padding col-custom-width\" style=\" max-width:70%;\" ><div class=\"vc_custom_heading_wrap\"><div class=\"heading-text el-text\" ><h4 class=\"h4 font-weight-300\" ><span><strong>Magic Skate&#8217;s <\/strong>objective is to improve your kid&#8217;s skating abilities while having fun. Even though it&#8217;s not a hockey or a ringette program per say, it prepares the kids well to make the transition to these sports. The program is designed for 4, 5, and 6 year old kids.<\/p><\/span><span><p>&nbsp;<\/p><\/span><span><p>Each lesson is designed to challenge and allow each skater to progress at their own pace. We use many objects and materials to help us achieve our objective (balls, hoops, bungee cords, etc&#8230;)<\/p><\/span><span><p>&nbsp;<\/p><\/span><span><p>Les entra\u00eeneurs ont \u00e9t\u00e9 charg\u00e9s d'enseigner les diff\u00e9rentes techniques de patinage \u00e0 travers des exercices et des jeux amusants. Bien que nous soyons fiers d'avoir le meilleur ratio (1 entra\u00eeneur pour 4 patineurs) pour ce type de programme, il est impossible de d\u00e9dier un entra\u00eeneur \u00e0 un patineur en particulier pour toute la s\u00e9ance.<\/p><\/span><span><p>&nbsp;<\/p><\/span><span><p><strong>Pour la saison 2025-2026, nous offrirons un programme bas\u00e9 \u00e0 Moncton. Il se d\u00e9roulera les samedis de l&#039;hiver, de 9 h 15 \u00e0 10 h 15, au complexe Greenfoot Energy. Le co\u00fbt du programme est de $529 (TVH incluse) et comprendra 15 s\u00e9ances d&#039;entra\u00eenement d&#039;une heure r\u00e9parties sur l&#039;hiver. Pour toute question, n&#039;h\u00e9sitez pas \u00e0 nous contacter. <a href=\"mailto:info@atlantichockeygroup.com\">info@atlantichockeygroup.com<\/a><\/strong><\/p><\/span><span><p>&nbsp;<\/p><\/span><span><p>Dave Kennedy dirigera les s\u00e9ances de patinage magique avec les membres de l&#039;\u00e9quipe de hockey f\u00e9minin de l&#039;Universit\u00e9 de Moncton.<\/span><\/h4><\/div><div class=\"clear\"><\/div><\/div><\/div><\/div><\/div><\/div><\/div><script id=\"script-row-unique-3\" data-row=\"script-row-unique-3\" type=\"text\/javascript\" class=\"vc_controls\">UNCODE.initRow(document.getElementById(\"row-unique-3\"));<\/script><\/div><\/div><\/div><div data-parent=\"true\" class=\"vc_row row-container\" id=\"row-unique-4\"><div class=\"row single-top-padding double-bottom-padding single-h-padding limit-width row-parent\"><div class=\"wpb_row row-inner\"><div class=\"wpb_column pos-top pos-center align_left column_parent col-lg-12 double-internal-gutter\"><div class=\"uncol style-light\"  ><div class=\"uncoltable\"><div class=\"uncell no-block-padding\" ><div class=\"uncont\" ><div id=\"gallery-206123\" class=\"un-media-gallery isotope-system isotope-general-light grid-general-light\">\n\t\t\t\t\t\n\t\n\t<div class=\"isotope-wrapper grid-wrapper single-gutter\" >\n\t\t\t\t\t\t\t\t\t<div class=\"isotope-container isotope-layout style-masonry\" data-type=\"masonry\" data-layout=\"masonry\" data-lg=\"1000\" data-md=\"600\" data-sm=\"480\">\n<div class=\"tmb tmb-iso-w4 tmb-iso-h4 tmb-light tmb-overlay-text-anim tmb-overlay-anim tmb-overlay-middle tmb-overlay-text-left tmb-image-anim tmb-bordered tmb-id-99699  tmb-media-first tmb-media-last tmb-content-overlay tmb-no-bg tmb-lightbox\" ><div class=\"t-inside no-anim\" ><div class=\"t-entry-visual\"><div class=\"t-entry-visual-tc\"><div class=\"t-entry-visual-cont\"><div class=\"dummy\" style=\"padding-top: 133.3%;\"><\/div><a href=\"https:\/\/atlantichockeygroup.com\/wp-content\/uploads\/2025\/08\/476006282_1025426132730187_9041657834654801034_n.jpg\"  class=\"pushed\" data-active=\"1\" data-lbox=\"ilightbox_gallery-206123\" data-options=\"width:1080,height:1440,thumbnail: 'https:\/\/atlantichockeygroup.com\/wp-content\/uploads\/2025\/08\/476006282_1025426132730187_9041657834654801034_n-225x300.jpg'\" data-lb-index=\"0\"><div class=\"t-entry-visual-overlay\"><div class=\"t-entry-visual-overlay-in style-dark-bg\" style=\"opacity: 0.5;\"><\/div><\/div><img decoding=\"async\" class=\"wp-image-99699\" src=\"https:\/\/atlantichockeygroup.com\/wp-content\/uploads\/2025\/08\/476006282_1025426132730187_9041657834654801034_n.jpg\" width=\"1080\" height=\"1440\" alt=\"\" srcset=\"https:\/\/atlantichockeygroup.com\/wp-content\/uploads\/2025\/08\/476006282_1025426132730187_9041657834654801034_n.jpg 1080w, https:\/\/atlantichockeygroup.com\/wp-content\/uploads\/2025\/08\/476006282_1025426132730187_9041657834654801034_n-225x300.jpg 225w, https:\/\/atlantichockeygroup.com\/wp-content\/uploads\/2025\/08\/476006282_1025426132730187_9041657834654801034_n-768x1024.jpg 768w, https:\/\/atlantichockeygroup.com\/wp-content\/uploads\/2025\/08\/476006282_1025426132730187_9041657834654801034_n-9x12.jpg 9w, https:\/\/atlantichockeygroup.com\/wp-content\/uploads\/2025\/08\/476006282_1025426132730187_9041657834654801034_n-350x467.jpg 350w\" sizes=\"(max-width: 1080px) 100vw, 1080px\" \/><\/a><\/div>\n\t\t\t\t\t<\/div>\n\t\t\t\t<\/div><\/div><\/div><div class=\"tmb tmb-iso-w4 tmb-iso-h4 tmb-light tmb-overlay-text-anim tmb-overlay-anim tmb-overlay-middle tmb-overlay-text-left tmb-image-anim tmb-bordered tmb-id-99700  tmb-media-first tmb-media-last tmb-content-overlay tmb-no-bg tmb-lightbox\" ><div class=\"t-inside no-anim\" ><div class=\"t-entry-visual\"><div class=\"t-entry-visual-tc\"><div class=\"t-entry-visual-cont\"><div class=\"dummy\" style=\"padding-top: 133.3%;\"><\/div><a href=\"https:\/\/atlantichockeygroup.com\/wp-content\/uploads\/2025\/08\/475023437_1025426036063530_5455934824999954018_n.jpg\"  class=\"pushed\" data-active=\"1\" data-lbox=\"ilightbox_gallery-206123\" data-options=\"width:1080,height:1440,thumbnail: 'https:\/\/atlantichockeygroup.com\/wp-content\/uploads\/2025\/08\/475023437_1025426036063530_5455934824999954018_n-225x300.jpg'\" data-lb-index=\"1\"><div class=\"t-entry-visual-overlay\"><div class=\"t-entry-visual-overlay-in style-dark-bg\" style=\"opacity: 0.5;\"><\/div><\/div><img decoding=\"async\" class=\"wp-image-99700\" src=\"https:\/\/atlantichockeygroup.com\/wp-content\/uploads\/2025\/08\/475023437_1025426036063530_5455934824999954018_n.jpg\" width=\"1080\" height=\"1440\" alt=\"\" srcset=\"https:\/\/atlantichockeygroup.com\/wp-content\/uploads\/2025\/08\/475023437_1025426036063530_5455934824999954018_n.jpg 1080w, https:\/\/atlantichockeygroup.com\/wp-content\/uploads\/2025\/08\/475023437_1025426036063530_5455934824999954018_n-225x300.jpg 225w, https:\/\/atlantichockeygroup.com\/wp-content\/uploads\/2025\/08\/475023437_1025426036063530_5455934824999954018_n-768x1024.jpg 768w, https:\/\/atlantichockeygroup.com\/wp-content\/uploads\/2025\/08\/475023437_1025426036063530_5455934824999954018_n-9x12.jpg 9w, https:\/\/atlantichockeygroup.com\/wp-content\/uploads\/2025\/08\/475023437_1025426036063530_5455934824999954018_n-350x467.jpg 350w\" sizes=\"(max-width: 1080px) 100vw, 1080px\" \/><\/a><\/div>\n\t\t\t\t\t<\/div>\n\t\t\t\t<\/div><\/div><\/div><div class=\"tmb tmb-iso-w4 tmb-iso-h4 tmb-light tmb-overlay-text-anim tmb-overlay-anim tmb-overlay-middle tmb-overlay-text-left tmb-image-anim tmb-bordered tmb-id-99701  tmb-media-first tmb-media-last tmb-content-overlay tmb-no-bg tmb-lightbox\" ><div class=\"t-inside no-anim\" ><div class=\"t-entry-visual\"><div class=\"t-entry-visual-tc\"><div class=\"t-entry-visual-cont\"><div class=\"dummy\" style=\"padding-top: 133.3%;\"><\/div><a href=\"https:\/\/atlantichockeygroup.com\/wp-content\/uploads\/2025\/08\/475855769_1024815806124553_7517733861750479059_n.jpg\"  class=\"pushed\" data-active=\"1\" data-lbox=\"ilightbox_gallery-206123\" data-options=\"width:1080,height:1440,thumbnail: 'https:\/\/atlantichockeygroup.com\/wp-content\/uploads\/2025\/08\/475855769_1024815806124553_7517733861750479059_n-225x300.jpg'\" data-lb-index=\"2\"><div class=\"t-entry-visual-overlay\"><div class=\"t-entry-visual-overlay-in style-dark-bg\" style=\"opacity: 0.5;\"><\/div><\/div><img decoding=\"async\" class=\"wp-image-99701\" src=\"https:\/\/atlantichockeygroup.com\/wp-content\/uploads\/2025\/08\/475855769_1024815806124553_7517733861750479059_n.jpg\" width=\"1080\" height=\"1440\" alt=\"\" srcset=\"https:\/\/atlantichockeygroup.com\/wp-content\/uploads\/2025\/08\/475855769_1024815806124553_7517733861750479059_n.jpg 1080w, https:\/\/atlantichockeygroup.com\/wp-content\/uploads\/2025\/08\/475855769_1024815806124553_7517733861750479059_n-225x300.jpg 225w, https:\/\/atlantichockeygroup.com\/wp-content\/uploads\/2025\/08\/475855769_1024815806124553_7517733861750479059_n-768x1024.jpg 768w, https:\/\/atlantichockeygroup.com\/wp-content\/uploads\/2025\/08\/475855769_1024815806124553_7517733861750479059_n-9x12.jpg 9w, https:\/\/atlantichockeygroup.com\/wp-content\/uploads\/2025\/08\/475855769_1024815806124553_7517733861750479059_n-350x467.jpg 350w\" sizes=\"(max-width: 1080px) 100vw, 1080px\" \/><\/a><\/div>\n\t\t\t\t\t<\/div>\n\t\t\t\t<\/div><\/div><\/div><div class=\"tmb tmb-iso-w4 tmb-iso-h4 tmb-light tmb-overlay-text-anim tmb-overlay-anim tmb-overlay-middle tmb-overlay-text-left tmb-image-anim tmb-bordered tmb-id-99702  tmb-media-first tmb-media-last tmb-content-overlay tmb-no-bg tmb-lightbox\" ><div class=\"t-inside no-anim\" ><div class=\"t-entry-visual\"><div class=\"t-entry-visual-tc\"><div class=\"t-entry-visual-cont\"><div class=\"dummy\" style=\"padding-top: 133.3%;\"><\/div><a href=\"https:\/\/atlantichockeygroup.com\/wp-content\/uploads\/2025\/08\/475257232_1024812326124901_1650858309434917075_n.jpg\"  class=\"pushed\" data-active=\"1\" data-lbox=\"ilightbox_gallery-206123\" data-options=\"width:1080,height:1440,thumbnail: 'https:\/\/atlantichockeygroup.com\/wp-content\/uploads\/2025\/08\/475257232_1024812326124901_1650858309434917075_n-225x300.jpg'\" data-lb-index=\"3\"><div class=\"t-entry-visual-overlay\"><div class=\"t-entry-visual-overlay-in style-dark-bg\" style=\"opacity: 0.5;\"><\/div><\/div><img decoding=\"async\" class=\"wp-image-99702\" src=\"https:\/\/atlantichockeygroup.com\/wp-content\/uploads\/2025\/08\/475257232_1024812326124901_1650858309434917075_n.jpg\" width=\"1080\" height=\"1440\" alt=\"\" srcset=\"https:\/\/atlantichockeygroup.com\/wp-content\/uploads\/2025\/08\/475257232_1024812326124901_1650858309434917075_n.jpg 1080w, https:\/\/atlantichockeygroup.com\/wp-content\/uploads\/2025\/08\/475257232_1024812326124901_1650858309434917075_n-225x300.jpg 225w, https:\/\/atlantichockeygroup.com\/wp-content\/uploads\/2025\/08\/475257232_1024812326124901_1650858309434917075_n-768x1024.jpg 768w, https:\/\/atlantichockeygroup.com\/wp-content\/uploads\/2025\/08\/475257232_1024812326124901_1650858309434917075_n-9x12.jpg 9w, https:\/\/atlantichockeygroup.com\/wp-content\/uploads\/2025\/08\/475257232_1024812326124901_1650858309434917075_n-350x467.jpg 350w\" sizes=\"(max-width: 1080px) 100vw, 1080px\" \/><\/a><\/div>\n\t\t\t\t\t<\/div>\n\t\t\t\t<\/div><\/div><\/div><div class=\"tmb tmb-iso-w4 tmb-iso-h4 tmb-light tmb-overlay-text-anim tmb-overlay-anim tmb-overlay-middle tmb-overlay-text-left tmb-image-anim tmb-bordered tmb-id-99703  tmb-media-first tmb-media-last tmb-content-overlay tmb-no-bg tmb-lightbox\" ><div class=\"t-inside no-anim\" ><div class=\"t-entry-visual\"><div class=\"t-entry-visual-tc\"><div class=\"t-entry-visual-cont\"><div class=\"dummy\" style=\"padding-top: 133.3%;\"><\/div><a href=\"https:\/\/atlantichockeygroup.com\/wp-content\/uploads\/2025\/08\/475439461_1024812419458225_9210520741334011688_n.jpg\"  class=\"pushed\" data-active=\"1\" data-lbox=\"ilightbox_gallery-206123\" data-options=\"width:1080,height:1440,thumbnail: 'https:\/\/atlantichockeygroup.com\/wp-content\/uploads\/2025\/08\/475439461_1024812419458225_9210520741334011688_n-225x300.jpg'\" data-lb-index=\"4\"><div class=\"t-entry-visual-overlay\"><div class=\"t-entry-visual-overlay-in style-dark-bg\" style=\"opacity: 0.5;\"><\/div><\/div><img decoding=\"async\" class=\"wp-image-99703\" src=\"https:\/\/atlantichockeygroup.com\/wp-content\/uploads\/2025\/08\/475439461_1024812419458225_9210520741334011688_n.jpg\" width=\"1080\" height=\"1440\" alt=\"\" srcset=\"https:\/\/atlantichockeygroup.com\/wp-content\/uploads\/2025\/08\/475439461_1024812419458225_9210520741334011688_n.jpg 1080w, https:\/\/atlantichockeygroup.com\/wp-content\/uploads\/2025\/08\/475439461_1024812419458225_9210520741334011688_n-225x300.jpg 225w, https:\/\/atlantichockeygroup.com\/wp-content\/uploads\/2025\/08\/475439461_1024812419458225_9210520741334011688_n-768x1024.jpg 768w, https:\/\/atlantichockeygroup.com\/wp-content\/uploads\/2025\/08\/475439461_1024812419458225_9210520741334011688_n-9x12.jpg 9w, https:\/\/atlantichockeygroup.com\/wp-content\/uploads\/2025\/08\/475439461_1024812419458225_9210520741334011688_n-350x467.jpg 350w\" sizes=\"(max-width: 1080px) 100vw, 1080px\" \/><\/a><\/div>\n\t\t\t\t\t<\/div>\n\t\t\t\t<\/div><\/div><\/div>\t\t\t<\/div>\n\t\t\t\t\t<\/div>\n\n\t\n\t\n\t\n<\/div>\n\n<\/div><\/div><\/div><\/div><\/div><script id=\"script-row-unique-4\" data-row=\"script-row-unique-4\" type=\"text\/javascript\" class=\"vc_controls\">UNCODE.initRow(document.getElementById(\"row-unique-4\"));<\/script><\/div><\/div><\/div><div data-parent=\"true\" class=\"vc_row row-container onepage-section\" data-label=\"Events\" data-name=\"events\" id=\"row-unique-5\"><div class=\"row double-top-padding double-bottom-padding double-h-padding limit-width row-parent\"><div class=\"wpb_row row-inner\"><div class=\"wpb_column pos-middle pos-center align_center column_parent col-lg-12 half-internal-gutter\"><div class=\"uncol style-dark\"  ><div class=\"uncoltable\"><div class=\"uncell no-block-padding\" ><div class=\"uncont\" ><div class=\"vc_row row-internal row-container\"><div class=\"row row-child\"><div class=\"wpb_row row-inner\"><div class=\"wpb_column pos-top pos-center align_center column_child col-lg-12 single-internal-gutter\"><div class=\"uncol style-dark\" ><div class=\"uncoltable\"><div class=\"uncell no-block-padding\" ><div class=\"uncont\" style=\" max-width:696px;\" ><div class=\"vc_custom_heading_wrap\"><div class=\"heading-text el-text bottom-t-top animate_when_almost_visible\" data-delay=\"200\"><h2 class=\"font-850707 fontsize-155944 font-weight-400 text-color-jevc-color text-uppercase\" ><span>Inscription<\/span><\/h2><\/div><div class=\"clear\"><\/div><\/div><\/div><\/div><\/div><\/div><\/div><\/div><\/div><\/div><div class=\"empty-space empty-single\" ><span class=\"empty-space-inner\"><\/span><\/div>\n<div class=\"divider-wrapper  bottom-t-top animate_when_almost_visible\" data-delay=\"200\" >\n    <hr class=\"border-color-jevc-color separator-no-padding\"  \/>\n<\/div>\n<div class=\"vc_row row-internal row-container\"><div class=\"row unequal row-child\"><div class=\"wpb_row row-inner\"><div class=\"wpb_column pos-middle pos-center align_left align_center_mobile column_child col-lg-3 col-md-25 col-sm-33 half-internal-gutter\"><div class=\"uncol style-dark\" ><div class=\"uncoltable\"><div class=\"uncell no-block-padding\" ><div class=\"uncont\" ><div class=\"vc_custom_heading_wrap\"><div class=\"heading-text el-text bottom-t-top animate_when_almost_visible\" data-delay=\"200\"><h3 class=\"h3 text-color-jevc-color\" ><span>Patinage magique 2025-2026<\/span><\/h3><\/div><div class=\"clear\"><\/div><\/div><\/div><\/div><\/div><\/div><\/div><div class=\"wpb_column pos-middle pos-center align_left align_center_mobile column_child col-lg-3 col-md-25 col-sm-33 single-internal-gutter\"><div class=\"uncol style-dark\" ><div class=\"uncoltable\"><div class=\"uncell no-block-padding\" ><div class=\"uncont\" ><div class=\"vc_custom_heading_wrap\"><div class=\"heading-text el-text bottom-t-top animate_when_almost_visible\" data-delay=\"200\"><h3 class=\"h3 text-color-jevc-color\" ><span>Moncton<\/span><\/h3><\/div><div class=\"clear\"><\/div><\/div><\/div><\/div><\/div><\/div><\/div><div class=\"wpb_column pos-middle pos-center align_left align_center_mobile column_child col-lg-3 col-md-25 col-sm-33 single-internal-gutter\"><div class=\"uncol style-dark\" ><div class=\"uncoltable\"><div class=\"uncell no-block-padding\" ><div class=\"uncont\" ><div class=\"vc_custom_heading_wrap\"><div class=\"heading-text el-text bottom-t-top animate_when_almost_visible\" data-delay=\"200\"><h3 class=\"h3 text-color-jevc-color\" ><span>Octobre 2025<\/span><\/h3><\/div><div class=\"clear\"><\/div><\/div><\/div><\/div><\/div><\/div><\/div><div class=\"wpb_column pos-middle pos-center align_right align_center_mobile column_child col-lg-3 col-md-25 col-sm-clear single-internal-gutter\"><div class=\"uncol style-dark\" ><div class=\"uncoltable\"><div class=\"uncell no-block-padding\" ><div class=\"uncont\" ><span class=\"btn-container animate_when_almost_visible bottom-t-top\" data-delay=\"200\"><a role=\"button\"  href=\"https:\/\/ahgcentral.sportngin.com\/register\/form\/921158125\" class=\"custom-link btn btn-xl border-width-0 btn-color-742106 btn-icon-left\">\u00c9PUIS\u00c9<\/a><\/span><\/div><\/div><\/div><\/div><\/div><\/div><\/div><\/div><div class=\"divider-wrapper  bottom-t-top animate_when_almost_visible\" data-delay=\"200\" >\n    <hr class=\"border-color-jevc-color separator-no-padding\"  \/>\n<\/div>\n<\/div><\/div><\/div><\/div><\/div><script id=\"script-row-unique-5\" data-row=\"script-row-unique-5\" type=\"text\/javascript\" class=\"vc_controls\">UNCODE.initRow(document.getElementById(\"row-unique-5\"));<\/script><\/div><\/div><\/div><div data-parent=\"true\" class=\"vc_row row-container onepage-section\" data-label=\"Design &amp; Quality\" data-name=\"design-quality\" id=\"row-unique-6\"><div class=\"row single-top-padding single-bottom-padding single-h-padding limit-width row-parent\"><div class=\"wpb_row row-inner\"><div class=\"wpb_column pos-top pos-center align_center column_parent col-lg-12 single-internal-gutter\"><div class=\"uncol style-light\"  ><div class=\"uncoltable\"><div class=\"uncell\" ><div class=\"uncont no-block-padding col-custom-width\" style=\" max-width:804px;\" ><div class=\"uncode-wrapper uncode-share  has-title\" ><h6>Partager<\/h6><hr class=\"separator-break separator-accent\" \/><div class=\"share-button share-buttons share-inline share-bigger\" data-url=\"\"><\/div><\/div><\/div><\/div><\/div><\/div><\/div><script id=\"script-row-unique-6\" data-row=\"script-row-unique-6\" type=\"text\/javascript\" class=\"vc_controls\">UNCODE.initRow(document.getElementById(\"row-unique-6\"));<\/script><\/div><\/div><\/div>\n<\/div>","protected":false},"excerpt":{"rendered":"MAGIC&nbsp;SKATE&nbsp;PROGRAMImprove&nbsp;your&nbsp;child's&nbsp;skating!Program&nbsp;Details&nbsp;&amp;&nbsp;ObjectiveMagic Skate's objective is to improve your kid's skating abilities while having fun. Even though it's not a hockey or [...]","protected":false},"author":3,"featured_media":99687,"parent":79786,"menu_order":0,"comment_status":"open","ping_status":"closed","template":"","meta":{"_monsterinsights_skip_tracking":false,"_monsterinsights_sitenote_active":false,"_monsterinsights_sitenote_note":"","_monsterinsights_sitenote_category":0,"footnotes":""},"class_list":["post-91967","page","type-page","status-publish","has-post-thumbnail","hentry"],"_links":{"self":[{"href":"https:\/\/atlantichockeygroup.com\/fr\/wp-json\/wp\/v2\/pages\/91967","targetHints":{"allow":["GET"]}}],"collection":[{"href":"https:\/\/atlantichockeygroup.com\/fr\/wp-json\/wp\/v2\/pages"}],"about":[{"href":"https:\/\/atlantichockeygroup.com\/fr\/wp-json\/wp\/v2\/types\/page"}],"author":[{"embeddable":true,"href":"https:\/\/atlantichockeygroup.com\/fr\/wp-json\/wp\/v2\/users\/3"}],"replies":[{"embeddable":true,"href":"https:\/\/atlantichockeygroup.com\/fr\/wp-json\/wp\/v2\/comments?post=91967"}],"version-history":[{"count":0,"href":"https:\/\/atlantichockeygroup.com\/fr\/wp-json\/wp\/v2\/pages\/91967\/revisions"}],"up":[{"embeddable":true,"href":"https:\/\/atlantichockeygroup.com\/fr\/wp-json\/wp\/v2\/pages\/79786"}],"wp:featuredmedia":[{"embeddable":true,"href":"https:\/\/atlantichockeygroup.com\/fr\/wp-json\/wp\/v2\/media\/99687"}],"wp:attachment":[{"href":"https:\/\/atlantichockeygroup.com\/fr\/wp-json\/wp\/v2\/media?parent=91967"}],"curies":[{"name":"wp","href":"https:\/\/api.w.org\/{rel}","templated":true}]}}