{"id":95026,"date":"2021-11-26T12:07:33","date_gmt":"2021-11-26T12:07:33","guid":{"rendered":"https:\/\/atlantichockeygroup.com\/?page_id=95026"},"modified":"2022-12-05T15:10:59","modified_gmt":"2022-12-05T15:10:59","slug":"spring-officiating","status":"publish","type":"page","link":"https:\/\/atlantichockeygroup.com\/fr\/spring-hockey\/spring-officiating\/","title":{"rendered":"C\u00e9l\u00e9bration printani\u00e8re"},"content":{"rendered":"<div class=\"wpb-content-wrapper\"><div data-parent=\"true\" class=\"vc_row style-accent-bg row-container\" id=\"row-unique-0\"><div class=\"row-background background-element\">\n\t\t\t\t\t\t\t\t\t\t\t<div class=\"background-wrapper\">\n\t\t\t\t\t\t\t\t\t\t\t\t<div class=\"background-inner\" style=\"background-image: url(https:\/\/atlantichockeygroup.com\/wp-content\/uploads\/2022\/12\/279977814_5081564881928390_8270564246528437696_n.jpg);background-repeat: no-repeat;background-position: center center;background-attachment: scroll;background-size: cover;\"><\/div>\n\t\t\t\t\t\t\t\t\t\t\t\t<div class=\"block-bg-overlay style-color-jevc-bg\" style=\"opacity: 0.72;\"><\/div>\n\t\t\t\t\t\t\t\t\t\t\t<\/div>\n\t\t\t\t\t\t\t\t\t\t<\/div><div class=\"row single-top-padding single-bottom-padding single-h-padding full-width row-parent\" data-height-ratio=\"50\"><div class=\"wpb_row row-inner\"><div class=\"wpb_column pos-middle pos-center align_center column_parent col-lg-12 double-internal-gutter\"><div class=\"uncol style-light\"  ><div class=\"uncoltable\"><div class=\"uncell no-block-padding\" ><div class=\"uncont\" ><div class=\"vc_custom_heading_wrap \"><div class=\"heading-text el-text curtain animate_inner_when_almost_visible el-text-split\" data-interval=\"200\"><h2 class=\"fontsize-445851 fontspace-781688 font-weight-500 text-color-xsdn-color font-obs\" data-style=\"normal\" data-weight=\"500\" data-font=\"Roboto\"><span class=\"heading-text-inner\"><span class=\"split-word word1\"><span class=\"split-word-flow\"><span class=\"split-word-inner\">Spring<\/span><\/span><\/span><span class=\"split-word word2\"><span class=\"split-word-flow\"><span class=\"split-word-inner split-empty-inner\"><span class=\"split-word-empty\">&nbsp;<\/span>Officiating<\/span><\/span><\/span><\/span><\/h2><\/div><div class=\"clear\"><\/div><\/div><\/div><\/div><\/div><\/div><\/div><script id=\"script-row-unique-0\" data-row=\"script-row-unique-0\" type=\"text\/javascript\" class=\"vc_controls\">UNCODE.initRow(document.getElementById(\"row-unique-0\"));<\/script><\/div><\/div><\/div><div data-parent=\"true\" class=\"vc_row style-color-xsdn-bg row-container\" id=\"row-unique-1\"><div class=\"row unequal single-top-padding one-bottom-padding no-h-padding full-width row-parent\"><div class=\"wpb_row row-inner\"><div class=\"wpb_column pos-middle pos-center align_center align_center_mobile column_parent col-lg-8 col-md-50 single-internal-gutter\"><div class=\"uncol style-light animate_when_almost_visible right-t-left\"  data-delay=\"200\"><div class=\"uncoltable\"><div class=\"uncell single-block-padding\" ><div class=\"uncont\" style=\" max-width:80%;\" ><div class=\"vc_custom_heading_wrap \"><div class=\"heading-text el-text\" ><h2 class=\"font-377884 fontsize-155944 fontspace-781688 font-weight-500 text-color-jevc-color\" ><span>About Spring Officiating<\/span><\/h2><hr class=\"separator-break\" \/><\/div><div class=\"clear\"><\/div><\/div><div class=\"vc_custom_heading_wrap \"><div class=\"heading-text el-text\" ><h4 class=\"font-377884 h3 fontspace-781688 font-weight-300 text-color-jevc-color\" ><span>Looking for an opportunity to continue your officiating skills over the spring season? Become a member of our officiating staff along with other officials from across Atlantic Canada. As one of our spring officials you will be supported by our very own Team Stripes program and get access to <strong>online training tools<\/strong> as well as your own <strong>custom uniform<\/strong>. As a member of our officiating staff you will also have the ability to travel to year-end tournaments to work games.<\/span><\/h4><\/div><div class=\"clear\"><\/div><\/div><\/div><\/div><\/div><\/div><\/div><div class=\"wpb_column pos-middle pos-left align_center column_parent col-lg-4 single-internal-gutter\"><div class=\"uncol style-light\"  ><div class=\"uncoltable\"><div class=\"uncell no-block-padding\" ><div class=\"uncont\" ><div class=\"uncode-single-media  text-left animate_when_almost_visible alpha-anim\"><div class=\"single-wrapper\" style=\"max-width: 67%;\"><div class=\"tmb tmb-light  tmb-media-first tmb-media-last tmb-content-overlay tmb-no-bg\"><div class=\"t-inside\"><div class=\"t-entry-visual\"><div class=\"t-entry-visual-tc\"><div class=\"uncode-single-media-wrapper\"><img decoding=\"async\" class=\"wp-image-93379\" src=\"https:\/\/atlantichockeygroup.com\/wp-content\/uploads\/2021\/07\/Team_StripesApparel_1080x.png\" width=\"1080\" height=\"1080\" alt=\"\" srcset=\"https:\/\/atlantichockeygroup.com\/wp-content\/uploads\/2021\/07\/Team_StripesApparel_1080x.png 1080w, https:\/\/atlantichockeygroup.com\/wp-content\/uploads\/2021\/07\/Team_StripesApparel_1080x-300x300.png 300w, https:\/\/atlantichockeygroup.com\/wp-content\/uploads\/2021\/07\/Team_StripesApparel_1080x-1024x1024.png 1024w, https:\/\/atlantichockeygroup.com\/wp-content\/uploads\/2021\/07\/Team_StripesApparel_1080x-150x150.png 150w, https:\/\/atlantichockeygroup.com\/wp-content\/uploads\/2021\/07\/Team_StripesApparel_1080x-768x768.png 768w, https:\/\/atlantichockeygroup.com\/wp-content\/uploads\/2021\/07\/Team_StripesApparel_1080x-24x24.png 24w, https:\/\/atlantichockeygroup.com\/wp-content\/uploads\/2021\/07\/Team_StripesApparel_1080x-48x48.png 48w, https:\/\/atlantichockeygroup.com\/wp-content\/uploads\/2021\/07\/Team_StripesApparel_1080x-96x96.png 96w\" sizes=\"(max-width: 1080px) 100vw, 1080px\" \/><\/div>\n\t\t\t\t\t<\/div>\n\t\t\t\t<\/div><\/div><\/div><\/div><\/div><\/div><\/div><\/div><\/div><\/div><script id=\"script-row-unique-1\" data-row=\"script-row-unique-1\" type=\"text\/javascript\" class=\"vc_controls\">UNCODE.initRow(document.getElementById(\"row-unique-1\"));<\/script><\/div><\/div><\/div><div data-parent=\"true\" class=\"vc_row row-container onepage-section\" data-label=\"Design &amp; Quality\" data-name=\"design-quality\" id=\"row-unique-2\"><div class=\"row single-top-padding single-bottom-padding double-h-padding limit-width row-parent\"><div class=\"wpb_row row-inner\"><div class=\"wpb_column pos-top pos-center align_center column_parent col-lg-12 single-internal-gutter\"><div class=\"uncol style-light\"  ><div class=\"uncoltable\"><div class=\"uncell\" ><div class=\"uncont no-block-padding col-custom-width\" style=\" max-width:1296px;\" ><div class=\"vc_custom_heading_wrap \"><div class=\"heading-text el-text\" ><h2 class=\"font-156269 fontsize-155944 font-weight-700 text-color-jevc-color text-uppercase\" ><span>Officials Photos<\/span><\/h2><hr class=\"separator-break\" \/><\/div><div class=\"clear\"><\/div><\/div><div id=\"gallery-983862\" class=\"un-media-gallery isotope-system isotope-general-light grid-general-light\">\n\t\t\t\t\t\n\t\n\t<div class=\"isotope-wrapper grid-wrapper single-gutter\" >\n\t\t\t\t\t\t\t\t\t<div class=\"isotope-container isotope-layout style-masonry\" data-type=\"masonry\" data-layout=\"masonry\" data-lg=\"1000\" data-md=\"600\" data-sm=\"480\">\n<div class=\"tmb tmb-iso-w4 tmb-iso-h4 tmb-light tmb-overlay-text-anim tmb-overlay-anim tmb-overlay-middle tmb-overlay-text-left tmb-image-anim tmb-bordered tmb-id-96093  tmb-media-first tmb-media-last tmb-content-overlay tmb-no-bg tmb-lightbox\" ><div class=\"t-inside no-anim\" ><div class=\"t-entry-visual\"><div class=\"t-entry-visual-tc\"><div class=\"t-entry-visual-cont\"><div class=\"dummy\" style=\"padding-top: 100%;\"><\/div><a href=\"https:\/\/atlantichockeygroup.com\/wp-content\/uploads\/2022\/04\/Untitled-design-2022-04-18T165918.704.png\"  class=\"pushed\" data-active=\"1\" data-lbox=\"ilightbox_gallery-983862\" data-options=\"width:1080,height:1080,thumbnail: 'https:\/\/atlantichockeygroup.com\/wp-content\/uploads\/2022\/04\/Untitled-design-2022-04-18T165918.704-300x300.png'\" data-lb-index=\"0\"><div class=\"t-entry-visual-overlay\"><div class=\"t-entry-visual-overlay-in style-dark-bg\" style=\"opacity: 0.5;\"><\/div><\/div><img decoding=\"async\" class=\"wp-image-96093\" src=\"https:\/\/atlantichockeygroup.com\/wp-content\/uploads\/2022\/04\/Untitled-design-2022-04-18T165918.704.png\" width=\"1080\" height=\"1080\" alt=\"\" srcset=\"https:\/\/atlantichockeygroup.com\/wp-content\/uploads\/2022\/04\/Untitled-design-2022-04-18T165918.704.png 1080w, https:\/\/atlantichockeygroup.com\/wp-content\/uploads\/2022\/04\/Untitled-design-2022-04-18T165918.704-300x300.png 300w, https:\/\/atlantichockeygroup.com\/wp-content\/uploads\/2022\/04\/Untitled-design-2022-04-18T165918.704-1024x1024.png 1024w, https:\/\/atlantichockeygroup.com\/wp-content\/uploads\/2022\/04\/Untitled-design-2022-04-18T165918.704-150x150.png 150w, https:\/\/atlantichockeygroup.com\/wp-content\/uploads\/2022\/04\/Untitled-design-2022-04-18T165918.704-768x768.png 768w, https:\/\/atlantichockeygroup.com\/wp-content\/uploads\/2022\/04\/Untitled-design-2022-04-18T165918.704-24x24.png 24w, https:\/\/atlantichockeygroup.com\/wp-content\/uploads\/2022\/04\/Untitled-design-2022-04-18T165918.704-48x48.png 48w, https:\/\/atlantichockeygroup.com\/wp-content\/uploads\/2022\/04\/Untitled-design-2022-04-18T165918.704-96x96.png 96w\" sizes=\"(max-width: 1080px) 100vw, 1080px\" \/><\/a><\/div>\n\t\t\t\t\t<\/div>\n\t\t\t\t<\/div><\/div><\/div><div class=\"tmb tmb-iso-w4 tmb-iso-h4 tmb-light tmb-overlay-text-anim tmb-overlay-anim tmb-overlay-middle tmb-overlay-text-left tmb-image-anim tmb-bordered tmb-id-96095  tmb-media-first tmb-media-last tmb-content-overlay tmb-no-bg tmb-lightbox\" ><div class=\"t-inside no-anim\" ><div class=\"t-entry-visual\"><div class=\"t-entry-visual-tc\"><div class=\"t-entry-visual-cont\"><div class=\"dummy\" style=\"padding-top: 100%;\"><\/div><a href=\"https:\/\/atlantichockeygroup.com\/wp-content\/uploads\/2022\/04\/Untitled-design-2022-04-18T165910.215.png\"  class=\"pushed\" data-active=\"1\" data-lbox=\"ilightbox_gallery-983862\" data-options=\"width:1080,height:1080,thumbnail: 'https:\/\/atlantichockeygroup.com\/wp-content\/uploads\/2022\/04\/Untitled-design-2022-04-18T165910.215-300x300.png'\" data-lb-index=\"1\"><div class=\"t-entry-visual-overlay\"><div class=\"t-entry-visual-overlay-in style-dark-bg\" style=\"opacity: 0.5;\"><\/div><\/div><img decoding=\"async\" class=\"wp-image-96095\" src=\"https:\/\/atlantichockeygroup.com\/wp-content\/uploads\/2022\/04\/Untitled-design-2022-04-18T165910.215.png\" width=\"1080\" height=\"1080\" alt=\"\" srcset=\"https:\/\/atlantichockeygroup.com\/wp-content\/uploads\/2022\/04\/Untitled-design-2022-04-18T165910.215.png 1080w, https:\/\/atlantichockeygroup.com\/wp-content\/uploads\/2022\/04\/Untitled-design-2022-04-18T165910.215-300x300.png 300w, https:\/\/atlantichockeygroup.com\/wp-content\/uploads\/2022\/04\/Untitled-design-2022-04-18T165910.215-1024x1024.png 1024w, https:\/\/atlantichockeygroup.com\/wp-content\/uploads\/2022\/04\/Untitled-design-2022-04-18T165910.215-150x150.png 150w, https:\/\/atlantichockeygroup.com\/wp-content\/uploads\/2022\/04\/Untitled-design-2022-04-18T165910.215-768x768.png 768w, https:\/\/atlantichockeygroup.com\/wp-content\/uploads\/2022\/04\/Untitled-design-2022-04-18T165910.215-24x24.png 24w, https:\/\/atlantichockeygroup.com\/wp-content\/uploads\/2022\/04\/Untitled-design-2022-04-18T165910.215-48x48.png 48w, https:\/\/atlantichockeygroup.com\/wp-content\/uploads\/2022\/04\/Untitled-design-2022-04-18T165910.215-96x96.png 96w\" sizes=\"(max-width: 1080px) 100vw, 1080px\" \/><\/a><\/div>\n\t\t\t\t\t<\/div>\n\t\t\t\t<\/div><\/div><\/div><div class=\"tmb tmb-iso-w4 tmb-iso-h4 tmb-light tmb-overlay-text-anim tmb-overlay-anim tmb-overlay-middle tmb-overlay-text-left tmb-image-anim tmb-bordered tmb-id-96097  tmb-media-first tmb-media-last tmb-content-overlay tmb-no-bg tmb-lightbox\" ><div class=\"t-inside no-anim\" ><div class=\"t-entry-visual\"><div class=\"t-entry-visual-tc\"><div class=\"t-entry-visual-cont\"><div class=\"dummy\" style=\"padding-top: 100%;\"><\/div><a href=\"https:\/\/atlantichockeygroup.com\/wp-content\/uploads\/2022\/04\/Untitled-design-2022-04-18T165900.941.png\"  class=\"pushed\" data-active=\"1\" data-lbox=\"ilightbox_gallery-983862\" data-options=\"width:1080,height:1080,thumbnail: 'https:\/\/atlantichockeygroup.com\/wp-content\/uploads\/2022\/04\/Untitled-design-2022-04-18T165900.941-300x300.png'\" data-lb-index=\"2\"><div class=\"t-entry-visual-overlay\"><div class=\"t-entry-visual-overlay-in style-dark-bg\" style=\"opacity: 0.5;\"><\/div><\/div><img decoding=\"async\" class=\"wp-image-96097\" src=\"https:\/\/atlantichockeygroup.com\/wp-content\/uploads\/2022\/04\/Untitled-design-2022-04-18T165900.941.png\" width=\"1080\" height=\"1080\" alt=\"\" srcset=\"https:\/\/atlantichockeygroup.com\/wp-content\/uploads\/2022\/04\/Untitled-design-2022-04-18T165900.941.png 1080w, https:\/\/atlantichockeygroup.com\/wp-content\/uploads\/2022\/04\/Untitled-design-2022-04-18T165900.941-300x300.png 300w, https:\/\/atlantichockeygroup.com\/wp-content\/uploads\/2022\/04\/Untitled-design-2022-04-18T165900.941-1024x1024.png 1024w, https:\/\/atlantichockeygroup.com\/wp-content\/uploads\/2022\/04\/Untitled-design-2022-04-18T165900.941-150x150.png 150w, https:\/\/atlantichockeygroup.com\/wp-content\/uploads\/2022\/04\/Untitled-design-2022-04-18T165900.941-768x768.png 768w, https:\/\/atlantichockeygroup.com\/wp-content\/uploads\/2022\/04\/Untitled-design-2022-04-18T165900.941-24x24.png 24w, https:\/\/atlantichockeygroup.com\/wp-content\/uploads\/2022\/04\/Untitled-design-2022-04-18T165900.941-48x48.png 48w, https:\/\/atlantichockeygroup.com\/wp-content\/uploads\/2022\/04\/Untitled-design-2022-04-18T165900.941-96x96.png 96w\" sizes=\"(max-width: 1080px) 100vw, 1080px\" \/><\/a><\/div>\n\t\t\t\t\t<\/div>\n\t\t\t\t<\/div><\/div><\/div>\t\t\t<\/div>\n\t\t\t\t\t<\/div>\n\n\t\n\t\n\t\n<\/div>\n\n<\/div><\/div><\/div><\/div><\/div><script id=\"script-row-unique-2\" data-row=\"script-row-unique-2\" type=\"text\/javascript\" class=\"vc_controls\">UNCODE.initRow(document.getElementById(\"row-unique-2\"));<\/script><\/div><\/div><\/div><div data-parent=\"true\" class=\"vc_row style-color-xsdn-bg row-container\" id=\"row-unique-3\"><div class=\"row unequal double-top-padding double-bottom-padding no-h-padding full-width row-parent\"><div class=\"wpb_row row-inner\"><div class=\"wpb_column pos-middle pos-center align_center align_center_mobile column_parent col-lg-12 col-md-50 single-internal-gutter\"><div class=\"uncol style-light animate_when_almost_visible right-t-left\"  data-delay=\"200\"><div class=\"uncoltable\"><div class=\"uncell\" ><div class=\"uncont single-block-padding col-custom-width\" style=\" max-width:70%;\" ><div class=\"vc_custom_heading_wrap \"><div class=\"heading-text el-text\" ><h2 class=\"font-156269 fontsize-155944 font-weight-700 text-color-jevc-color text-uppercase\" ><span>Looking to contact your local spring RIC?<\/span><\/h2><hr class=\"separator-break\" \/><\/div><div class=\"clear\"><\/div><\/div><span class=\"btn-container\" ><a role=\"button\"  href=\"mailto: brandon@atlantichockeygroup.com\" class=\"custom-link btn btn-lg border-width-0 btn-accent btn-icon-left\">Email Us<\/a><\/span><\/div><\/div><\/div><\/div><\/div><script id=\"script-row-unique-3\" data-row=\"script-row-unique-3\" type=\"text\/javascript\" class=\"vc_controls\">UNCODE.initRow(document.getElementById(\"row-unique-3\"));<\/script><\/div><\/div><\/div><div data-parent=\"true\" class=\"vc_row style-color-wayh-bg row-container\" id=\"row-unique-4\"><div class=\"row-background background-element\">\n\t\t\t\t\t\t\t\t\t\t\t<div class=\"background-wrapper\">\n\t\t\t\t\t\t\t\t\t\t\t\t<div class=\"background-inner self-video uncode-video-container\" style=\"background-repeat: no-repeat;background-position: center center;background-attachment: scroll;background-size: cover;\"><div style=\"width: 640px;\" class=\"wp-video\"><!--[if lt IE 9]><script>document.createElement('video');<\/script><![endif]-->\n<video onloadeddata=\"this.play();\" loop playsinline muted aria-hidden=\"true\" role=\"presentation\" playsinline data-keepplaying class=\"background-video-shortcode\" data-ratio=\"1.775\" id=\"video-95026-1\" width=\"640\" height=\"360\" preload=\"metadata\" ><source type=\"video\/mp4\" src=\"https:\/\/atlantichockeygroup.com\/wp-content\/uploads\/2021\/07\/Quispamsis-Officiating-Clinic-\u2011-Made-with-FlexClip_Trim-edited.mp4?_=1\" \/><\/video><\/div><\/div>\n\t\t\t\t\t\t\t\t\t\t\t\t<div class=\"block-bg-overlay block-bg-blend-mode for-ie style-accent-bg\" style=\"opacity: 0.87;\"><\/div><div class=\"block-bg-overlay block-bg-blend-mode not-ie style-accent-bg\" style=\"mix-blend-mode:multiply;\"><\/div>\n\t\t\t\t\t\t\t\t\t\t\t<\/div>\n\t\t\t\t\t\t\t\t\t\t<\/div><div class=\"row exa-top-padding exa-bottom-padding single-h-padding limit-width row-parent\" data-height-ratio=\"65\"><div class=\"wpb_row row-inner\"><div class=\"wpb_column pos-middle pos-center align_center column_parent col-lg-12 single-internal-gutter\"><div class=\"uncol style-dark\"  ><div class=\"uncoltable\"><div class=\"uncell no-block-padding\" ><div class=\"uncont\" ><div class=\"vc_custom_heading_wrap \"><div class=\"heading-text el-text curtain animate_inner_when_almost_visible el-text-split heading-lines\" data-interval=\"200\"><h2 class=\"fontsize-155944 fontspace-781688 font-weight-600 font-obs\" data-style=\"normal\" data-weight=\"600\" data-font=\"Roboto\"><span class=\"heading-text-inner\"><span class=\"heading-text-highlight \" data-atts='{\"bg\":\"style-color-xsdn-bg\",\"height\":\"15%\",\"offset\":\"0.15em\",\"opacity\":\"0.25\",\"animated\":\"yes\"}'><span class=\"split-word word1\"><span class=\"split-word-flow\"><span class=\"split-word-inner\">As<\/span><\/span><\/span><span class=\"split-word word2\"><span class=\"split-word-flow\"><span class=\"split-word-inner split-empty-inner\"><span class=\"split-word-empty\">&nbsp;<\/span>a<\/span><\/span><\/span><span class=\"split-word word3\"><span class=\"split-word-flow\"><span class=\"split-word-inner split-empty-inner\"><span class=\"split-word-empty\">&nbsp;<\/span>member<\/span><\/span><\/span><span class=\"split-word word4\"><span class=\"split-word-flow\"><span class=\"split-word-inner split-empty-inner\"><span class=\"split-word-empty\">&nbsp;<\/span>of<\/span><\/span><\/span><span class=\"split-word word5\"><span class=\"split-word-flow\"><span class=\"split-word-inner split-empty-inner\"><span class=\"split-word-empty\">&nbsp;<\/span>our<\/span><\/span><\/span><span class=\"split-word word6\"><span class=\"split-word-flow\"><span class=\"split-word-inner split-empty-inner\"><span class=\"split-word-empty\">&nbsp;<\/span>officiating<\/span><\/span><\/span><span class=\"split-word word7\"><span class=\"split-word-flow\"><span class=\"split-word-inner split-empty-inner\"><span class=\"split-word-empty\">&nbsp;<\/span>program<\/span><\/span><\/span><span class=\"split-word word8\"><span class=\"split-word-flow\"><span class=\"split-word-inner split-empty-inner\"><span class=\"split-word-empty\">&nbsp;<\/span>you<\/span><\/span><\/span><span class=\"split-word word9\"><span class=\"split-word-flow\"><span class=\"split-word-inner split-empty-inner\"><span class=\"split-word-empty\">&nbsp;<\/span>also<\/span><\/span><\/span><span class=\"split-word word10\"><span class=\"split-word-flow\"><span class=\"split-word-inner split-empty-inner\"><span class=\"split-word-empty\">&nbsp;<\/span>have<\/span><\/span><\/span><span class=\"split-word word11\"><span class=\"split-word-flow\"><span class=\"split-word-inner split-empty-inner\"><span class=\"split-word-empty\">&nbsp;<\/span>the<\/span><\/span><\/span><span class=\"split-word word12\"><span class=\"split-word-flow\"><span class=\"split-word-inner split-empty-inner\"><span class=\"split-word-empty\">&nbsp;<\/span>opportunity<\/span><\/span><\/span><span class=\"split-word word13\"><span class=\"split-word-flow\"><span class=\"split-word-inner split-empty-inner\"><span class=\"split-word-empty\">&nbsp;<\/span>to<\/span><\/span><\/span><span class=\"split-word word14\"><span class=\"split-word-flow\"><span class=\"split-word-inner split-empty-inner\"><span class=\"split-word-empty\">&nbsp;<\/span>attend<\/span><\/span><\/span><span class=\"split-word word15\"><span class=\"split-word-flow\"><span class=\"split-word-inner split-empty-inner\"><span class=\"split-word-empty\">&nbsp;<\/span>Team<\/span><\/span><\/span><span class=\"split-word word16\"><span class=\"split-word-flow\"><span class=\"split-word-inner split-empty-inner\"><span class=\"split-word-empty\">&nbsp;<\/span>Stripes<\/span><\/span><\/span><span class=\"split-word word17\"><span class=\"split-word-flow\"><span class=\"split-word-inner split-empty-inner\"><span class=\"split-word-empty\">&nbsp;<\/span>clinics<\/span><\/span><\/span><span class=\"split-word word18\"><span class=\"split-word-flow\"><span class=\"split-word-inner split-empty-inner\"><span class=\"split-word-empty\">&nbsp;<\/span>across<\/span><\/span><\/span><span class=\"split-word word19\"><span class=\"split-word-flow\"><span class=\"split-word-inner split-empty-inner\"><span class=\"split-word-empty\">&nbsp;<\/span>Atlantic<\/span><\/span><\/span><span class=\"split-word word20\"><span class=\"split-word-flow\"><span class=\"split-word-inner split-empty-inner\"><span class=\"split-word-empty\">&nbsp;<\/span>Canada.<\/span><\/span><\/span><\/span><\/span><\/h2><\/div><div class=\"clear\"><\/div><\/div><span class=\"btn-container\" ><a role=\"button\"  href=\"https:\/\/atlantichockeygroup.com\/on-ice-training\/team-stripes-officiating\/\" class=\"custom-link btn btn-lg border-width-0 btn-default btn-icon-left\" title=\"Team Stripes Officiating\">See the Schedule<\/a><\/span><\/div><\/div><\/div><\/div><\/div><script id=\"script-row-unique-4\" data-row=\"script-row-unique-4\" type=\"text\/javascript\" class=\"vc_controls\">UNCODE.initRow(document.getElementById(\"row-unique-4\"));<\/script><\/div><\/div><\/div><div data-parent=\"true\" class=\"vc_row row-next-to-blend row-container onepage-section\" data-label=\"Design &amp; Quality\" data-name=\"design-quality\" id=\"row-unique-5\"><div class=\"row single-top-padding single-bottom-padding single-h-padding limit-width row-parent\"><div class=\"wpb_row row-inner\"><div class=\"wpb_column pos-top pos-center align_center column_parent col-lg-12 single-internal-gutter\"><div class=\"uncol style-light\"  ><div class=\"uncoltable\"><div class=\"uncell\" ><div class=\"uncont no-block-padding col-custom-width\" style=\" max-width:804px;\" ><div class=\"uncode-wrapper uncode-share  has-title\" ><h6>Share<\/h6><hr class=\"separator-break separator-accent\" \/><div class=\"share-button share-buttons share-inline share-bigger\" data-url=\"\"><\/div><\/div><\/div><\/div><\/div><\/div><\/div><script id=\"script-row-unique-5\" data-row=\"script-row-unique-5\" type=\"text\/javascript\" class=\"vc_controls\">UNCODE.initRow(document.getElementById(\"row-unique-5\"));<\/script><\/div><\/div><\/div>\n<\/div>","protected":false},"excerpt":{"rendered":"Spring&nbsp;OfficiatingAbout Spring OfficiatingLooking for an opportunity to continue your officiating skills over the spring season? Become a member of our [...]","protected":false},"author":3,"featured_media":0,"parent":79769,"menu_order":0,"comment_status":"closed","ping_status":"closed","template":"","meta":{"_monsterinsights_skip_tracking":false,"_monsterinsights_sitenote_active":false,"_monsterinsights_sitenote_note":"","_monsterinsights_sitenote_category":0,"footnotes":""},"class_list":["post-95026","page","type-page","status-publish","hentry","page_category-classic"],"_links":{"self":[{"href":"https:\/\/atlantichockeygroup.com\/fr\/wp-json\/wp\/v2\/pages\/95026","targetHints":{"allow":["GET"]}}],"collection":[{"href":"https:\/\/atlantichockeygroup.com\/fr\/wp-json\/wp\/v2\/pages"}],"about":[{"href":"https:\/\/atlantichockeygroup.com\/fr\/wp-json\/wp\/v2\/types\/page"}],"author":[{"embeddable":true,"href":"https:\/\/atlantichockeygroup.com\/fr\/wp-json\/wp\/v2\/users\/3"}],"replies":[{"embeddable":true,"href":"https:\/\/atlantichockeygroup.com\/fr\/wp-json\/wp\/v2\/comments?post=95026"}],"version-history":[{"count":0,"href":"https:\/\/atlantichockeygroup.com\/fr\/wp-json\/wp\/v2\/pages\/95026\/revisions"}],"up":[{"embeddable":true,"href":"https:\/\/atlantichockeygroup.com\/fr\/wp-json\/wp\/v2\/pages\/79769"}],"wp:attachment":[{"href":"https:\/\/atlantichockeygroup.com\/fr\/wp-json\/wp\/v2\/media?parent=95026"}],"curies":[{"name":"wp","href":"https:\/\/api.w.org\/{rel}","templated":true}]}}