{"id":97092,"date":"2022-12-01T11:27:07","date_gmt":"2022-12-01T11:27:07","guid":{"rendered":"https:\/\/atlantichockeygroup.com\/?page_id=97092"},"modified":"2023-01-06T17:22:47","modified_gmt":"2023-01-06T17:22:47","slug":"kings-of-spring-elite-tournament","status":"publish","type":"page","link":"https:\/\/atlantichockeygroup.com\/fr\/kings-of-spring-elite-tournament\/","title":{"rendered":"Tournoi d&#039;\u00e9lite des Rois du Printemps"},"content":{"rendered":"<div class=\"wpb-content-wrapper\"><div data-parent=\"true\" class=\"vc_row row-container\" id=\"row-unique-0\"><div class=\"row-background background-element\">\n\t\t\t\t\t\t\t\t\t\t\t<div class=\"background-wrapper\">\n\t\t\t\t\t\t\t\t\t\t\t\t<div class=\"background-inner\" style=\"background-image: url(https:\/\/atlantichockeygroup.com\/wp-content\/uploads\/2022\/08\/299866227_5689145177873180_7317126723168447928_n.jpg);background-repeat: no-repeat;background-position: center center;background-attachment: scroll;background-size: cover;\"><\/div>\n\t\t\t\t\t\t\t\t\t\t\t\t<div class=\"block-bg-overlay style-color-jevc-bg\" style=\"opacity: 0.9;\"><\/div>\n\t\t\t\t\t\t\t\t\t\t\t<\/div>\n\t\t\t\t\t\t\t\t\t\t<\/div><div class=\"row single-top-padding single-bottom-padding single-h-padding limit-width row-parent\" data-height-ratio=\"40\"><div class=\"wpb_row row-inner\"><div class=\"wpb_column pos-middle pos-center align_center column_parent col-lg-12 half-internal-gutter\"><div class=\"uncol style-dark\"  ><div class=\"uncoltable\"><div class=\"uncell no-block-padding\" ><div class=\"uncont\" ><div class=\"uncode-single-media  text-center\"><div class=\"single-wrapper\" style=\"max-width: 40%;\"><div class=\"tmb tmb-light  tmb-media-first tmb-media-last tmb-content-overlay tmb-no-bg\"><div class=\"t-inside\"><div class=\"t-entry-visual\"><div class=\"t-entry-visual-tc\"><div class=\"uncode-single-media-wrapper\"><img decoding=\"async\" class=\"wp-image-97275\" src=\"https:\/\/atlantichockeygroup.com\/wp-content\/uploads\/2022\/12\/Untitled-design-85.png\" width=\"1000\" height=\"1000\" alt=\"\" srcset=\"https:\/\/atlantichockeygroup.com\/wp-content\/uploads\/2022\/12\/Untitled-design-85.png 1000w, https:\/\/atlantichockeygroup.com\/wp-content\/uploads\/2022\/12\/Untitled-design-85-300x300.png 300w, https:\/\/atlantichockeygroup.com\/wp-content\/uploads\/2022\/12\/Untitled-design-85-150x150.png 150w, https:\/\/atlantichockeygroup.com\/wp-content\/uploads\/2022\/12\/Untitled-design-85-768x768.png 768w, https:\/\/atlantichockeygroup.com\/wp-content\/uploads\/2022\/12\/Untitled-design-85-350x350.png 350w, https:\/\/atlantichockeygroup.com\/wp-content\/uploads\/2022\/12\/Untitled-design-85-348x348.png 348w, https:\/\/atlantichockeygroup.com\/wp-content\/uploads\/2022\/12\/Untitled-design-85-24x24.png 24w, https:\/\/atlantichockeygroup.com\/wp-content\/uploads\/2022\/12\/Untitled-design-85-48x48.png 48w, https:\/\/atlantichockeygroup.com\/wp-content\/uploads\/2022\/12\/Untitled-design-85-96x96.png 96w\" sizes=\"(max-width: 1000px) 100vw, 1000px\" \/><\/div>\n\t\t\t\t\t<\/div>\n\t\t\t\t<\/div><\/div><\/div><\/div><\/div><div class=\"vc_custom_heading_wrap\"><div class=\"heading-text el-text\" ><h1 class=\"font-762333 fontsize-155944 fontheight-179065 font-weight-700\" ><span>Tournoi d&#039;\u00e9lite des Rois du Printemps<\/span><\/h1><\/div><div class=\"clear\"><\/div><\/div><div class=\"vc_custom_heading_wrap\"><div class=\"heading-text el-text\" ><h1 class=\"font-762333 h1 fontheight-179065 font-weight-500\" ><span><strong>28-30 avril<br \/><\/span><span>Halifax, Nouvelle-\u00c9cosse<\/strong><\/span><\/h1><\/div><div class=\"clear\"><\/div><\/div><div class=\"empty-space empty-single\" ><span class=\"empty-space-inner\"><\/span><\/div>\n<\/div><\/div><\/div><\/div><\/div><script id=\"script-row-unique-0\" data-row=\"script-row-unique-0\" type=\"text\/javascript\" class=\"vc_controls\">UNCODE.initRow(document.getElementById(\"row-unique-0\"));<\/script><\/div><\/div><\/div><div data-parent=\"true\" class=\"vc_row row-container\" id=\"row-unique-1\"><div class=\"row col-no-gutter double-top-padding one-bottom-padding double-h-padding limit-width row-parent\"><div class=\"wpb_row row-inner\"><div class=\"wpb_column pos-top pos-center align_center column_parent col-lg-12 no-internal-gutter\"><div class=\"uncol style-dark\"  ><div class=\"uncoltable\"><div class=\"uncell no-block-padding\" ><div class=\"uncont\" ><div class=\"vc_custom_heading_wrap\"><div class=\"heading-text el-text\" ><h3 class=\"h2 fontheight-524109 font-weight-700 text-color-prif-color\" ><span>\u00c0 propos de l'\u00e9v\u00e9nement<\/span><\/h3><hr class=\"separator-break\" \/><\/div><div class=\"clear\"><\/div><\/div><div class=\"vc_custom_heading_wrap\"><div class=\"heading-text el-text\" ><h3 class=\"h3 font-weight-400 text-color-prif-color\" ><span>Le tournoi Kings of the Spring Elite est un tournoi d&#039;\u00e9lite qui comprendra des divisions pour les joueurs n\u00e9s entre 2009 et 2014. Chaque \u00e9quipe disputera au minimum quatre matchs. Cet \u00e9v\u00e9nement mettra en vedette les meilleures \u00e9quipes et les meilleurs joueurs de tout le Canada atlantique, notamment les NB Alliance, les NS Raiders et les NS Prospects.<\/span><\/h3><\/div><div class=\"clear\"><\/div><\/div><\/div><\/div><\/div><\/div><\/div><script id=\"script-row-unique-1\" data-row=\"script-row-unique-1\" type=\"text\/javascript\" class=\"vc_controls\">UNCODE.initRow(document.getElementById(\"row-unique-1\"));<\/script><\/div><\/div><\/div><div data-parent=\"true\" class=\"vc_row row-container\" id=\"row-unique-2\"><div class=\"row col-no-gutter double-top-padding one-bottom-padding double-h-padding limit-width row-parent\"><div class=\"wpb_row row-inner\"><div class=\"wpb_column pos-middle pos-center align_center column_parent col-lg-4 no-internal-gutter\"><div class=\"uncol style-dark\"  ><div class=\"uncoltable\"><div class=\"uncell no-block-padding\" ><div class=\"uncont\" ><div class=\"uncode-single-media  text-center\"><div class=\"single-wrapper\" style=\"max-width: 75%;\"><div class=\"tmb tmb-light  tmb-media-first tmb-media-last tmb-content-overlay tmb-no-bg\"><div class=\"t-inside\"><div class=\"t-entry-visual\"><div class=\"t-entry-visual-tc\"><div class=\"uncode-single-media-wrapper\"><img decoding=\"async\" class=\"wp-image-97259\" src=\"https:\/\/atlantichockeygroup.com\/wp-content\/uploads\/2022\/12\/Untitled-design-49.png\" width=\"2000\" height=\"2000\" alt=\"\" srcset=\"https:\/\/atlantichockeygroup.com\/wp-content\/uploads\/2022\/12\/Untitled-design-49.png 2000w, https:\/\/atlantichockeygroup.com\/wp-content\/uploads\/2022\/12\/Untitled-design-49-300x300.png 300w, https:\/\/atlantichockeygroup.com\/wp-content\/uploads\/2022\/12\/Untitled-design-49-1024x1024.png 1024w, https:\/\/atlantichockeygroup.com\/wp-content\/uploads\/2022\/12\/Untitled-design-49-150x150.png 150w, https:\/\/atlantichockeygroup.com\/wp-content\/uploads\/2022\/12\/Untitled-design-49-768x768.png 768w, https:\/\/atlantichockeygroup.com\/wp-content\/uploads\/2022\/12\/Untitled-design-49-1536x1536.png 1536w, https:\/\/atlantichockeygroup.com\/wp-content\/uploads\/2022\/12\/Untitled-design-49-350x350.png 350w, https:\/\/atlantichockeygroup.com\/wp-content\/uploads\/2022\/12\/Untitled-design-49-348x348.png 348w, https:\/\/atlantichockeygroup.com\/wp-content\/uploads\/2022\/12\/Untitled-design-49-24x24.png 24w, https:\/\/atlantichockeygroup.com\/wp-content\/uploads\/2022\/12\/Untitled-design-49-48x48.png 48w, https:\/\/atlantichockeygroup.com\/wp-content\/uploads\/2022\/12\/Untitled-design-49-96x96.png 96w\" sizes=\"(max-width: 2000px) 100vw, 2000px\" \/><\/div>\n\t\t\t\t\t<\/div>\n\t\t\t\t<\/div><\/div><\/div><\/div><\/div><\/div><\/div><\/div><\/div><\/div><div class=\"wpb_column pos-middle pos-center align_center column_parent col-lg-4 single-internal-gutter\"><div class=\"uncol style-light\"  ><div class=\"uncoltable\"><div class=\"uncell no-block-padding\" ><div class=\"uncont\" ><div class=\"uncode-single-media  text-center\"><div class=\"single-wrapper\" style=\"max-width: 75%;\"><div class=\"tmb tmb-light  tmb-media-first tmb-media-last tmb-content-overlay tmb-no-bg\"><div class=\"t-inside\"><div class=\"t-entry-visual\"><div class=\"t-entry-visual-tc\"><div class=\"uncode-single-media-wrapper\"><img decoding=\"async\" class=\"wp-image-85190\" src=\"https:\/\/atlantichockeygroup.com\/wp-content\/uploads\/2019\/11\/NB-Alliance.png\" width=\"641\" height=\"555\" alt=\"\" srcset=\"https:\/\/atlantichockeygroup.com\/wp-content\/uploads\/2019\/11\/NB-Alliance.png 641w, https:\/\/atlantichockeygroup.com\/wp-content\/uploads\/2019\/11\/NB-Alliance-300x260.png 300w, https:\/\/atlantichockeygroup.com\/wp-content\/uploads\/2019\/11\/NB-Alliance-600x520.png 600w\" sizes=\"(max-width: 641px) 100vw, 641px\" \/><\/div>\n\t\t\t\t\t<\/div>\n\t\t\t\t<\/div><\/div><\/div><\/div><\/div><\/div><\/div><\/div><\/div><\/div><div class=\"wpb_column pos-middle pos-center align_center column_parent col-lg-4 single-internal-gutter\"><div class=\"uncol style-light\"  ><div class=\"uncoltable\"><div class=\"uncell no-block-padding\" ><div class=\"uncont\" ><div class=\"uncode-single-media  text-center\"><div class=\"single-wrapper\" style=\"max-width: 75%;\"><div class=\"tmb tmb-light  tmb-media-first tmb-media-last tmb-content-overlay tmb-no-bg\"><div class=\"t-inside\"><div class=\"t-entry-visual\"><div class=\"t-entry-visual-tc\"><div class=\"uncode-single-media-wrapper\"><img decoding=\"async\" class=\"wp-image-85233\" src=\"https:\/\/atlantichockeygroup.com\/wp-content\/uploads\/2019\/11\/raiders.jpg\" width=\"800\" height=\"725\" alt=\"\" srcset=\"https:\/\/atlantichockeygroup.com\/wp-content\/uploads\/2019\/11\/raiders.jpg 800w, https:\/\/atlantichockeygroup.com\/wp-content\/uploads\/2019\/11\/raiders-300x272.jpg 300w, https:\/\/atlantichockeygroup.com\/wp-content\/uploads\/2019\/11\/raiders-768x696.jpg 768w, https:\/\/atlantichockeygroup.com\/wp-content\/uploads\/2019\/11\/raiders-600x544.jpg 600w\" sizes=\"(max-width: 800px) 100vw, 800px\" \/><\/div>\n\t\t\t\t\t<\/div>\n\t\t\t\t<\/div><\/div><\/div><\/div><\/div><\/div><\/div><\/div><\/div><\/div><script id=\"script-row-unique-2\" data-row=\"script-row-unique-2\" type=\"text\/javascript\" class=\"vc_controls\">UNCODE.initRow(document.getElementById(\"row-unique-2\"));<\/script><\/div><\/div><\/div><div data-parent=\"true\" class=\"vc_row row-container\" id=\"row-unique-3\"><div class=\"row col-no-gutter single-top-padding single-bottom-padding double-h-padding limit-width row-parent\"><div class=\"wpb_row row-inner\"><div class=\"wpb_column pos-top pos-center align_center column_parent col-lg-12 no-internal-gutter\"><div class=\"uncol style-dark\"  ><div class=\"uncoltable\"><div class=\"uncell no-block-padding\" ><div class=\"uncont\" ><div class=\"vc_custom_heading_wrap\"><div class=\"heading-text el-text\" ><h3 class=\"h2 fontheight-524109 font-weight-700 text-color-prif-color\" ><span>Divisions<\/span><\/h3><hr class=\"separator-break\" \/><\/div><div class=\"clear\"><\/div><\/div><div class=\"vc_custom_heading_wrap\"><div class=\"heading-text el-text\" ><h3 class=\"h3 font-weight-400 text-color-prif-color\" ><span>L&#039;\u00e9v\u00e9nement comprendra des divisions pour les ann\u00e9es de naissance de 2009 \u00e0 2014 inclusivement. Les \u00e9quipes devront aligner un effectif complet de 15 patineurs et 2 gardiens de but.<\/span><\/h3><\/div><div class=\"clear\"><\/div><\/div><\/div><\/div><\/div><\/div><\/div><script id=\"script-row-unique-3\" data-row=\"script-row-unique-3\" type=\"text\/javascript\" class=\"vc_controls\">UNCODE.initRow(document.getElementById(\"row-unique-3\"));<\/script><\/div><\/div><\/div><div data-parent=\"true\" class=\"vc_row row-container\" id=\"row-unique-4\"><div class=\"row col-no-gutter single-top-padding single-bottom-padding double-h-padding limit-width row-parent\"><div class=\"wpb_row row-inner\"><div class=\"wpb_column pos-top pos-center align_center column_parent col-lg-12 no-internal-gutter\"><div class=\"uncol style-dark\"  ><div class=\"uncoltable\"><div class=\"uncell no-block-padding\" ><div class=\"uncont\" ><div class=\"vc_custom_heading_wrap\"><div class=\"heading-text el-text\" ><h3 class=\"h2 fontheight-524109 font-weight-700 text-color-prif-color\" ><span>Diffusion en direct<\/span><\/h3><hr class=\"separator-break\" \/><\/div><div class=\"clear\"><\/div><\/div><div class=\"vc_custom_heading_wrap\"><div class=\"heading-text el-text\" ><h3 class=\"h3 font-weight-400 text-color-prif-color\" ><span>L&#039;\u00e9v\u00e9nement sera diffus\u00e9 en direct pour tous les matchs.<\/span><\/h3><\/div><div class=\"clear\"><\/div><\/div><\/div><\/div><\/div><\/div><\/div><script id=\"script-row-unique-4\" data-row=\"script-row-unique-4\" type=\"text\/javascript\" class=\"vc_controls\">UNCODE.initRow(document.getElementById(\"row-unique-4\"));<\/script><\/div><\/div><\/div><div data-parent=\"true\" class=\"vc_row row-container\" id=\"row-unique-5\"><div class=\"row col-no-gutter single-top-padding single-bottom-padding double-h-padding limit-width row-parent\"><div class=\"wpb_row row-inner\"><div class=\"wpb_column pos-top pos-center align_center column_parent col-lg-12 no-internal-gutter\"><div class=\"uncol style-dark\"  ><div class=\"uncoltable\"><div class=\"uncell no-block-padding\" ><div class=\"uncont\" ><div class=\"vc_custom_heading_wrap\"><div class=\"heading-text el-text\" ><h3 class=\"h2 fontheight-524109 font-weight-700 text-color-prif-color\" ><span>Installations<\/span><\/h3><hr class=\"separator-break\" \/><\/div><div class=\"clear\"><\/div><\/div><div class=\"vc_custom_heading_wrap\"><div class=\"heading-text el-text\" ><h3 class=\"h3 font-weight-400 text-color-prif-color\" ><span>L&#039;\u00e9v\u00e9nement se d\u00e9roulera dans des installations de qualit\u00e9, notamment le Centre Dauphinee (Universit\u00e9 Saint Mary&#039;s), le HRM 4-Pad et le Centre RBC.<\/span><\/h3><\/div><div class=\"clear\"><\/div><\/div><\/div><\/div><\/div><\/div><\/div><script id=\"script-row-unique-5\" data-row=\"script-row-unique-5\" type=\"text\/javascript\" class=\"vc_controls\">UNCODE.initRow(document.getElementById(\"row-unique-5\"));<\/script><\/div><\/div><\/div><div data-parent=\"true\" class=\"vc_row row-container\" id=\"row-unique-6\"><div class=\"row col-no-gutter double-top-padding single-bottom-padding double-h-padding limit-width row-parent\"><div class=\"wpb_row row-inner\"><div class=\"wpb_column pos-middle pos-center align_center column_parent col-lg-4 no-internal-gutter\"><div class=\"uncol style-dark\"  ><div class=\"uncoltable\"><div class=\"uncell no-block-padding\" ><div class=\"uncont\" ><div class=\"uncode-single-media  text-center\"><div class=\"single-wrapper\" style=\"max-width: 100%;\"><div class=\"tmb tmb-light  tmb-media-first tmb-media-last tmb-content-overlay tmb-no-bg\"><div class=\"t-inside\"><div class=\"t-entry-visual\"><div class=\"t-entry-visual-tc\"><div class=\"uncode-single-media-wrapper\"><img decoding=\"async\" class=\"wp-image-97268\" src=\"https:\/\/atlantichockeygroup.com\/wp-content\/uploads\/2022\/12\/RINKS.png\" width=\"1080\" height=\"1080\" alt=\"\" srcset=\"https:\/\/atlantichockeygroup.com\/wp-content\/uploads\/2022\/12\/RINKS.png 1080w, https:\/\/atlantichockeygroup.com\/wp-content\/uploads\/2022\/12\/RINKS-300x300.png 300w, https:\/\/atlantichockeygroup.com\/wp-content\/uploads\/2022\/12\/RINKS-1024x1024.png 1024w, https:\/\/atlantichockeygroup.com\/wp-content\/uploads\/2022\/12\/RINKS-150x150.png 150w, https:\/\/atlantichockeygroup.com\/wp-content\/uploads\/2022\/12\/RINKS-768x768.png 768w, https:\/\/atlantichockeygroup.com\/wp-content\/uploads\/2022\/12\/RINKS-350x350.png 350w, https:\/\/atlantichockeygroup.com\/wp-content\/uploads\/2022\/12\/RINKS-348x348.png 348w, https:\/\/atlantichockeygroup.com\/wp-content\/uploads\/2022\/12\/RINKS-24x24.png 24w, https:\/\/atlantichockeygroup.com\/wp-content\/uploads\/2022\/12\/RINKS-48x48.png 48w, https:\/\/atlantichockeygroup.com\/wp-content\/uploads\/2022\/12\/RINKS-96x96.png 96w\" sizes=\"(max-width: 1080px) 100vw, 1080px\" \/><\/div>\n\t\t\t\t\t<\/div>\n\t\t\t\t<\/div><\/div><\/div><\/div><\/div><\/div><\/div><\/div><\/div><\/div><div class=\"wpb_column pos-middle pos-center align_center column_parent col-lg-4 single-internal-gutter\"><div class=\"uncol style-light\"  ><div class=\"uncoltable\"><div class=\"uncell no-block-padding\" ><div class=\"uncont\" ><div class=\"uncode-single-media  text-center\"><div class=\"single-wrapper\" style=\"max-width: 100%;\"><div class=\"tmb tmb-light  tmb-media-first tmb-media-last tmb-content-overlay tmb-no-bg\"><div class=\"t-inside\"><div class=\"t-entry-visual\"><div class=\"t-entry-visual-tc\"><div class=\"uncode-single-media-wrapper\"><img decoding=\"async\" class=\"wp-image-97270\" src=\"https:\/\/atlantichockeygroup.com\/wp-content\/uploads\/2022\/12\/RINKS-3.png\" width=\"1080\" height=\"1080\" alt=\"\" srcset=\"https:\/\/atlantichockeygroup.com\/wp-content\/uploads\/2022\/12\/RINKS-3.png 1080w, https:\/\/atlantichockeygroup.com\/wp-content\/uploads\/2022\/12\/RINKS-3-300x300.png 300w, https:\/\/atlantichockeygroup.com\/wp-content\/uploads\/2022\/12\/RINKS-3-1024x1024.png 1024w, https:\/\/atlantichockeygroup.com\/wp-content\/uploads\/2022\/12\/RINKS-3-150x150.png 150w, https:\/\/atlantichockeygroup.com\/wp-content\/uploads\/2022\/12\/RINKS-3-768x768.png 768w, https:\/\/atlantichockeygroup.com\/wp-content\/uploads\/2022\/12\/RINKS-3-350x350.png 350w, https:\/\/atlantichockeygroup.com\/wp-content\/uploads\/2022\/12\/RINKS-3-348x348.png 348w, https:\/\/atlantichockeygroup.com\/wp-content\/uploads\/2022\/12\/RINKS-3-24x24.png 24w, https:\/\/atlantichockeygroup.com\/wp-content\/uploads\/2022\/12\/RINKS-3-48x48.png 48w, https:\/\/atlantichockeygroup.com\/wp-content\/uploads\/2022\/12\/RINKS-3-96x96.png 96w\" sizes=\"(max-width: 1080px) 100vw, 1080px\" \/><\/div>\n\t\t\t\t\t<\/div>\n\t\t\t\t<\/div><\/div><\/div><\/div><\/div><\/div><\/div><\/div><\/div><\/div><div class=\"wpb_column pos-middle pos-center align_center column_parent col-lg-4 single-internal-gutter\"><div class=\"uncol style-light\"  ><div class=\"uncoltable\"><div class=\"uncell no-block-padding\" ><div class=\"uncont\" ><div class=\"uncode-single-media  text-center\"><div class=\"single-wrapper\" style=\"max-width: 100%;\"><div class=\"tmb tmb-light  tmb-media-first tmb-media-last tmb-content-overlay tmb-no-bg\"><div class=\"t-inside\"><div class=\"t-entry-visual\"><div class=\"t-entry-visual-tc\"><div class=\"uncode-single-media-wrapper\"><img decoding=\"async\" class=\"wp-image-97266\" src=\"https:\/\/atlantichockeygroup.com\/wp-content\/uploads\/2022\/12\/RINKS-1.png\" width=\"1080\" height=\"1080\" alt=\"\" srcset=\"https:\/\/atlantichockeygroup.com\/wp-content\/uploads\/2022\/12\/RINKS-1.png 1080w, https:\/\/atlantichockeygroup.com\/wp-content\/uploads\/2022\/12\/RINKS-1-300x300.png 300w, https:\/\/atlantichockeygroup.com\/wp-content\/uploads\/2022\/12\/RINKS-1-1024x1024.png 1024w, https:\/\/atlantichockeygroup.com\/wp-content\/uploads\/2022\/12\/RINKS-1-150x150.png 150w, https:\/\/atlantichockeygroup.com\/wp-content\/uploads\/2022\/12\/RINKS-1-768x768.png 768w, https:\/\/atlantichockeygroup.com\/wp-content\/uploads\/2022\/12\/RINKS-1-350x350.png 350w, https:\/\/atlantichockeygroup.com\/wp-content\/uploads\/2022\/12\/RINKS-1-348x348.png 348w, https:\/\/atlantichockeygroup.com\/wp-content\/uploads\/2022\/12\/RINKS-1-24x24.png 24w, https:\/\/atlantichockeygroup.com\/wp-content\/uploads\/2022\/12\/RINKS-1-48x48.png 48w, https:\/\/atlantichockeygroup.com\/wp-content\/uploads\/2022\/12\/RINKS-1-96x96.png 96w\" sizes=\"(max-width: 1080px) 100vw, 1080px\" \/><\/div>\n\t\t\t\t\t<\/div>\n\t\t\t\t<\/div><\/div><\/div><\/div><\/div><\/div><\/div><\/div><\/div><\/div><script id=\"script-row-unique-6\" data-row=\"script-row-unique-6\" type=\"text\/javascript\" class=\"vc_controls\">UNCODE.initRow(document.getElementById(\"row-unique-6\"));<\/script><\/div><\/div><\/div><div data-parent=\"true\" class=\"vc_row row-container\" id=\"row-unique-7\"><div class=\"row col-no-gutter single-top-padding single-bottom-padding double-h-padding limit-width row-parent\"><div class=\"wpb_row row-inner\"><div class=\"wpb_column pos-top pos-center align_center column_parent col-lg-12 no-internal-gutter\"><div class=\"uncol style-dark\"  ><div class=\"uncoltable\"><div class=\"uncell no-block-padding\" ><div class=\"uncont\" ><div class=\"vc_custom_heading_wrap\"><div class=\"heading-text el-text\" ><h3 class=\"h2 fontheight-524109 font-weight-700 text-color-prif-color\" ><span>H\u00e9bergements<\/span><\/h3><hr class=\"separator-break\" \/><\/div><div class=\"clear\"><\/div><\/div><div class=\"vc_custom_heading_wrap\"><div class=\"heading-text el-text\" ><h3 class=\"h3 font-weight-400 text-color-prif-color\" ><span>Les \u00e9quipes doivent choisir leur h\u00e9bergement parmi la liste d&#039;h\u00f4tels recommand\u00e9s fournie par AHG. Il s&#039;agit d&#039;un \u00e9v\u00e9nement \u201c s\u00e9jour et loisirs \u201d.<\/span><\/h3><\/div><div class=\"clear\"><\/div><\/div><div class=\"empty-space empty-single\" ><span class=\"empty-space-inner\"><\/span><\/div>\n<span class=\"btn-container animate_when_almost_visible alpha-anim\" ><a role=\"button\"  href=\"\" class=\"custom-link btn btn-xl btn-custom-typo font-762333 font-weight-800 text-initial fontspace-210350 border-width-0 btn-accent btn-round btn-italic btn-icon-left\">Liste des h\u00e9bergements (\u00e0 venir)<\/a><\/span><div class=\"empty-space empty-single\" ><span class=\"empty-space-inner\"><\/span><\/div>\n<\/div><\/div><\/div><\/div><\/div><script id=\"script-row-unique-7\" data-row=\"script-row-unique-7\" type=\"text\/javascript\" class=\"vc_controls\">UNCODE.initRow(document.getElementById(\"row-unique-7\"));<\/script><\/div><\/div><\/div><div data-parent=\"true\" class=\"vc_row row-container\" id=\"row-unique-8\"><div class=\"row col-no-gutter single-top-padding single-bottom-padding double-h-padding limit-width row-parent\"><div class=\"wpb_row row-inner\"><div class=\"wpb_column pos-top pos-center align_center column_parent col-lg-12 no-internal-gutter\"><div class=\"uncol style-dark\"  ><div class=\"uncoltable\"><div class=\"uncell single-block-padding style-accent-bg\" ><div class=\"column-background background-element\">\n\t\t\t\t\t\t\t\t\t\t\t<div class=\"background-wrapper\">\n\t\t\t\t\t\t\t\t\t\t\t\t<div class=\"background-inner\" style=\"background-image: url(https:\/\/atlantichockeygroup.com\/wp-content\/uploads\/2019\/12\/Resized_20191206_131311.jpg);background-repeat: no-repeat;background-position: center center;background-size: cover;\" data-o_src=\"https:\/\/atlantichockeygroup.com\/wp-content\/uploads\/2019\/12\/Resized_20191206_131311.jpg\"><\/div>\n\t\t\t\t\t\t\t\t\t\t\t\t<div class=\"block-bg-overlay style-accent-bg\" style=\"opacity: 0.95;\"><\/div>\n\t\t\t\t\t\t\t\t\t\t\t<\/div>\n\t\t\t\t\t\t\t\t\t\t<\/div><div class=\"uncont\" ><div class=\"vc_custom_heading_wrap\"><div class=\"heading-text el-text\" ><h3 class=\"h2 fontheight-524109 font-weight-700 text-color-xsdn-color\" ><span>Processus d'inscription<\/span><\/h3><\/div><div class=\"clear\"><\/div><\/div><div class=\"empty-space empty-single\" ><span class=\"empty-space-inner\"><\/span><\/div>\n<div class=\"vc_custom_heading_wrap\"><div class=\"heading-text el-text\" ><h3 class=\"h3 font-weight-400 text-color-xsdn-color\" ><span>Cet \u00e9v\u00e9nement est organis\u00e9 par <strong>sur invitation seulement<\/strong>Les \u00e9quipes souhaitant recevoir une invitation peuvent contacter nos bureaux.<\/span><\/h3><\/div><div class=\"clear\"><\/div><\/div><div class=\"empty-space empty-single\" ><span class=\"empty-space-inner\"><\/span><\/div>\n<\/div><\/div><\/div><\/div><\/div><script id=\"script-row-unique-8\" data-row=\"script-row-unique-8\" type=\"text\/javascript\" class=\"vc_controls\">UNCODE.initRow(document.getElementById(\"row-unique-8\"));<\/script><\/div><\/div><\/div><div data-parent=\"true\" class=\"vc_row row-container onepage-section\" data-label=\"Design &amp; Quality\" data-name=\"design-quality\" id=\"row-unique-9\"><div class=\"row single-top-padding single-bottom-padding single-h-padding limit-width row-parent\"><div class=\"wpb_row row-inner\"><div class=\"wpb_column pos-top pos-center align_center column_parent col-lg-12 single-internal-gutter\"><div class=\"uncol style-light\"  ><div class=\"uncoltable\"><div class=\"uncell\" ><div class=\"uncont no-block-padding col-custom-width\" style=\" max-width:804px;\" ><div class=\"uncode-wrapper uncode-share  has-title\" ><h6>Partager<\/h6><hr class=\"separator-break separator-accent\" \/><div class=\"share-button share-buttons share-inline share-bigger\" data-url=\"\"><\/div><\/div><\/div><\/div><\/div><\/div><\/div><script id=\"script-row-unique-9\" data-row=\"script-row-unique-9\" type=\"text\/javascript\" class=\"vc_controls\">UNCODE.initRow(document.getElementById(\"row-unique-9\"));<\/script><\/div><\/div><\/div>\n<\/div>","protected":false},"excerpt":{"rendered":"Kings of Spring Elite TournamentApril 28-30Halifax, Nova Scotia About the EventThe Kings of the Spring Elite tournament is an elite [...]","protected":false},"author":3,"featured_media":97275,"parent":0,"menu_order":0,"comment_status":"closed","ping_status":"closed","template":"","meta":{"_monsterinsights_skip_tracking":false,"_monsterinsights_sitenote_active":false,"_monsterinsights_sitenote_note":"","_monsterinsights_sitenote_category":0,"footnotes":""},"class_list":["post-97092","page","type-page","status-publish","has-post-thumbnail","hentry"],"_links":{"self":[{"href":"https:\/\/atlantichockeygroup.com\/fr\/wp-json\/wp\/v2\/pages\/97092","targetHints":{"allow":["GET"]}}],"collection":[{"href":"https:\/\/atlantichockeygroup.com\/fr\/wp-json\/wp\/v2\/pages"}],"about":[{"href":"https:\/\/atlantichockeygroup.com\/fr\/wp-json\/wp\/v2\/types\/page"}],"author":[{"embeddable":true,"href":"https:\/\/atlantichockeygroup.com\/fr\/wp-json\/wp\/v2\/users\/3"}],"replies":[{"embeddable":true,"href":"https:\/\/atlantichockeygroup.com\/fr\/wp-json\/wp\/v2\/comments?post=97092"}],"version-history":[{"count":0,"href":"https:\/\/atlantichockeygroup.com\/fr\/wp-json\/wp\/v2\/pages\/97092\/revisions"}],"wp:featuredmedia":[{"embeddable":true,"href":"https:\/\/atlantichockeygroup.com\/fr\/wp-json\/wp\/v2\/media\/97275"}],"wp:attachment":[{"href":"https:\/\/atlantichockeygroup.com\/fr\/wp-json\/wp\/v2\/media?parent=97092"}],"curies":[{"name":"wp","href":"https:\/\/api.w.org\/{rel}","templated":true}]}}