{"id":99470,"date":"2025-02-12T20:03:24","date_gmt":"2025-02-12T20:03:24","guid":{"rendered":"https:\/\/atlantichockeygroup.com\/?page_id=99470"},"modified":"2025-02-13T14:23:24","modified_gmt":"2025-02-13T14:23:24","slug":"off-ice-training-4","status":"publish","type":"page","link":"https:\/\/atlantichockeygroup.com\/fr\/off-ice-training-4\/","title":{"rendered":"FORMATION HORS GLACE"},"content":{"rendered":"<div class=\"wpb-content-wrapper\"><div data-parent=\"true\" class=\"vc_row row-container\" id=\"row-unique-0\"><div class=\"row triple-top-padding triple-bottom-padding single-h-padding limit-width row-parent\"><div class=\"wpb_row row-inner\"><div class=\"wpb_column pos-top pos-center align_left column_parent col-lg-12 double-internal-gutter\"><div class=\"uncol style-light\"  ><div class=\"uncoltable\"><div class=\"uncell no-block-padding\" ><div class=\"uncont\" ><div class=\"vc_row row-internal row-container\"><div class=\"row col-double-gutter row-child\"><div class=\"wpb_row row-inner\"><div class=\"wpb_column pos-top pos-center align_center column_child col-lg-12 one-internal-gutter\"><div class=\"uncol style-light\" ><div class=\"uncoltable\"><div class=\"uncell no-block-padding\" ><div class=\"uncont\" style=\" max-width:900px;\" ><div class=\"vc_custom_heading_wrap\"><div class=\"heading-text el-text curtain animate_inner_when_almost_visible el-text-split\" data-interval=\"200\"><h2 class=\"fontsize-338686 fontspace-781688 font-weight-900 font-obs\" data-style=\"normal\" data-weight=\"900\" data-font=\"Roboto\"><span class=\"heading-text-inner\"><span class=\"split-word word1\"><span class=\"split-word-flow\"><span class=\"split-word-inner\">Programmes<\/span><\/span><\/span><span class=\"split-word word2\"><span class=\"split-word-flow\"><span class=\"split-word-inner split-empty-inner\"><span class=\"split-word-empty\">&nbsp;<\/span>sur mesure<\/span><\/span><\/span><span class=\"split-word word3\"><span class=\"split-word-flow\"><span class=\"split-word-inner split-empty-inner\"><span class=\"split-word-empty\">&nbsp;<\/span>pour<\/span><\/span><\/span><span class=\"split-word word4\"><span class=\"split-word-flow\"><span class=\"split-word-inner split-empty-inner\"><span class=\"split-word-empty\">&nbsp;<\/span>\u00c9LITE<\/span><\/span><\/span><span class=\"split-word word5\"><span class=\"split-word-flow\"><span class=\"split-word-inner split-empty-inner\"><span class=\"split-word-empty\">&nbsp;<\/span>niveaux<\/span><\/span><\/span><span class=\"split-word word6\"><span class=\"split-word-flow\"><span class=\"split-word-inner split-empty-inner\"><span class=\"split-word-empty\">&nbsp;<\/span>de<\/span><\/span><\/span><span class=\"split-word word7\"><span class=\"split-word-flow\"><span class=\"split-word-inner split-empty-inner\"><span class=\"split-word-empty\">&nbsp;<\/span>comp\u00e9tence.<\/span><\/span><\/span><\/span><\/h2><\/div><div class=\"clear\"><\/div><\/div><div class=\"empty-space empty-double\" ><span class=\"empty-space-inner\"><\/span><\/div>\n<\/div><\/div><\/div><\/div><\/div><\/div><\/div><\/div><div class=\"vc_row row-internal row-container\"><div class=\"row col-double-gutter row-child\"><div class=\"wpb_row row-inner\"><div class=\"wpb_column pos-top pos-center align_left column_child col-lg-4 col-md-33 single-internal-gutter\"><div class=\"uncol style-light font-134980 animate_when_almost_visible alpha-anim\" data-delay=\"200\"><div class=\"uncoltable\"><div class=\"uncell no-block-padding\" ><div class=\"uncont\" ><div class=\"icon-box icon-box-left\" ><div class=\"icon-box-icon fa-container\"><span class=\"text-accent-color btn-disable-hover\"><i class=\"fa fa-clipboard2 fa-3x fa-fw\"><\/i><\/span><\/div><div class=\"icon-box-content\"><div class=\"icon-box-heading icon-box-fa-3x\"><h3 class=\"h3 font-weight-800 fontspace-210350\">ENTRA\u00ceNEURS EXP\u00c9RIMENT\u00c9S<\/h3><\/div><p class=\"text-lead\">Nos entra\u00eeneurs proviennent d\u2019\u00e9quipes de hockey universitaire, junior, secondaire et mineur.<\/p>\n<\/div><\/div><\/div><\/div><\/div><\/div><\/div><div class=\"wpb_column pos-top pos-center align_left column_child col-lg-4 col-md-33 single-internal-gutter\"><div class=\"uncol style-light font-134980 animate_when_almost_visible alpha-anim\" data-delay=\"400\"><div class=\"uncoltable\"><div class=\"uncell no-block-padding\" ><div class=\"uncont\" ><div class=\"icon-box icon-box-left\" ><div class=\"icon-box-icon fa-container\"><span class=\"text-accent-color btn-disable-hover\"><i class=\"fa fa-line-chart fa-3x fa-fw\"><\/i><\/span><\/div><div class=\"icon-box-content\"><div class=\"icon-box-heading icon-box-fa-3x\"><h3 class=\"h3 font-weight-800 fontspace-210350\">CROISSANCE DES JOUEURS<\/h3><\/div><p class=\"text-lead\">Nous mettons l'accent sur le d\u00e9veloppement des comp\u00e9tences \u00e0 l'aide d'exercices sp\u00e9cialis\u00e9s.<\/p>\n<\/div><\/div><\/div><\/div><\/div><\/div><\/div><div class=\"wpb_column pos-top pos-center align_left column_child col-lg-4 col-md-33 single-internal-gutter\"><div class=\"uncol style-light font-134980 animate_when_almost_visible alpha-anim\" data-delay=\"600\"><div class=\"uncoltable\"><div class=\"uncell no-block-padding\" ><div class=\"uncont\" ><div class=\"icon-box icon-box-left\" ><div class=\"icon-box-icon fa-container\"><span class=\"text-accent-color btn-disable-hover\"><i class=\"fa fa-users2 fa-3x fa-fw\"><\/i><\/span><\/div><div class=\"icon-box-content\"><div class=\"icon-box-heading icon-box-fa-3x\"><h3 class=\"h3 font-weight-800 fontspace-210350\">Faible ratio joueurs-entra\u00eeneurs<\/h3><\/div><p class=\"text-lead\">De bons ratios garantissent des sessions de formation intensives et efficaces.<\/p>\n<\/div><\/div><\/div><\/div><\/div><\/div><\/div><\/div><\/div><\/div><\/div><\/div><\/div><\/div><\/div><script id=\"script-row-unique-0\" data-row=\"script-row-unique-0\" type=\"text\/javascript\" class=\"vc_controls\">UNCODE.initRow(document.getElementById(\"row-unique-0\"));<\/script><\/div><\/div><\/div><div data-parent=\"true\" class=\"vc_row style-accent-bg row-container\" id=\"row-unique-1\"><div class=\"row single-top-padding single-bottom-padding single-h-padding limit-width row-parent\"><div class=\"wpb_row row-inner\"><div class=\"wpb_column pos-top pos-center align_left column_parent col-lg-12 double-internal-gutter\"><div class=\"uncol style-light\"  ><div class=\"uncoltable\"><div class=\"uncell no-block-padding\" ><div class=\"uncont\" ><div class=\"vc_row row-internal row-container\"><div class=\"row col-double-gutter row-child\"><div class=\"wpb_row row-inner\"><div class=\"wpb_column pos-top pos-center align_center column_child col-lg-12 one-internal-gutter\"><div class=\"uncol style-light\" ><div class=\"uncoltable\"><div class=\"uncell no-block-padding\" ><div class=\"uncont\" style=\" max-width:900px;\" ><div class=\"vc_custom_heading_wrap\"><div class=\"heading-text el-text curtain animate_inner_when_almost_visible el-text-split\" data-interval=\"200\"><h2 class=\"fontsize-155944 fontspace-781688 font-weight-700 text-color-xsdn-color font-obs\" data-style=\"normal\" data-weight=\"700\" data-font=\"Roboto\"><span class=\"heading-text-inner\"><span class=\"split-word word1\"><span class=\"split-word-flow\"><span class=\"split-word-inner\">Programmes<\/span><\/span><\/span><\/span><\/h2><\/div><div class=\"clear\"><\/div><\/div><\/div><\/div><\/div><\/div><\/div><\/div><\/div><\/div><\/div><\/div><\/div><\/div><\/div><script id=\"script-row-unique-1\" data-row=\"script-row-unique-1\" type=\"text\/javascript\" class=\"vc_controls\">UNCODE.initRow(document.getElementById(\"row-unique-1\"));<\/script><\/div><\/div><\/div><div data-parent=\"true\" class=\"vc_row row-container\" id=\"row-unique-2\"><div class=\"row double-top-padding single-bottom-padding single-h-padding limit-width row-parent\"><div class=\"wpb_row row-inner\"><div class=\"wpb_column pos-middle pos-center align_center column_parent col-lg-12 double-internal-gutter\"><div class=\"uncol style-light\"  ><div class=\"uncoltable\"><div class=\"uncell no-block-padding\" ><div class=\"uncont\" ><div class=\"vc_row row-internal row-container\"><div class=\"row unequal row-child\"><div class=\"wpb_row row-inner\"><div class=\"wpb_column pos-top pos-center align_center column_child col-lg-6 col-md-33 half-internal-gutter\"><div class=\"uncol style-light font-134980 animate_when_almost_visible alpha-anim\" data-delay=\"200\"><div class=\"uncoltable\"><div class=\"uncell no-block-padding\" ><div class=\"uncont\" ><div class=\"uncode-single-media  text-left\"><div class=\"single-wrapper\" style=\"max-width: 100%;\"><div class=\"tmb tmb-light  tmb-media-first tmb-media-last tmb-content-overlay tmb-no-bg\"><div class=\"t-inside\"><div class=\"t-entry-visual\"><div class=\"t-entry-visual-tc\"><div class=\"uncode-single-media-wrapper\"><img decoding=\"async\" class=\"wp-image-99222\" src=\"https:\/\/atlantichockeygroup.com\/wp-content\/uploads\/2024\/10\/Primelogo.png\" width=\"1496\" height=\"1358\" alt=\"\" srcset=\"https:\/\/atlantichockeygroup.com\/wp-content\/uploads\/2024\/10\/Primelogo.png 1496w, https:\/\/atlantichockeygroup.com\/wp-content\/uploads\/2024\/10\/Primelogo-300x272.png 300w, https:\/\/atlantichockeygroup.com\/wp-content\/uploads\/2024\/10\/Primelogo-1024x930.png 1024w, https:\/\/atlantichockeygroup.com\/wp-content\/uploads\/2024\/10\/Primelogo-768x697.png 768w, https:\/\/atlantichockeygroup.com\/wp-content\/uploads\/2024\/10\/Primelogo-350x318.png 350w\" sizes=\"(max-width: 1496px) 100vw, 1496px\" \/><\/div>\n\t\t\t\t\t<\/div>\n\t\t\t\t<\/div><\/div><\/div><\/div><\/div><div class=\"vc_custom_heading_wrap\"><div class=\"heading-text el-text\" ><h2 class=\"h2\" ><span>Performance athl\u00e9tique de premier ordre<\/span><\/h2><div class=\"text-lead text-top-reduced\"><p>Chez PRIME ATHLETIC PERFORMANCE, nous nous effor\u00e7ons d&#039;aider au d\u00e9veloppement des joueurs de hockey \u00c9LITE gr\u00e2ce \u00e0 un programme d&#039;entra\u00eenement de haut niveau m\u00e9ticuleusement con\u00e7u et ex\u00e9cut\u00e9 par des instructeurs professionnels.<\/p>\n<\/div><\/div><div class=\"clear\"><\/div><\/div><span class=\"btn-container\" ><a role=\"button\"  href=\"https:\/\/primeathleticperformance.com\/\" class=\"custom-link btn border-width-0 btn-accent btn-circle btn-icon-left\" target=\"_blank\">POUR PLUS D&#039;INFORMATIONS<\/a><\/span><div class=\"empty-space empty-half\" ><span class=\"empty-space-inner\"><\/span><\/div>\n<\/div><\/div><\/div><\/div><\/div><div class=\"wpb_column pos-top pos-center align_center column_child col-lg-6 col-md-33 half-internal-gutter\"><div class=\"uncol style-light font-134980 animate_when_almost_visible alpha-anim\" data-delay=\"400\"><div class=\"uncoltable\"><div class=\"uncell no-block-padding\" ><div class=\"uncont\" ><div class=\"uncode-single-media  text-center\"><div class=\"single-wrapper\" style=\"max-width: 91%;\"><div class=\"tmb tmb-light  tmb-media-first tmb-media-last tmb-content-overlay tmb-no-bg\"><div class=\"t-inside\"><div class=\"t-entry-visual\"><div class=\"t-entry-visual-tc\"><div class=\"uncode-single-media-wrapper\"><img decoding=\"async\" class=\"wp-image-99471\" src=\"https:\/\/atlantichockeygroup.com\/wp-content\/uploads\/2025\/02\/BRAVE-MAIN-e1739456215108.png\" width=\"6750\" height=\"6750\" alt=\"\" srcset=\"https:\/\/atlantichockeygroup.com\/wp-content\/uploads\/2025\/02\/BRAVE-MAIN-e1739456215108.png 6750w, https:\/\/atlantichockeygroup.com\/wp-content\/uploads\/2025\/02\/BRAVE-MAIN-e1739456215108-300x300.png 300w, https:\/\/atlantichockeygroup.com\/wp-content\/uploads\/2025\/02\/BRAVE-MAIN-e1739456215108-1024x1024.png 1024w, https:\/\/atlantichockeygroup.com\/wp-content\/uploads\/2025\/02\/BRAVE-MAIN-e1739456215108-150x150.png 150w, https:\/\/atlantichockeygroup.com\/wp-content\/uploads\/2025\/02\/BRAVE-MAIN-e1739456215108-768x768.png 768w, https:\/\/atlantichockeygroup.com\/wp-content\/uploads\/2025\/02\/BRAVE-MAIN-e1739456215108-1536x1536.png 1536w, https:\/\/atlantichockeygroup.com\/wp-content\/uploads\/2025\/02\/BRAVE-MAIN-e1739456215108-2048x2048.png 2048w, https:\/\/atlantichockeygroup.com\/wp-content\/uploads\/2025\/02\/BRAVE-MAIN-e1739456215108-12x12.png 12w, https:\/\/atlantichockeygroup.com\/wp-content\/uploads\/2025\/02\/BRAVE-MAIN-e1739456215108-350x350.png 350w, https:\/\/atlantichockeygroup.com\/wp-content\/uploads\/2025\/02\/BRAVE-MAIN-e1739456215108-348x348.png 348w\" sizes=\"(max-width: 6750px) 100vw, 6750px\" \/><\/div>\n\t\t\t\t\t<\/div>\n\t\t\t\t<\/div><\/div><\/div><\/div><\/div><div class=\"vc_custom_heading_wrap\"><div class=\"heading-text el-text\" ><h2 class=\"h2\" ><span>Performance athl\u00e9tique courageuse<\/span><\/h2><div class=\"text-lead text-top-reduced\"><p>Chez Brave Athletic Performance, notre mission est de favoriser le d\u00e9veloppement des joueurs de hockey d&#039;\u00e9lite. Nous nous engageons \u00e0 aider les athl\u00e8tes \u00e0 se fixer des objectifs, \u00e0 les atteindre et \u00e0 poursuivre leur progression gr\u00e2ce \u00e0 un programme d&#039;entra\u00eenement de haut niveau.<\/p>\n<\/div><\/div><div class=\"clear\"><\/div><\/div><span class=\"btn-container\" ><a role=\"button\"  href=\"https:\/\/braveathleticperformance.com\/\" class=\"custom-link btn border-width-0 btn-accent btn-circle btn-icon-left\" target=\"_blank\">POUR PLUS D&#039;INFORMATIONS<\/a><\/span><div class=\"empty-space empty-half\" ><span class=\"empty-space-inner\"><\/span><\/div>\n<\/div><\/div><\/div><\/div><\/div><\/div><\/div><\/div><\/div><\/div><\/div><\/div><\/div><script id=\"script-row-unique-2\" data-row=\"script-row-unique-2\" type=\"text\/javascript\" class=\"vc_controls\">UNCODE.initRow(document.getElementById(\"row-unique-2\"));<\/script><\/div><\/div><\/div><div data-parent=\"true\" class=\"vc_row style-accent-bg row-container has-dividers\" id=\"row-unique-3\"><div class=\"uncode-divider-wrap uncode-divider-wrap-top z_index_0 uncode-divider-relative uncode-divider-flip\" style=\"height: 108px;\" data-height=\"108\" data-unit=\"px\"><svg version=\"1.1\" class=\"uncode-row-divider uncode-row-divider-tilt\" x=\"0px\" y=\"0px\" width=\"240px\" height=\"24px\" viewbox=\"0 0 240 24\" enable-background=\"new 0 0 240 24\" xml:space=\"preserve\" preserveaspectratio=\"none\">\n\t\t<path fill=\"#c92228\" d=\"M240,24V0L0,24H240z\"\/>\n\t\t<\/svg><\/div><div class=\"row one-top-padding single-bottom-padding single-h-padding full-width row-parent\"><div class=\"wpb_row row-inner\"><div class=\"wpb_column pos-top pos-center align_center column_parent col-lg-12 single-internal-gutter\"><div class=\"uncol style-dark\"  ><div class=\"uncoltable\"><div class=\"uncell\" ><div class=\"uncont no-block-padding col-custom-width\" style=\" max-width:1200px;\" ><div class=\"vc_row row-internal row-container\"><div class=\"row row-child\"><div class=\"wpb_row row-inner\"><div class=\"wpb_column pos-middle pos-center align_center column_child col-lg-12 half-internal-gutter\"><div class=\"uncol style-dark animate_when_almost_visible zoom-in\" data-delay=\"200\"><div class=\"uncoltable\"><div class=\"uncell no-block-padding  unradius-xs\" ><div class=\"uncont\" ><div class=\"vc_custom_heading_wrap\"><div class=\"heading-text el-text curtain animate_inner_when_almost_visible el-text-split heading-lines\" data-delay=\"200\"><h3 class=\"fontsize-155944 fontspace-781688 font-obs translation-block\" data-style=\"italic\" data-weight=\"600\" data-font=\"Roboto\"><i><span class=\"heading-text-inner\"><span class=\"heading-line-wrap\"><span class=\"split-word word1 first-highlight\" style=\"z-index: 7\"><span class=\"split-word-flow\"><span class=\"split-word-inner animate_when_parent_almost_visible text-bottom-t-top start_animation\" data-delay=\"200\" data-speed=\"400\">Besoin<\/span><\/span><span class=\"heading-text-highlight-inner style-color-632047-bg\" style=\"height: 20%;bottom: 0.2em\"><\/span><\/span><span class=\"split-word word2\" style=\"z-index: 6\"><span class=\"split-word-flow\"><span class=\"split-word-inner split-empty-inner animate_when_parent_almost_visible text-bottom-t-top start_animation\" data-delay=\"200\" data-speed=\"400\"><span class=\"split-word-empty\">\u00a0<\/span>de<\/span><\/span><span class=\"heading-text-highlight-inner style-color-632047-bg\" style=\"height: 20%;bottom: 0.2em\"><\/span><\/span><span class=\"split-word word3\" style=\"z-index: 5\"><span class=\"split-word-flow\"><span class=\"split-word-inner split-empty-inner animate_when_parent_almost_visible text-bottom-t-top start_animation\" data-delay=\"200\" data-speed=\"400\"><span class=\"split-word-empty\">\u00a0<\/span>conseils<\/span><\/span><span class=\"heading-text-highlight-inner style-color-632047-bg\" style=\"height: 20%;bottom: 0.2em\"><\/span><\/span><span class=\"split-word word4\" style=\"z-index: 4\"><span class=\"split-word-flow\"><span class=\"split-word-inner split-empty-inner animate_when_parent_almost_visible text-bottom-t-top start_animation\" data-delay=\"200\" data-speed=\"400\"><span class=\"split-word-empty\">\u00a0<\/span>pour<\/span><\/span><span class=\"heading-text-highlight-inner style-color-632047-bg\" style=\"height: 20%;bottom: 0.2em\"><\/span><\/span><span class=\"split-word word5\" style=\"z-index: 3\"><span class=\"split-word-flow\"><span class=\"split-word-inner split-empty-inner animate_when_parent_almost_visible text-bottom-t-top start_animation\" data-delay=\"200\" data-speed=\"400\"><span class=\"split-word-empty\">\u00a0<\/span>trouver<\/span><\/span><span class=\"heading-text-highlight-inner style-color-632047-bg\" style=\"height: 20%;bottom: 0.2em\"><\/span><\/span><span class=\"split-word word6\" style=\"z-index: 2\"><span class=\"split-word-flow\"><span class=\"split-word-inner split-empty-inner animate_when_parent_almost_visible text-bottom-t-top start_animation\" data-delay=\"200\" data-speed=\"400\"><span class=\"split-word-empty\">\u00a0<\/span>un<\/span><\/span><span class=\"heading-text-highlight-inner style-color-632047-bg\" style=\"height: 20%;bottom: 0.2em\"><\/span><\/span><span class=\"split-word word7 last-highlight\" style=\"z-index: 1\"><span class=\"split-word-flow\"><span class=\"split-word-inner split-empty-inner animate_when_parent_almost_visible text-bottom-t-top anim-tot-checker start_animation\" data-delay=\"200\" data-speed=\"400\"><span class=\"split-word-empty\">\u00a0<\/span>programme?<\/span><\/span><span class=\"heading-text-highlight-inner style-color-632047-bg\" style=\"height: 20%;bottom: 0.2em\"><\/span><\/span><\/span><\/span><\/i><\/h3><\/div><div class=\"clear\"><\/div><\/div><div class=\"empty-space empty-single\" ><span class=\"empty-space-inner\"><\/span><\/div>\n<span class=\"btn-container btn-inline\" ><a role=\"button\"  href=\"mailto: info@atlantichockeygroup.com\" class=\"custom-link btn btn-xl btn-custom-typo font-762333 font-weight-800 text-initial fontspace-210350 border-width-2 btn-text-skin btn-color-jevc btn-round btn-italic btn-icon-left\">ENVOYEZ-NOUS UN EMAIL<\/a><\/span><div class=\"empty-space empty-single\" ><span class=\"empty-space-inner\"><\/span><\/div>\n<\/div><\/div><\/div><\/div><\/div><\/div><\/div><\/div><\/div><\/div><\/div><\/div><\/div><script id=\"script-row-unique-3\" data-row=\"script-row-unique-3\" type=\"text\/javascript\" class=\"vc_controls\">UNCODE.initRow(document.getElementById(\"row-unique-3\"));<\/script><\/div><\/div><\/div><div data-parent=\"true\" class=\"vc_row row-container\" id=\"row-unique-4\"><div class=\"row one-top-padding single-bottom-padding single-h-padding full-width row-parent\"><div class=\"wpb_row row-inner\"><div class=\"wpb_column pos-top pos-center align_center column_parent col-lg-12 single-internal-gutter\"><div class=\"uncol style-dark\"  ><div class=\"uncoltable\"><div class=\"uncell\" ><div class=\"uncont no-block-padding col-custom-width\" style=\" max-width:1200px;\" ><div class=\"vc_row row-internal row-container\"><div class=\"row row-child\"><div class=\"wpb_row row-inner\"><div class=\"wpb_column pos-middle pos-center align_center column_child col-lg-12 half-internal-gutter\"><div class=\"uncol style-dark animate_when_almost_visible zoom-in\" data-delay=\"200\"><div class=\"uncoltable\"><div class=\"uncell no-block-padding  unradius-xs\" ><div class=\"uncont\" ><div class=\"empty-space empty-single\" ><span class=\"empty-space-inner\"><\/span><\/div>\n<\/div><\/div><\/div><\/div><\/div><\/div><\/div><\/div><\/div><\/div><\/div><\/div><\/div><script id=\"script-row-unique-4\" data-row=\"script-row-unique-4\" type=\"text\/javascript\" class=\"vc_controls\">UNCODE.initRow(document.getElementById(\"row-unique-4\"));<\/script><\/div><\/div><\/div>\n<\/div>","protected":false},"excerpt":{"rendered":"Programs&nbsp;tailored&nbsp;for&nbsp;ELITE&nbsp;levels&nbsp;of&nbsp;skill. EXPERIENCED COACHESOur coaches come from the ranks of university, junior, high school, and minor hockey teams. PLAYER GROWTHWe focus [...]","protected":false},"author":3,"featured_media":0,"parent":0,"menu_order":0,"comment_status":"closed","ping_status":"closed","template":"","meta":{"_monsterinsights_skip_tracking":false,"_monsterinsights_sitenote_active":false,"_monsterinsights_sitenote_note":"","_monsterinsights_sitenote_category":0,"footnotes":""},"class_list":["post-99470","page","type-page","status-publish","hentry"],"_links":{"self":[{"href":"https:\/\/atlantichockeygroup.com\/fr\/wp-json\/wp\/v2\/pages\/99470","targetHints":{"allow":["GET"]}}],"collection":[{"href":"https:\/\/atlantichockeygroup.com\/fr\/wp-json\/wp\/v2\/pages"}],"about":[{"href":"https:\/\/atlantichockeygroup.com\/fr\/wp-json\/wp\/v2\/types\/page"}],"author":[{"embeddable":true,"href":"https:\/\/atlantichockeygroup.com\/fr\/wp-json\/wp\/v2\/users\/3"}],"replies":[{"embeddable":true,"href":"https:\/\/atlantichockeygroup.com\/fr\/wp-json\/wp\/v2\/comments?post=99470"}],"version-history":[{"count":0,"href":"https:\/\/atlantichockeygroup.com\/fr\/wp-json\/wp\/v2\/pages\/99470\/revisions"}],"wp:attachment":[{"href":"https:\/\/atlantichockeygroup.com\/fr\/wp-json\/wp\/v2\/media?parent=99470"}],"curies":[{"name":"wp","href":"https:\/\/api.w.org\/{rel}","templated":true}]}}