{"id":99972,"date":"2025-10-23T17:14:08","date_gmt":"2025-10-23T17:14:08","guid":{"rendered":"https:\/\/atlantichockeygroup.com\/?page_id=99972"},"modified":"2025-10-23T17:26:04","modified_gmt":"2025-10-23T17:26:04","slug":"online-training-with-dr-craig-slaunwhite","status":"publish","type":"page","link":"https:\/\/atlantichockeygroup.com\/fr\/online-training-with-dr-craig-slaunwhite\/","title":{"rendered":"Formation en ligne avec le Dr Craig Slaunwhite"},"content":{"rendered":"<div class=\"wpb-content-wrapper\"><div data-parent=\"true\" class=\"vc_row row-container\" id=\"row-unique-0\"><div class=\"row limit-width row-parent\"><div class=\"wpb_row row-inner\"><div class=\"wpb_column pos-middle pos-center align_left column_parent col-lg-12 single-internal-gutter\"><div class=\"uncol style-light\"  ><div class=\"uncoltable\"><div class=\"uncell no-block-padding\" ><div class=\"uncont\" ><div class=\"empty-space empty-single\" ><span class=\"empty-space-inner\"><\/span><\/div>\n<div class=\"vc_custom_heading_wrap\"><div class=\"heading-text el-text\" ><h1 class=\"h1\" ><span>Entra\u00eenez-vous comme les pros avec le Dr Craig Slaunwhite<\/span><\/h1><\/div><div class=\"clear\"><\/div><\/div><div class=\"uncode_text_column\" ><\/p>\n<p data-start=\"338\" data-end=\"562\">Le Groupe de Hockey Atlantique est fier de s&#039;associer \u00e0 <strong data-start=\"385\" data-end=\"409\">Dr Craig Slaunwhite<\/strong>, l&#039;un des plus grands experts mondiaux en mati\u00e8re de performance sportive d&#039;\u00e9lite, pour apporter <strong data-start=\"486\" data-end=\"534\">Programmes de musculation et de conditionnement physique de niveau LNH<\/strong> directement aux athl\u00e8tes de l&#039;AHG.<\/p>\n<p data-start=\"564\" data-end=\"889\">Depuis plus de 15 ans, le Dr Slaunwhite travaille avec des organisations professionnelles, notamment <strong data-start=\"655\" data-end=\"728\">Panthers de la Floride, Jets de Winnipeg, Kings de Sacramento, SKA St. Petersburg<\/strong>, et bien d&#039;autres. Il a form\u00e9 plus de <strong data-start=\"765\" data-end=\"808\">1 000 athl\u00e8tes professionnels et olympiques<\/strong> dans la LNH, la NBA, la KHL, la MLB, la PGA, la LPGA et les \u00e9quipes nationales du monde entier.<\/p>\n<p data-start=\"891\" data-end=\"1283\">D\u00e9sormais, gr\u00e2ce \u00e0 ce partenariat sp\u00e9cial, les membres de l&#039;AHG peuvent acc\u00e9der aux m\u00eames <strong data-start=\"962\" data-end=\"997\">syst\u00e8mes de formation fond\u00e9s sur des donn\u00e9es probantes<\/strong> utilis\u00e9 par les meilleurs joueurs professionnels \u2014 d\u00e9livr\u00e9 par le Dr Slaunwhite <strong data-start=\"1068\" data-end=\"1096\">application de formation interactive<\/strong>Le programme propose des s\u00e9ances d&#039;entra\u00eenement personnalis\u00e9es bas\u00e9es sur des applications qui permettent aux athl\u00e8tes de s&#039;entra\u00eener n&#039;importe o\u00f9, n&#039;importe quand, tout en recevant les conseils d&#039;experts et la motivation continue du Dr Slaunwhite lui-m\u00eame.<\/p>\n<p>\n<\/div><div class=\"uncode-single-media  text-center\"><div class=\"single-wrapper\" style=\"max-width: 85%;\"><div class=\"tmb tmb-light  tmb-media-first tmb-media-last tmb-content-overlay tmb-no-bg\"><div class=\"t-inside\"><div class=\"t-entry-visual\"><div class=\"t-entry-visual-tc\"><div class=\"uncode-single-media-wrapper\"><img decoding=\"async\" class=\"wp-image-99960\" src=\"https:\/\/atlantichockeygroup.com\/wp-content\/uploads\/2025\/10\/grey-white-abstract-webinar-facebook-cover-2.png\" width=\"1640\" height=\"924\" alt=\"\" srcset=\"https:\/\/atlantichockeygroup.com\/wp-content\/uploads\/2025\/10\/grey-white-abstract-webinar-facebook-cover-2.png 1640w, https:\/\/atlantichockeygroup.com\/wp-content\/uploads\/2025\/10\/grey-white-abstract-webinar-facebook-cover-2-300x169.png 300w, https:\/\/atlantichockeygroup.com\/wp-content\/uploads\/2025\/10\/grey-white-abstract-webinar-facebook-cover-2-1024x577.png 1024w, https:\/\/atlantichockeygroup.com\/wp-content\/uploads\/2025\/10\/grey-white-abstract-webinar-facebook-cover-2-768x433.png 768w, https:\/\/atlantichockeygroup.com\/wp-content\/uploads\/2025\/10\/grey-white-abstract-webinar-facebook-cover-2-1536x865.png 1536w, https:\/\/atlantichockeygroup.com\/wp-content\/uploads\/2025\/10\/grey-white-abstract-webinar-facebook-cover-2-18x10.png 18w, https:\/\/atlantichockeygroup.com\/wp-content\/uploads\/2025\/10\/grey-white-abstract-webinar-facebook-cover-2-350x197.png 350w\" sizes=\"(max-width: 1640px) 100vw, 1640px\" \/><\/div>\n\t\t\t\t\t<\/div>\n\t\t\t\t<\/div><\/div><\/div><\/div><\/div><\/div><\/div><\/div><\/div><\/div><script id=\"script-row-unique-0\" data-row=\"script-row-unique-0\" type=\"text\/javascript\" class=\"vc_controls\">UNCODE.initRow(document.getElementById(\"row-unique-0\"));<\/script><\/div><\/div><\/div><div data-parent=\"true\" class=\"vc_row row-container\" id=\"row-unique-1\"><div class=\"row limit-width row-parent\"><div class=\"wpb_row row-inner\"><div class=\"wpb_column pos-top pos-center align_left column_parent col-lg-12 single-internal-gutter\"><div class=\"uncol style-light\"  ><div class=\"uncoltable\"><div class=\"uncell no-block-padding\" ><div class=\"uncont\" ><div class=\"vc_custom_heading_wrap\"><div class=\"heading-text el-text\" ><h2 class=\"h2\" ><span>Trois niveaux de programmes de formation<\/span><\/h2><\/div><div class=\"clear\"><\/div><\/div><div class=\"uncode_text_column\" ><\/p>\n<p data-start=\"1333\" data-end=\"1475\">Chaque programme est con\u00e7u en fonction du niveau d&#039;exp\u00e9rience d&#039;un athl\u00e8te et peut \u00eatre achet\u00e9 <strong data-start=\"1419\" data-end=\"1454\">avec ou sans coaching direct<\/strong> du Dr Slaunwhite.<\/p>\n<h4 data-start=\"1477\" data-end=\"1530\"><strong data-start=\"1482\" data-end=\"1530\">Niveau 1 \u2013 Fondements de la force et du mouvement<\/strong><\/h4>\n<p data-start=\"1531\" data-end=\"1748\">Id\u00e9al pour les athl\u00e8tes d\u00e9butants en musculation et conditionnement physique. Ce programme d\u00e9veloppe la posture, la mobilit\u00e9 et la technique gr\u00e2ce \u00e0 deux s\u00e9ances de 30 minutes par semaine, r\u00e9alisables \u00e0 domicile avec un minimum d&#039;\u00e9quipement.<\/p>\n<h4 data-start=\"1750\" data-end=\"1797\"><strong data-start=\"1755\" data-end=\"1797\">Niveau 2 \u2013 D\u00e9veloppement de la force et de la puissance<\/strong><\/h4>\n<p data-start=\"1798\" data-end=\"2034\">Destin\u00e9 aux joueurs ayant au moins un an d&#039;exp\u00e9rience en entra\u00eenement, ce niveau pr\u00e9sente la musculation et la musculation pour d\u00e9velopper en toute s\u00e9curit\u00e9 force, puissance et vitesse. Il comprend trois s\u00e9ances hebdomadaires \u00e0 r\u00e9aliser \u00e0 domicile ou en salle de sport.<\/p>\n<h4 data-start=\"2036\" data-end=\"2081\"><strong data-start=\"2041\" data-end=\"2081\">Niveau 3 \u2013 Entra\u00eenement de performance d&#039;\u00e9lite<\/strong><\/h4>\n<p data-start=\"2082\" data-end=\"2304\">Con\u00e7u pour les athl\u00e8tes confirm\u00e9s ayant au moins deux ans d&#039;exp\u00e9rience en entra\u00eenement, ce programme reproduit des routines de niveau professionnel avec quatre s\u00e9ances par semaine ax\u00e9es sur la force, la vitesse et la r\u00e9cup\u00e9ration. L&#039;acc\u00e8s \u00e0 une salle de sport est recommand\u00e9.<\/p>\n<p>\n<\/div><\/div><\/div><\/div><\/div><\/div><script id=\"script-row-unique-1\" data-row=\"script-row-unique-1\" type=\"text\/javascript\" class=\"vc_controls\">UNCODE.initRow(document.getElementById(\"row-unique-1\"));<\/script><\/div><\/div><\/div><div data-parent=\"true\" class=\"vc_row row-container\" id=\"row-unique-2\"><div class=\"row limit-width row-parent\"><div class=\"wpb_row row-inner\"><div class=\"wpb_column pos-top pos-center align_left column_parent col-lg-12 single-internal-gutter\"><div class=\"uncol style-light\"  ><div class=\"uncoltable\"><div class=\"uncell no-block-padding\" ><div class=\"uncont\" ><div class=\"vc_custom_heading_wrap\"><div class=\"heading-text el-text\" ><h2 class=\"h2\" ><span>Pourquoi s&#039;entra\u00eener avec le Dr Slaunwhite ?<\/span><\/h2><\/div><div class=\"clear\"><\/div><\/div><div class=\"uncode_text_column\" ><\/p>\n<blockquote data-start=\"2350\" data-end=\"2699\">\n<p data-start=\"2352\" data-end=\"2699\">Tout au long de ma carri\u00e8re, j&#039;ai souhait\u00e9 aider davantage d&#039;athl\u00e8tes, notamment les jeunes, mais j&#039;\u00e9tais limit\u00e9 par les d\u00e9placements et les engagements de l&#039;\u00e9quipe. Mon application me permet d\u00e9sormais d&#039;entra\u00eener n&#039;importe qui, n&#039;importe o\u00f9, en proposant la m\u00eame qualit\u00e9 professionnelle \u00e0 un prix bien inf\u00e9rieur, sans avoir \u00e0 me d\u00e9placer ni \u00e0 r\u00e9server de s\u00e9ances en pr\u00e9sentiel.<br data-start=\"2670\" data-end=\"2673\" \/>\u2014 <em data-start=\"2677\" data-end=\"2699\">Dr Craig Slaunwhite<\/em><\/p>\n<\/blockquote>\n<p data-start=\"2701\" data-end=\"2844\">La formation bas\u00e9e sur des applications offre une flexibilit\u00e9 in\u00e9gal\u00e9e, des instructions d&#039;experts et des r\u00e9sultats mesurables, le tout dans le confort de votre maison ou de votre salle de sport locale.<\/p>\n<p>\n<\/div><\/div><\/div><\/div><\/div><\/div><script id=\"script-row-unique-2\" data-row=\"script-row-unique-2\" type=\"text\/javascript\" class=\"vc_controls\">UNCODE.initRow(document.getElementById(\"row-unique-2\"));<\/script><\/div><\/div><\/div><div data-parent=\"true\" class=\"vc_row row-container\" id=\"row-unique-3\"><div class=\"row limit-width row-parent\"><div class=\"wpb_row row-inner\"><div class=\"wpb_column pos-top pos-center align_left column_parent col-lg-12 single-internal-gutter\"><div class=\"uncol style-light\"  ><div class=\"uncoltable\"><div class=\"uncell no-block-padding\" ><div class=\"uncont\" ><div class=\"vc_custom_heading_wrap\"><div class=\"heading-text el-text\" ><h2 class=\"h2\" ><span>Offre exclusive pour les membres AHG<\/span><\/h2><\/div><div class=\"clear\"><\/div><\/div><div class=\"uncode_text_column\" ><\/p>\n<p data-start=\"2891\" data-end=\"2994\">Les athl\u00e8tes de l&#039;AHG re\u00e7oivent <strong data-start=\"2912\" data-end=\"2945\">15% de r\u00e9duction sur tous les programmes de formation<\/strong> en utilisant le code de r\u00e9duction <strong data-start=\"2970\" data-end=\"2979\">AHG15<\/strong> \u00e0 la caisse.<\/p>\n<p data-start=\"2996\" data-end=\"3122\">\ud83d\udc49 <a class=\"decorated-link\" href=\"https:\/\/www.trainerize.me\/profile\/drslaunwhite\/Dr.Craig.Slaunwhite\/\" target=\"_new\" rel=\"noopener\" data-start=\"2999\" data-end=\"3120\"><strong data-start=\"3000\" data-end=\"3050\">Commencez avec l&#039;application de formation du Dr Slaunwhite<\/strong><\/a><\/p>\n<p data-start=\"3124\" data-end=\"3225\">Pour plus d&#039;informations sur le Dr Slaunwhite, visitez <a class=\"decorated-link\" href=\"https:\/\/drslaunwhite.com\/\" target=\"_new\" rel=\"noopener\" data-start=\"3173\" data-end=\"3222\"><strong data-start=\"3174\" data-end=\"3194\">drslaunwhite.com<\/strong><\/a>.<\/p>\n<p>\n<\/div><div class=\"empty-space empty-double\" ><span class=\"empty-space-inner\"><\/span><\/div>\n<\/div><\/div><\/div><\/div><\/div><script id=\"script-row-unique-3\" data-row=\"script-row-unique-3\" type=\"text\/javascript\" class=\"vc_controls\">UNCODE.initRow(document.getElementById(\"row-unique-3\"));<\/script><\/div><\/div><\/div>\n<\/div>","protected":false},"excerpt":{"rendered":"Train Like the Pros with Dr. Craig SlaunwhiteThe Atlantic Hockey Group is proud to partner with Dr. Craig Slaunwhite, one [...]","protected":false},"author":3,"featured_media":0,"parent":0,"menu_order":0,"comment_status":"closed","ping_status":"closed","template":"","meta":{"_monsterinsights_skip_tracking":false,"_monsterinsights_sitenote_active":false,"_monsterinsights_sitenote_note":"","_monsterinsights_sitenote_category":0,"footnotes":""},"class_list":["post-99972","page","type-page","status-publish","hentry"],"_links":{"self":[{"href":"https:\/\/atlantichockeygroup.com\/fr\/wp-json\/wp\/v2\/pages\/99972","targetHints":{"allow":["GET"]}}],"collection":[{"href":"https:\/\/atlantichockeygroup.com\/fr\/wp-json\/wp\/v2\/pages"}],"about":[{"href":"https:\/\/atlantichockeygroup.com\/fr\/wp-json\/wp\/v2\/types\/page"}],"author":[{"embeddable":true,"href":"https:\/\/atlantichockeygroup.com\/fr\/wp-json\/wp\/v2\/users\/3"}],"replies":[{"embeddable":true,"href":"https:\/\/atlantichockeygroup.com\/fr\/wp-json\/wp\/v2\/comments?post=99972"}],"version-history":[{"count":0,"href":"https:\/\/atlantichockeygroup.com\/fr\/wp-json\/wp\/v2\/pages\/99972\/revisions"}],"wp:attachment":[{"href":"https:\/\/atlantichockeygroup.com\/fr\/wp-json\/wp\/v2\/media?parent=99972"}],"curies":[{"name":"wp","href":"https:\/\/api.w.org\/{rel}","templated":true}]}}